{"id":10014,"date":"2014-04-23T10:43:32","date_gmt":"2014-04-23T10:43:32","guid":{"rendered":"http:\/\/thetlawfirm.com\/testimonials-2\/"},"modified":"2015-05-25T09:41:53","modified_gmt":"2015-05-25T09:41:53","slug":"testimonios","status":"publish","type":"page","link":"https:\/\/thetlawfirm.com\/es\/testimonios\/","title":{"rendered":"Testimonios"},"content":{"rendered":"<div class=\"row \"><div class=\"wpv-grid grid-1-1  wpv-first-level first unextended animation-from-bottom animated-active\" style=\"padding-top:0px;padding-bottom:0px\" id=\"wpv-column-4adb82c45b7cc81bc374fe7580391bce\" >\t\t<h2 class=\"text-divider-double\">\t\t\t\u00bfQu\u00e9 dicen nuestros clientes?\t\t<\/h2>\t\t<div class=\"sep\"><\/div>\t<div class=\"vamtam-cubeportfolio cbp cbp-slider-edge vamtam-testimonials-slider\" data-options=\"{&quot;layoutMode&quot;:&quot;slider&quot;,&quot;drag&quot;:true,&quot;auto&quot;:true,&quot;autoTimeout&quot;:5000,&quot;autoPauseOnHover&quot;:true,&quot;showNavigation&quot;:false,&quot;showPagination&quot;:true,&quot;rewindNav&quot;:true,&quot;scrollByPage&quot;:false,&quot;gridAdjustment&quot;:&quot;responsive&quot;,&quot;mediaQueries&quot;:[{&quot;width&quot;:1,&quot;cols&quot;:1}],&quot;gapHorizontal&quot;:0,&quot;gapVertical&quot;:0,&quot;caption&quot;:&quot;&quot;,&quot;displayType&quot;:&quot;default&quot;}\"><div class=\"cbp-item\"><blockquote class='clearfix small simple'><div class=\"quote-thumbnail\"><strong class='quote-title'><span class='the-title'>MITCH RODRIGUEZ &#8211; Vice President, Brickell Travel Management<\/span><\/strong><\/div><div class='quote-text'><div class=\"quote-content\"><div class=\"vamtam-font-style-1 with-color\"> Lo recomendamos encarecidamente. <\/div>\r\n<span class='icon shortcode   use-hover' style='font-size:20px !important;color:#C7A95F;'>&#57864;<\/span>\u00a0<span class='icon shortcode   use-hover' style='font-size:20px !important;color:#C7A95F;'>&#57864;<\/span>\u00a0<span class='icon shortcode   use-hover' style='font-size:20px !important;color:#C7A95F;'>&#57864;<\/span>\u00a0<span class='icon shortcode   use-hover' style='font-size:20px !important;color:#C7A95F;'>&#57864;<\/span>\u00a0<span class='icon shortcode   use-hover' style='font-size:20px !important;color:#C7A95F;'>&#57864;<\/span>\r\n\r\nActualmente estamos ampliando nuestras operaciones en varios pa\u00edses de Am\u00e9rica Latina y necesit\u00e1bamos una empresa que podr\u00eda ayudar r\u00e1pidamente crear una serie de acuerdos legales con diferentes socios claves para nuestras nuevas operaciones. The Transactional Law Firm of Florida fue capaz de proporcionar r\u00e1pidamente asesoramiento jur\u00eddico y crear varios acuerdos internacionales para ayudar a minimizar los riesgos involucrados y nos permiti\u00f3 seguir adelante con nuestros plazos previstos. Tambi\u00e9n nos han ayudado internamente, como hemos crecido muy r\u00e1pidamente con asesoramiento jur\u00eddico clave para ayudarnos a gestionar los riesgos con nuestro personal, as\u00ed como otros proveedores y prestadores. El abogado de The Transactional Law Firm of Florida puede ayudar a cualquier empresa a evitar errores que podr\u00edan representar millones de d\u00f3lares en p\u00e9rdidas. Les recomendamos encarecidamente.<\/div><\/div><\/blockquote>\n<\/div><div class=\"cbp-item\"><blockquote class='clearfix small simple'><div class=\"quote-thumbnail\"><strong class='quote-title'><span class='the-title'>PATRICIO &#038; ANABEL CASTILLA &#8211; Small Business Owners<\/span><\/strong><\/div><div class='quote-text'><div class=\"quote-content\"><div class=\"vamtam-font-style-1 with-color\"> Eficiente, Profesional, Amable, lo recomiendo encarecidamente.<\/div><br>\r\n\r\n<span class='icon shortcode   use-hover' style='font-size:20px !important;color:#C7A95F;'>&#57864;<\/span>\u00a0<span class='icon shortcode   use-hover' style='font-size:20px !important;color:#C7A95F;'>&#57864;<\/span>\u00a0<span class='icon shortcode   use-hover' style='font-size:20px !important;color:#C7A95F;'>&#57864;<\/span>\u00a0<span class='icon shortcode   use-hover' style='font-size:20px !important;color:#C7A95F;'>&#57864;<\/span>\u00a0<span class='icon shortcode   use-hover' style='font-size:20px !important;color:#C7A95F;'>&#57864;<\/span>\r\n\r\nF. Antonio Calero era muy eficiente a la hora de poner mis contratos juntos. Como propietario de un negocio estaba preocupado por lo que se debe incluir en mis contratos. Antonio me acompa\u00f1\u00f3 a trav\u00e9s del proceso y puso mis preocupaciones a gusto. \u00c9l fue muy amable, profesional y siempre disponible para responder mis preguntas y educarme en el proceso. \u00c9l era muy detallado al revisar mi contrato y se asegur\u00f3 de que preste especial atenci\u00f3n a todos los detalles. \u00c9l explic\u00f3 todos los aspectos de legalidad del contrato y discutido todas mis opciones disponibles y los posibles resultados. Lo recomiendo encarecidamente a cualquiera.<\/div><\/div><\/blockquote>\n<\/div><div class=\"cbp-item\"><blockquote class='clearfix small simple'><div class=\"quote-thumbnail\"><strong class='quote-title'><span class='the-title'>CARLOS PATINO &#8211; Logistics Manager<\/span><\/strong><\/div><div class='quote-text'><div class=\"quote-content\"><div class=\"vamtam-font-style-1 with-color\"> Amable, Profesional y Honesto.  <\/div>\r\n<span class='icon shortcode   use-hover' style='font-size:20px !important;color:#C7A95F;'>&#57864;<\/span>\u00a0<span class='icon shortcode   use-hover' style='font-size:20px !important;color:#C7A95F;'>&#57864;<\/span>\u00a0<span class='icon shortcode   use-hover' style='font-size:20px !important;color:#C7A95F;'>&#57864;<\/span>\u00a0<span class='icon shortcode   use-hover' style='font-size:20px !important;color:#C7A95F;'>&#57864;<\/span>\u00a0<span class='icon shortcode   use-hover' style='font-size:20px !important;color:#C7A95F;'>&#57864;<\/span>\r\n\r\nEl trabajo del Sr. Calero es \u00fanico en su clase. \u00c9l fue concreto y sincero con su asesoramiento. Nos hizo sentir como si el Sr. Calero era parte de nuestra familia. Yo no recomendar\u00eda a nadie m\u00e1s. El ser amable, tener profesionalidad y honestidad son muy dif\u00edciles de encontrar y el Sr. Calero representa todos!<\/div><\/div><\/blockquote>\n<\/div><div class=\"cbp-item\"><blockquote class='clearfix small simple'><div class='quote-text'><div class=\"quote-content\"><div class=\"vamtam-font-style-1 with-color\">Definitivamente volveremos a usar sus servicios en un futuro.<\/div><br>\r\n&nbsp;\r\n\r\n<span class='icon shortcode   use-hover' style='font-size:20px !important;color:#C7A95F;'>&#57864;<\/span>\u00a0<span class='icon shortcode   use-hover' style='font-size:20px !important;color:#C7A95F;'>&#57864;<\/span>\u00a0<span class='icon shortcode   use-hover' style='font-size:20px !important;color:#C7A95F;'>&#57864;<\/span>\u00a0<span class='icon shortcode   use-hover' style='font-size:20px !important;color:#C7A95F;'>&#57864;<\/span>\u00a0<span class='icon shortcode   use-hover' style='font-size:20px !important;color:#C7A95F;'>&#57864;<\/span>\r\n\r\nMi esposa y yo tenemos una empresa peque\u00f1a y est\u00e1bamos teniendo problemas con el due\u00f1o de la propiedad comercial. Consultamos con el Dr. Calero y \u00e9l fue extremadamente servicial y profesional en el manejo de nuestras preocupaciones. \u00c9l es muy eficiente y respondi\u00f3 r\u00e1pidamente a nuestros e-mails y llamadas telef\u00f3nicas y nos hizo sentir que nuestro caso era su prioridad. Sin ninguna duda volveremos a usar sus servicios en un futuro.\r\n<div class=\"only-title\"><strong class='quote-title'><span class='the-title'>ALELI LAURIA-PADIN &#8211; Farm To Kitchen<\/span><\/strong><\/div><\/div><\/div><\/blockquote>\n<\/div><\/div><\/div><\/div>\n","protected":false},"excerpt":{"rendered":"<p>Definitivamente volveremos a usar sus servicios en un futuro. &nbsp; \u00a0\u00a0\u00a0\u00a0 Mi esposa y yo tenemos una empresa peque\u00f1a y est\u00e1bamos teniendo problemas con el due\u00f1o de la propiedad comercial. Consultamos con el Dr. Calero y \u00e9l fue extremadamente servicial y profesional en el manejo de nuestras preocupaciones. \u00c9l es muy eficiente y respondi\u00f3 r\u00e1pidamente&#8230;<\/p>\n","protected":false},"author":1,"featured_media":0,"parent":0,"menu_order":0,"comment_status":"open","ping_status":"open","template":"guestbook.php","meta":{"footnotes":""},"class_list":["post-10014","page","type-page","status-publish","hentry"],"aioseo_notices":[],"_links":{"self":[{"href":"https:\/\/thetlawfirm.com\/es\/wp-json\/wp\/v2\/pages\/10014","targetHints":{"allow":["GET"]}}],"collection":[{"href":"https:\/\/thetlawfirm.com\/es\/wp-json\/wp\/v2\/pages"}],"about":[{"href":"https:\/\/thetlawfirm.com\/es\/wp-json\/wp\/v2\/types\/page"}],"author":[{"embeddable":true,"href":"https:\/\/thetlawfirm.com\/es\/wp-json\/wp\/v2\/users\/1"}],"replies":[{"embeddable":true,"href":"https:\/\/thetlawfirm.com\/es\/wp-json\/wp\/v2\/comments?post=10014"}],"version-history":[{"count":2,"href":"https:\/\/thetlawfirm.com\/es\/wp-json\/wp\/v2\/pages\/10014\/revisions"}],"predecessor-version":[{"id":10342,"href":"https:\/\/thetlawfirm.com\/es\/wp-json\/wp\/v2\/pages\/10014\/revisions\/10342"}],"wp:attachment":[{"href":"https:\/\/thetlawfirm.com\/es\/wp-json\/wp\/v2\/media?parent=10014"}],"curies":[{"name":"wp","href":"https:\/\/api.w.org\/{rel}","templated":true}]}}