{"id":10138,"date":"2014-05-28T00:23:46","date_gmt":"2014-05-28T00:23:46","guid":{"rendered":"http:\/\/thetlawfirm.com\/?page_id=10138"},"modified":"2015-06-09T12:00:00","modified_gmt":"2015-06-09T12:00:00","slug":"antonio-calero","status":"publish","type":"page","link":"https:\/\/thetlawfirm.com\/es\/antonio-calero\/","title":{"rendered":"F. Antonio Calero, J.D."},"content":{"rendered":"<div class=\"row \"><div class=\"wpv-grid grid-1-3  wpv-first-level first has-background unextended\" style=\"\n\t\t\t\tbackground: url( 'https:\/\/thetlawfirm.com\/wp-content\/uploads\/2014\/05\/11042014Fidel_Calero014_3.jpg' ) no-repeat right center;\n\t\t\t\tbackground-size: auto;\n\t\t\tpadding-top:400px;padding-bottom:0px\" id=\"wpv-column-83607ce9b473724a0c4fdfb7e8aa2c9a\" ><\/div>\n<div class=\"wpv-grid grid-1-3 add-border wpv-first-level unextended\" style=\"padding-top:20px;padding-bottom:15px\" id=\"wpv-column-5cf77f0fa1042e9c496a6006146f7ea9\" ><div class=\"row \"><div class=\"wpv-grid grid-1-1  first unextended animation-fade-in animated-active\" style=\"padding-top:0px;padding-bottom:0px\" id=\"wpv-column-9896f9ad6807aebeea9bed6d2b6a38fc\" ><h4 style=\"padding-left: 20px;\">CONT\u00c1CTANOS<\/h4>\n<p style=\"padding-left: 20px;\">Tel: 1.877.900.8522<br \/>\nFax: 305.239.8770<br \/>\n<a href=\"mailto:calero@thetlawfirm.com\">calero@TheTLawFirm.com<\/a><br \/>\n<a href=\"http:\/\/www.thetlawfirm.com\">www.TheTLawFirm.com<\/a><\/p>\n<p style=\"padding-left: 20px;\"><a href=\"https:\/\/www.facebook.com\/TheTLawFirm\"> <span class='icon shortcode   use-hover' style='font-size:16px !important;color:#C7A95F;'>&#58155;<\/span><\/a>\u00a0 <a href=\"https:\/\/twitter.com\/thetlawfirm\"><span class='icon shortcode   use-hover' style='font-size:16px !important;color:#C7A95F;'>&#58159;<\/span><\/a><br \/>\n<div class=\"push\" style='height:10px'><\/div>\n<h4 style=\"padding-left: 20px;\">AREAS DE PRACTICA<\/h4>\n<p style=\"padding-left: 20px;\"><a href=\"https:\/\/thetlawfirm.com\/es\/leyes-corporativas-y-leyes-empresariales\/\">Leyes Corporativas y Leyes Empresariales \u2192<\/a><br \/>\n<a href=\"https:\/\/thetlawfirm.com\/es\/leyes-inmobiliarias\/\">Leyes Inmobiliarias \u2192<\/a><br \/>\n<a href=\"https:\/\/thetlawfirm.com\/es\/ley-de-inmigracion\/\">Leyes de Inmigraci\u00f3n \u2192<\/a><br \/>\n<a href=\"https:\/\/thetlawfirm.com\/es\/ley-de-bancarrota\/\">https:\/\/thetlawfirm.com\/es\/ley-de-bancarrota\/ \u2192<\/a><br \/>\n<a href=\"https:\/\/thetlawfirm.com\/es\/ley-familiar\/\">Leyes Familiares \u2192<\/a><br \/>\n<a href=\"https:\/\/thetlawfirm.com\/es\/ley-de-lesiones-personales\/\">Leyes para Accidentes Personales \u2192<\/a><br \/>\n<a href=\"https:\/\/thetlawfirm.com\/es\/ley-de-mediacion\/\">Mediaci\u00f3n \u2192<\/a><br \/>\n<a href=\"https:\/\/thetlawfirm.com\/es\/otras-leyes\/\">Otras \u00e1reas \u2192<\/a><br \/>\n<div class=\"push\" style='height:10px'><\/div><\/div><\/div><\/div><\/div>\n<div class=\"push\" style='height:50px'><\/div>\n<div class=\"clearfix dropcap-wrapper\"><div class=\"dropcap-left\"><span class='dropcap1 '>C<\/span><\/div><div class=\"dropcap-text\">URRICULUM VITAE.<\/div> <\/div><div class=\"push\" style='height:20px'><\/div>Antonio Calero, el fundador y abogado de la firma legal de Transacciones de la Florida, PLLC, es un abogado con \u00e9xito en varias ramas de la ley. El Dr. Calero ha sido consultor de varias empresas en diferentes industrias en el \u00e1rea de asuntos contractuales en un entorno centrado en el cliente.<\/p>\n<p>Antonio naci\u00f3 en Colombia y se mud\u00f3 a los Estados Unidos a la edad de 10 a\u00f1os. En 1999, Antonio obtuvo su bachillerato en Miami Beach Senior High School gradu\u00e1ndose con honores. En el a\u00f1o 2003, Antonio obtuvo su Licenciatura en la Universidad de St. Thomas en el \u00e1rea de justicia criminal.<\/p>\n<p>En el a\u00f1o 2007, obtuvo su Maestr\u00eda en Administraci\u00f3n de Empresas (MBA, por sus siglas en ingles) en la Universidad Nova Southeastern. Luego de obtener el grado de Maestr\u00eda, Antonio continu\u00f3 su Doctorado (JD) en la Universidad de Florida A &amp; M Facultad de Derecho (2011).<\/p>\n<p>As\u00ed mismo, Antonio cuenta con varias certificaciones. Antonio tiene un Certificado de licenciatura en Seguridad Nacional y Terrorismo (Universidad de St. Thomas 2003), y otra en Certificaci\u00f3n de la Corte Suprema de la Florida como Mediador del Condado (2013). Su experiencia laboral de m\u00e1s de 10 a\u00f1os en el \u00e1rea de educaci\u00f3n y finanzas ha permitido al Dr. Calero exponer su conocimiento en dichas \u00e1reas a nivel nacional.<\/p>\n<p>As\u00ed mismo algunos de los lugares que el Dr. Calero ha expuesto han sido en los eventos de entidades gubernamentales, y en Universidades de todos los Estados Unidos. En el a\u00f1o 2014, el Dr. Calero fue invitado por Miami Dade College para ser el conferencista principal en la Ceremonia de Becas y Excelencia Acad\u00e9mica en dicha universidad.<\/p>\n<p>Antonio cree en devolver a la comunidad y es un defensor de la educaci\u00f3n y la motivaci\u00f3n de los menos afortunados. Habla con fluidez el espa\u00f1ol y es un abogado con licencia de la Florida.<\/p>\n<div class=\"push\" style='height:20px'><\/div>\n<h3>ESTUDIOS UNIVERSITARIOS<\/h3>\n<p>Florida A&amp;M College of Law, J.D., 2011<br \/>\nNova Southeastern University, M.B.A., 2007<br \/>\nSt. Thomas University, 2003<br \/>\n<div class=\"push\" style='height:20px'><\/div>\n<h3>CERTIFICACIONES<\/h3>\n<p>Licensed Florida Attorney<br \/>\nSupreme Court of Florida, 2014<\/p>\n<p>Certified County Mediator<br \/>\nSupreme Court of Florida, 2013<\/p>\n<p>Homeland Security\/Terrorism<br \/>\nSt. Thomas University, 2003<br \/>\n<div class=\"push\" style='height:20px'><\/div>\n<h3>MEMBRES\u00cdAS<\/h3>\n<p>The Florida Bar<br \/>\nThe Florida Bar (Real Property, Probate Section)<br \/>\nThe Florida Bar (Business Law Section)<br \/>\nBroward Bar Association<br \/>\nMiami Dade Bar Association<br \/>\nAmerican Bar Association<br \/>\nHispanic National Bar Association<br \/>\nAmerican Immigration Lawyers Associations (National)<br \/>\nAmerican Immigration Lawyers Associations (South Florida Chapter)<\/p>\n<div class=\"row \"><div class=\"wpv-grid grid-1-1  wpv-first-level first unextended animation-from-bottom animated-active\" style=\"padding-top:15px;padding-bottom:60px\" id=\"wpv-column-3601e7426a9d1b2de69f17dc845c9168\" >\t\t<div class=\"sep-text single centered\">\n\t\t\t\t\t\t\t<span class=\"sep-text-before\"><div class=\"sep-text-line\"><\/div><\/span>\n\t\t\t\t\t\t<div class=\"content\">\n\t\t\t\t<h2 class=\"text-divider-double\">CONT\u00c1CTAME<\/h2>\t\t\t<\/div>\n\t\t\t<span class=\"sep-text-after\"><div class=\"sep-text-line\"><\/div><\/span>\n\t\t\t\t\t<\/div>\n\t<div class=\"push\" style='height:10px'><\/div>\n<p>\n<div class=\"wpcf7 no-js\" id=\"wpcf7-f10273-o1\" lang=\"\" dir=\"ltr\" data-wpcf7-id=\"10273\">\n<div class=\"screen-reader-response\"><p role=\"status\" aria-live=\"polite\" aria-atomic=\"true\"><\/p> <ul><\/ul><\/div>\n<form action=\"\/es\/wp-json\/wp\/v2\/pages\/10138#wpcf7-f10273-o1\" method=\"post\" class=\"wpcf7-form init\" aria-label=\"Formulario de contacto\" novalidate=\"novalidate\" data-status=\"init\">\n<div style=\"display: none;\">\n<input type=\"hidden\" name=\"_wpcf7\" value=\"10273\" \/>\n<input type=\"hidden\" name=\"_wpcf7_version\" value=\"6.0.6\" \/>\n<input type=\"hidden\" name=\"_wpcf7_locale\" value=\"\" \/>\n<input type=\"hidden\" name=\"_wpcf7_unit_tag\" value=\"wpcf7-f10273-o1\" \/>\n<input type=\"hidden\" name=\"_wpcf7_container_post\" value=\"0\" \/>\n<input type=\"hidden\" name=\"_wpcf7_posted_data_hash\" value=\"\" \/>\n<\/div>\n<div class=\"row\">\n\t<div class=\"grid-1-3\">\n\t\t<p><span class=\"wpcf7-form-control-wrap\" data-name=\"Name\"><input size=\"40\" maxlength=\"400\" class=\"wpcf7-form-control wpcf7-text wpcf7-validates-as-required\" aria-required=\"true\" aria-invalid=\"false\" placeholder=\"Nombre\" value=\"\" type=\"text\" name=\"Name\" \/><\/span>\n\t\t<\/p>\n\t<\/div>\n\t<div class=\"grid-1-3\">\n\t\t<p><span class=\"wpcf7-form-control-wrap\" data-name=\"E-mail\"><input size=\"40\" maxlength=\"400\" class=\"wpcf7-form-control wpcf7-text wpcf7-validates-as-required\" aria-required=\"true\" aria-invalid=\"false\" placeholder=\"E-mail\" value=\"\" type=\"text\" name=\"E-mail\" \/><\/span>\n\t\t<\/p>\n\t<\/div>\n\t<div class=\"grid-1-3\">\n\t\t<p><span class=\"wpcf7-form-control-wrap\" data-name=\"Phone\"><input size=\"40\" maxlength=\"400\" class=\"wpcf7-form-control wpcf7-text\" aria-invalid=\"false\" placeholder=\"Tel\u00e9fono\" value=\"\" type=\"text\" name=\"Phone\" \/><\/span>\n\t\t<\/p>\n\t<\/div>\n\t<div class=\"grid-1-1\">\n\t\t<p><span class=\"wpcf7-form-control-wrap\" data-name=\"Message\"><textarea cols=\"40\" rows=\"7\" maxlength=\"2000\" class=\"wpcf7-form-control wpcf7-textarea wpcf7-validates-as-required\" aria-required=\"true\" aria-invalid=\"false\" placeholder=\"Su mensaje...\" name=\"Message\"><\/textarea><\/span>\n\t\t<\/p>\n\t<\/div>\n\t<div class=\"grid-1-1\">\n\t\t<p><input class=\"wpcf7-form-control wpcf7-submit has-spinner\" type=\"submit\" value=\"Enviar \u2192\" \/>\n\t\t<\/p>\n\t<\/div>\n<\/div><div class=\"wpcf7-response-output\" aria-hidden=\"true\"><\/div>\n<\/form>\n<\/div>\n<\/div><\/div>\n","protected":false},"excerpt":{"rendered":"<p>CONT\u00c1CTANOS Tel: 1.877.900.8522 Fax: 305.239.8770 calero@TheTLawFirm.com www.TheTLawFirm.com \u00a0 AREAS DE PRACTICA Leyes Corporativas y Leyes Empresariales \u2192 Leyes Inmobiliarias \u2192 Leyes de Inmigraci\u00f3n \u2192 https:\/\/thetlawfirm.com\/es\/ley-de-bancarrota\/ \u2192 Leyes Familiares \u2192 Leyes para Accidentes Personales \u2192 Mediaci\u00f3n \u2192 Otras \u00e1reas \u2192 Antonio Calero, el fundador y abogado de la firma legal de Transacciones de la Florida, PLLC,&#8230;<\/p>\n","protected":false},"author":1,"featured_media":0,"parent":0,"menu_order":0,"comment_status":"closed","ping_status":"closed","template":"","meta":{"footnotes":""},"class_list":["post-10138","page","type-page","status-publish","hentry"],"aioseo_notices":[],"_links":{"self":[{"href":"https:\/\/thetlawfirm.com\/es\/wp-json\/wp\/v2\/pages\/10138","targetHints":{"allow":["GET"]}}],"collection":[{"href":"https:\/\/thetlawfirm.com\/es\/wp-json\/wp\/v2\/pages"}],"about":[{"href":"https:\/\/thetlawfirm.com\/es\/wp-json\/wp\/v2\/types\/page"}],"author":[{"embeddable":true,"href":"https:\/\/thetlawfirm.com\/es\/wp-json\/wp\/v2\/users\/1"}],"replies":[{"embeddable":true,"href":"https:\/\/thetlawfirm.com\/es\/wp-json\/wp\/v2\/comments?post=10138"}],"version-history":[{"count":14,"href":"https:\/\/thetlawfirm.com\/es\/wp-json\/wp\/v2\/pages\/10138\/revisions"}],"predecessor-version":[{"id":10413,"href":"https:\/\/thetlawfirm.com\/es\/wp-json\/wp\/v2\/pages\/10138\/revisions\/10413"}],"wp:attachment":[{"href":"https:\/\/thetlawfirm.com\/es\/wp-json\/wp\/v2\/media?parent=10138"}],"curies":[{"name":"wp","href":"https:\/\/api.w.org\/{rel}","templated":true}]}}