{"id":9942,"date":"2014-07-04T10:06:07","date_gmt":"2014-07-04T10:06:07","guid":{"rendered":"http:\/\/thetlawfirm.com\/practice-areas-2\/"},"modified":"2015-06-08T11:57:36","modified_gmt":"2015-06-08T11:57:36","slug":"areas-de-practica","status":"publish","type":"page","link":"https:\/\/thetlawfirm.com\/es\/areas-de-practica\/","title":{"rendered":"Areas de Practica"},"content":{"rendered":"<div class=\"row \"><div class=\"wpv-grid grid-1-4 add-border wpv-first-level first unextended\" style=\"padding-top:0px;padding-bottom:0px\" id=\"wpv-column-29273c047b18b3386cd147dad55a0fe6\" >\n<div  data-target=\"_self\" class=\"linkarea clearfix   background-transparent\">\n\t\t\t<div class=\"first\"><span class='icon shortcode theme  use-hover' style='font-size:56px !important;color:#C7A95F;'>&#57430;<\/span><\/div>\n\t\t\t\t<div class=\"last\"><a href=\"\/?page_id=9624\"><br \/>\n<\/a><\/p>\n<h3 style=\"text-align: center;\"><a href=\"https:\/\/thetlawfirm.com\/es\/leyes-corporativas-y-leyes-empresariales\/\">LEYES CORPORATIVAS Y LEYES EMPRESARIALES<\/a><\/h3>\n<p style=\"text-align: center;\">Una situaci\u00f3n legal puede surgir en cualquier momento y nos encantar\u00eda ser parte de su compa\u00f1\u00eda para protegerlo, asesorarlo, y aconsejarlo cuando llegue ese momento.<\/p>\n<div class=\"push\" style='margin-bottom:-20px'><\/div> <div class=\"sep-2\"><\/div>\n<ul>\n<li><span class=\"vamtam-font-style-2\">Formaci\u00f3n de Negocios<\/span><\/li>\n<li><span class=\"vamtam-font-style-2\">Asesoramiento en el \u00e1rea de Recursos Humanos <\/span><\/li>\n<li><span class=\"vamtam-font-style-2\">Asesoramiento de Formaci\u00f3n Empresarial <\/span><\/li>\n<li><span class=\"vamtam-font-style-2\">An\u00e1lisis e Investigaci\u00f3n Jur\u00eddica<\/span><\/li>\n<li><span class=\"vamtam-font-style-2\">Consultor\u00eda de Negocios<\/span><\/li>\n<li><span class=\"vamtam-font-style-2\">Auditor\u00eda Legal<\/span><\/li>\n<li><span class=\"vamtam-font-style-2\">Asesoramiento Legal<\/span><\/li>\n<\/ul>\n<div class=\"push\" style='height:30px'><\/div> <p class=\"textcenter\"><a href=\"https:\/\/thetlawfirm.com\/es\/leyes-corporativas-y-leyes-empresariales\/\" target=\"_self\" style='font-size: 14px;' class=\"button vamtam-button accent4  button-border hover-accent2 \"><span class=\"btext\">VER TODO \u2192<\/span><\/a><\/p> <div class=\"push\" style='height:20px'><\/div><\/div>\n\t<\/div><\/div>\n<div class=\"wpv-grid grid-1-4 add-border wpv-first-level unextended\" style=\"padding-top:0px;padding-bottom:0px\" id=\"wpv-column-60bfa234cf2839448e523901f968f29d\" >\n<div  data-target=\"_self\" class=\"linkarea clearfix   background-transparent\">\n\t\t\t<div class=\"first\"><span class='icon shortcode theme  use-hover' style='font-size:56px !important;color:#C7A95F;'>&#57430;<\/span><\/div>\n\t\t\t\t<div class=\"last\"><a href=\"\/?page_id=9661\"><br \/>\n<\/a><\/p>\n<h3 style=\"text-align: center;\"><a href=\"https:\/\/thetlawfirm.com\/es\/leyes-inmobiliarias\/\">LEYES INMOBILIARIAS<\/a><\/h3>\n<p style=\"text-align: center;\">El \u00e1rea de Bienes Ra\u00edces puede parecer sencilla y f\u00e1cil de navegar. Pero por el contrario, esta \u00e1rea es compleja e incluso a menudo complicada hasta para el profesional de bienes ra\u00edces con experiencia.<\/p>\n<div class=\"push\" style='margin-bottom:-20px'><\/div> <div class=\"sep-2\"><\/div>\n<ul>\n<li><span class=\"vamtam-font-style-2\"> Transacciones de Bienes Ra\u00edces<\/span><\/li>\n<li><span class=\"vamtam-font-style-2\"> Servicios de Seguros de T\u00edtulo Inmobiliarios<\/span><\/li>\n<li><span class=\"vamtam-font-style-2\"> Representaci\u00f3n de Asociaciones de Condominios y Propietarios <\/span><\/li>\n<li><span class=\"vamtam-font-style-2\"> Landlord\/Tenant Law<\/span><\/li>\n<li><span class=\"vamtam-font-style-2\"> Representaci\u00f3n Legal en la Ejecuci\u00f3n Hipotecaria y en la Venta al Descubierto<\/span><\/li>\n<\/ul>\n<div class=\"push\" style='height:30px'><\/div> <p class=\"textcenter\"><a href=\"https:\/\/thetlawfirm.com\/es\/leyes-inmobiliarias\/\" target=\"_self\" style='font-size: 14px;' class=\"button vamtam-button accent4  button-border hover-accent2 \"><span class=\"btext\">VER TODO \u2192<\/span><\/a><\/p> <div class=\"push\" style='height:40px'><\/div><\/div>\n\t<\/div><\/div>\n<div class=\"wpv-grid grid-1-4 add-border wpv-first-level unextended\" style=\"padding-top:0px;padding-bottom:0px\" id=\"wpv-column-e6e55193fe834420fd80bb77e21db667\" >\n<div  data-target=\"_self\" class=\"linkarea clearfix   background-transparent\">\n\t\t\t<div class=\"first\"><span class='icon shortcode theme  use-hover' style='font-size:56px !important;color:#C7A95F;'>&#57430;<\/span><\/div>\n\t\t\t\t<div class=\"last\"><a href=\"\/?page_id=9668\"><br \/>\n<\/a><\/p>\n<h3 style=\"text-align: center;\"><a href=\"https:\/\/thetlawfirm.com\/es\/ley-de-inmigracion\/\">LEY DE INMIGRACI\u00d3N<\/a><\/h3>\n<p style=\"text-align: center;\">El proceso de inmigraci\u00f3n no es tan f\u00e1cil como muchos dicen. La ley de inmigraci\u00f3n es compleja y si no se siguen los pasos adecuados usted puede tener graves consecuencias a largo plazo.<\/p>\n<div class=\"push\" style='margin-bottom:-20px'><\/div> <div class=\"sep-2\"><\/div>\n<ul>\n<li><span class=\"vamtam-font-style-2\"> Inmigraci\u00f3n Familiar <\/span><\/li>\n<li><span class=\"vamtam-font-style-2\"> Ciudadan\u00eda- Residencia Permanente<\/span><\/li>\n<li><span class=\"vamtam-font-style-2\"> Ajuste de Estatus<\/span><\/li>\n<li><span class=\"vamtam-font-style-2\"> Extenci\u00f3n de la Visa Americana<\/span><\/li>\n<li><span class=\"vamtam-font-style-2\"> Consultas sobre el Proceso Consular de Visas<\/span><\/li>\n<li><span class=\"vamtam-font-style-2\"> Asilo Pol\u00edtico y Refugiado<\/span><\/li>\n<\/ul>\n<div class=\"push\" style='height:30px'><\/div> <p class=\"textcenter\"><a href=\"https:\/\/thetlawfirm.com\/es\/ley-de-inmigracion\/\" target=\"_self\" style='font-size: 14px;' class=\"button vamtam-button accent4  button-border hover-accent2 \"><span class=\"btext\">VER TODO \u2192<\/span><\/a><\/p> <div class=\"push\" style='height:20px'><\/div><\/div>\n\t<\/div><\/div>\n<div class=\"wpv-grid grid-1-4 add-border wpv-first-level unextended\" style=\"padding-top:0px;padding-bottom:0px\" id=\"wpv-column-2d5ed45c788ac644ebc324694a5d9ade\" >\n<div  data-target=\"_self\" class=\"linkarea clearfix   background-transparent\">\n\t\t\t<div class=\"first\"><span class='icon shortcode theme  use-hover' style='font-size:56px !important;color:#C7A95F;'>&#57430;<\/span><\/div>\n\t\t\t\t<div class=\"last\"><a href=\"\/?page_id=9671\"><br \/>\n<\/a><\/p>\n<h3 style=\"text-align: center;\"><a href=\"https:\/\/thetlawfirm.com\/es\/ley-de-inmigracion\/\">LEY DE BANCARROTA<\/a><\/h3>\n<p style=\"text-align: center;\">Hay soluciones legales para ayudarle a tomar el control de su bienestar financiero. Nosotros le ayudaremos con sus inquietudes financieras y tambi\u00e9n le ayudaremos a parar el acoso de acreedores.<\/p>\n<div class=\"push\" style='margin-bottom:-20px'><\/div> <div class=\"sep-2\"><\/div>\n<ul>\n<li><span class=\"vamtam-font-style-2\">Consultor\u00eda financiera<\/span><\/li>\n<li><span class=\"vamtam-font-style-2\">Bancarrota de Cap\u00edtulo 7 (Individual o Colectivo) <\/span><\/li>\n<li><span class=\"vamtam-font-style-2\">Representaci\u00f3n Legal y el Punto de Contacto con sus Acreedores <\/span><\/li>\n<li><span class=\"vamtam-font-style-2\">An\u00e1lisis Financiero de Empresas <\/span><\/li>\n<li><span class=\"vamtam-font-style-2\">Representaci\u00f3n Legal en la Corte<\/span><\/li>\n<li><span class=\"vamtam-font-style-2\">Bancarrota de Empresas Peque\u00f1as <\/span><\/li>\n<li><span class=\"vamtam-font-style-2\">Bancarrota y Divorcio<\/span><\/li>\n<\/ul>\n<div class=\"push\" style='height:30px'><\/div> <p class=\"textcenter\"><a href=\"https:\/\/thetlawfirm.com\/es\/ley-de-inmigracion\/\" target=\"_self\" style='font-size: 14px;' class=\"button vamtam-button accent4  button-border hover-accent2 \"><span class=\"btext\">VER TODO \u2192<\/span><\/a><\/p> <div class=\"push\" style='height:50px'><\/div><\/div>\n\t<\/div><\/div><\/div>\n<div class=\"row \"><div class=\"wpv-grid grid-1-4 add-border wpv-first-level first unextended\" style=\"padding-top:0px;padding-bottom:0px\" id=\"wpv-column-78c5050c3892f4c256a652416f5b2949\" >\n<div  data-target=\"_self\" class=\"linkarea clearfix   background-transparent\">\n\t\t\t<div class=\"first\"><span class='icon shortcode theme  use-hover' style='font-size:56px !important;color:#C7A95F;'>&#57430;<\/span><\/div>\n\t\t\t\t<div class=\"last\"><a href=\"\/?page_id=9674\"><br \/>\n<\/a><\/p>\n<h3 style=\"text-align: center;\"><a href=\"https:\/\/thetlawfirm.com\/es\/ley-familiar\/\">LEY FAMILIAR<\/a><\/h3>\n<p style=\"text-align: center;\">Los aspectos legales familiares son complejos y requieren de un abogado que este a su lado durante el proceso.<\/p>\n<div class=\"push\" style='margin-bottom:-20px'><\/div> <div class=\"sep-2\"><\/div>\n<ul>\n<li><span class=\"vamtam-font-style-2\">Acuerdos Pre \/ Post Matrimonial<\/span><\/li>\n<li><span class=\"vamtam-font-style-2\">Divisi\u00f3n de Propiedades y Deudas <\/span><\/li>\n<li><span class=\"vamtam-font-style-2\">Peticiones de Paternidad<\/span><\/li>\n<li><span class=\"vamtam-font-style-2\">Divorcio Mutuo o Impugnado<\/span><\/li>\n<li><span class=\"vamtam-font-style-2\">Asesoramiento de Planes de Crianza de Menores<\/span><\/li>\n<li><span class=\"vamtam-font-style-2\">Modificaci\u00f3n de Pensi\u00f3n Alimenticia<\/span><\/li>\n<li><span class=\"vamtam-font-style-2\">Custodia y Derecho de Visita de Menores<\/span><\/li>\n<\/ul>\n<div class=\"push\" style='height:30px'><\/div> <p class=\"textcenter\"><a href=\"https:\/\/thetlawfirm.com\/es\/ley-familiar\/\" target=\"_self\" style='font-size: 14px;' class=\"button vamtam-button accent4  button-border hover-accent2 \"><span class=\"btext\">VER TODO \u2192<\/span><\/a><\/p> <div class=\"push\" style='height:20px'><\/div><\/div>\n\t<\/div><\/div>\n<div class=\"wpv-grid grid-1-4 add-border wpv-first-level unextended\" style=\"padding-top:0px;padding-bottom:0px\" id=\"wpv-column-352765ac54525996c6009959ce61b112\" >\n<div  data-target=\"_self\" class=\"linkarea clearfix   background-transparent\">\n\t\t\t<div class=\"first\"><span class='icon shortcode theme  use-hover' style='font-size:56px !important;color:#C7A95F;'>&#57430;<\/span><\/div>\n\t\t\t\t<div class=\"last\"><h3 style=\"text-align: center;\"><a href=\"https:\/\/thetlawfirm.com\/es\/ley-de-lesiones-personales\/\">LEY DE LESIONES PERSONALES<\/a><\/h3>\n<p style=\"text-align: center;\">Estar en un accidente de auto puede ser una experiencia desagradable ya que tambi\u00e9n puede tener ramificaciones financieras y legales. Asegur\u00e1ndose una representaci\u00f3n legal solida a su lado es una decisi\u00f3n importante que debe hacer.<\/p>\n<div class=\"push\" style='margin-bottom:-20px'><\/div> <div class=\"sep-2\"><\/div> <div class=\"push\" style='height:30px'><\/div> <p class=\"textcenter\"><a href=\"https:\/\/thetlawfirm.com\/es\/ley-de-lesiones-personales\/\" target=\"_self\" style='font-size: 14px;' class=\"button vamtam-button accent4  button-border hover-accent2 \"><span class=\"btext\">VER TODO \u2192<\/span><\/a><\/p> <div class=\"push\" style='height:20px'><\/div><\/div>\n\t<\/div><\/div>\n<div class=\"wpv-grid grid-1-4 add-border wpv-first-level unextended\" style=\"padding-top:0px;padding-bottom:0px\" id=\"wpv-column-b4a7ae9fdcf4b3d27270ea2ca349f294\" >\n<div  data-target=\"_self\" class=\"linkarea clearfix   background-transparent\">\n\t\t\t<div class=\"first\"><span class='icon shortcode theme  use-hover' style='font-size:56px !important;color:#C7A95F;'>&#57430;<\/span><\/div>\n\t\t\t\t<div class=\"last\"><a href=\"\/?page_id=9730\"><br \/>\n<\/a><\/p>\n<h3 style=\"text-align: center;\"><a href=\"https:\/\/thetlawfirm.com\/es\/ley-de-mediacion\/\">LEY DE MEDIACI\u00d3N<\/a><\/h3>\n<p style=\"text-align: center;\">Un gran mediador es uno que no s\u00f3lo tiene experiencia sino que tambi\u00e9n tiene un verdadero deseo de llegar a un resultado favorable para su cliente de una manera eficiente y eficaz. La paciencia y el tiempo son tambi\u00e9n un componente clave para resolver una disputa sin ir a juicio.<\/p>\n<div class=\"push\" style='margin-bottom:-20px'><\/div> <div class=\"sep-2\"><\/div> <div class=\"push\" style='height:30px'><\/div> <p class=\"textcenter\"><a href=\"https:\/\/thetlawfirm.com\/es\/ley-de-mediacion\/\" target=\"_self\" style='font-size: 14px;' class=\"button vamtam-button accent4  button-border hover-accent2 \"><span class=\"btext\">VER TODO \u2192<\/span><\/a><\/p> <div class=\"push\" style='height:20px'><\/div><\/div>\n\t<\/div><\/div>\n<div class=\"wpv-grid grid-1-4 add-border wpv-first-level unextended\" style=\"padding-top:0px;padding-bottom:0px\" id=\"wpv-column-b1c426539b0c24cea5d49a731bced975\" >\n<div  data-target=\"_self\" class=\"linkarea clearfix   background-transparent\">\n\t\t\t<div class=\"first\"><span class='icon shortcode theme  use-hover' style='font-size:56px !important;color:#C7A95F;'>&#57430;<\/span><\/div>\n\t\t\t\t<div class=\"last\"><a href=\"\/?page_id=9725\"><br \/>\n<\/a><\/p>\n<h3 style=\"text-align: center;\"><a href=\"https:\/\/thetlawfirm.com\/es\/otras-leyes\/\">OTRAS LEYES<\/a><\/h3>\n<p style=\"text-align: center;\">Hacer que se sienta c\u00f3modo sobre su caso es nuestra prioridad. Por esta raz\u00f3n, nuestra firma ha construido una red de abogados que sin ninguna duda puede trabajar de la mano con nuestra firma para manejar cualquier problema legal que usted pueda enfrentarse. Llame hoy y deje que nuestra firma le gu\u00ede en la direcci\u00f3n correcta.<\/p>\n<div class=\"push\" style='margin-bottom:-20px'><\/div> <div class=\"sep-2\"><\/div> <div class=\"push\" style='height:30px'><\/div> <p class=\"textcenter\"><a href=\"https:\/\/thetlawfirm.com\/es\/otras-leyes\/\" target=\"_self\" style='font-size: 14px;' class=\"button vamtam-button accent4  button-border hover-accent2 \"><span class=\"btext\">VER TODO \u2192<\/span><\/a><\/p> <div class=\"push\" style='height:20px'><\/div><\/div>\n\t<\/div><\/div><\/div>\n<p style=\"text-align: center;\"><div class=\"push\" style='height:30px'><\/div>\n<p style=\"text-align: center;\"><span class=\"vamtam-font-style-1 with-color\">\u201cSoluciones Legales Practicas, Innovadoras, y Modernas.\u201d<\/span><\/p>\n<p style=\"text-align: center;\">\n<p style=\"text-align: center;\"><div class=\"push\" style='height:50px'><\/div>\n","protected":false},"excerpt":{"rendered":"<p>\u201cSoluciones Legales Practicas, Innovadoras, y Modernas.\u201d<\/p>\n","protected":false},"author":1,"featured_media":0,"parent":0,"menu_order":0,"comment_status":"closed","ping_status":"open","template":"","meta":{"footnotes":""},"class_list":["post-9942","page","type-page","status-publish","hentry"],"aioseo_notices":[],"_links":{"self":[{"href":"https:\/\/thetlawfirm.com\/es\/wp-json\/wp\/v2\/pages\/9942","targetHints":{"allow":["GET"]}}],"collection":[{"href":"https:\/\/thetlawfirm.com\/es\/wp-json\/wp\/v2\/pages"}],"about":[{"href":"https:\/\/thetlawfirm.com\/es\/wp-json\/wp\/v2\/types\/page"}],"author":[{"embeddable":true,"href":"https:\/\/thetlawfirm.com\/es\/wp-json\/wp\/v2\/users\/1"}],"replies":[{"embeddable":true,"href":"https:\/\/thetlawfirm.com\/es\/wp-json\/wp\/v2\/comments?post=9942"}],"version-history":[{"count":11,"href":"https:\/\/thetlawfirm.com\/es\/wp-json\/wp\/v2\/pages\/9942\/revisions"}],"predecessor-version":[{"id":9943,"href":"https:\/\/thetlawfirm.com\/es\/wp-json\/wp\/v2\/pages\/9942\/revisions\/9943"}],"wp:attachment":[{"href":"https:\/\/thetlawfirm.com\/es\/wp-json\/wp\/v2\/media?parent=9942"}],"curies":[{"name":"wp","href":"https:\/\/api.w.org\/{rel}","templated":true}]}}