{"id":9946,"date":"2015-03-26T19:41:17","date_gmt":"2015-03-26T19:41:17","guid":{"rendered":"http:\/\/thetlawfirm.com\/corporate-business-law-2\/"},"modified":"2015-05-06T09:24:24","modified_gmt":"2015-05-06T09:24:24","slug":"leyes-corporativas-y-leyes-empresariales","status":"publish","type":"page","link":"https:\/\/thetlawfirm.com\/es\/leyes-corporativas-y-leyes-empresariales\/","title":{"rendered":"Leyes Corporativas y Leyes Empresariales"},"content":{"rendered":"<p><strong><span style=\"text-decoration: underline;\"><em>Servicios de Abogado Corporativo<\/em><\/span><\/strong><\/p>\n<p>\u00bfEst\u00e1 usted empezando con su empresa? \u00bfTiene un negocio peque\u00f1o? \u00bfTiene una compa\u00f1\u00eda grande? No tiene un abogado interno en su compa\u00f1\u00eda que proteja sus intereses? Nosotros entendemos que el precio que cuesta tener un abogado interno no se ajusta a su presupuesto. Sin embargo, independientemente del tama\u00f1o de su compa\u00f1\u00eda y los ingresos que esta genere, es importante tener siempre un abogado que lo pueda asesorar. Dichos beneficios superan enormemente a las que puedan ser las consecuencias negativas al no tener un abogado a su lado. Una situaci\u00f3n legal puede surgir en cualquier momento y nos encantar\u00eda ser parte de su compa\u00f1\u00eda para protegerlo, asesorarlo, y aconsejarlo cuando llegue ese momento. Nuestros planes son flexibles y asequibles a su presupuesto, y usted podr\u00e1 asegurar que su compa\u00f1\u00eda este segura para los pr\u00f3ximos a\u00f1os. Nuestro objetivo es crecer con usted, protegerlo, y estar disponible cuando usted tenga un asunto legal. Perm\u00edtanos evaluar su entidad y darle la tranquilidad que usted se merece. Usted se sorprender\u00e1 de lo asequible que somos.<\/p>\n<p><span style=\"text-decoration: underline;\"><span style=\"text-decoration: underline;\">Servicios Que Ofrecemos<\/span><\/span><\/p>\n<ul>\n<li>Formaci\u00f3n de Negocios<\/li>\n<li>Asesoramiento  de Formaci\u00f3n Empresarial <\/li>\n<li>Consultor\u00eda de Negocios<\/li>\n<li>Asesoramiento Legal<\/li>\n<li>Desarrollo y Revisi\u00f3n de Contratos de Empleo <\/li>\n<li>Mediaci\u00f3n<\/li>\n<li>Negociaci\u00f3n<\/li>\n<\/ul>\n<ul>\n<li>Asesoramiento en el \u00e1rea de Recursos Humanos<\/li>\n<li>An\u00e1lisis e Investigaci\u00f3n Jur\u00eddica<\/li>\n<li>Auditor\u00eda Legal<\/li>\n<li>Desarrollo y Revisi\u00f3n de Contratos<\/li>\n<li>Manejo de Procesos Jur\u00eddicos Internos y Externos con otras Firmas Legales<\/li>\n<li>Opiniones Legales<\/li>\n<\/ul>\n","protected":false},"excerpt":{"rendered":"<p>Servicios de Abogado Corporativo \u00bfEst\u00e1 usted empezando con su empresa? \u00bfTiene un negocio peque\u00f1o? \u00bfTiene una compa\u00f1\u00eda grande? No tiene un abogado interno en su compa\u00f1\u00eda que proteja sus intereses? Nosotros entendemos que el precio que cuesta tener un abogado interno no se ajusta a su presupuesto. Sin embargo, independientemente del tama\u00f1o de su compa\u00f1\u00eda&#8230;<\/p>\n","protected":false},"author":1,"featured_media":0,"parent":0,"menu_order":0,"comment_status":"closed","ping_status":"open","template":"","meta":{"footnotes":""},"class_list":["post-9946","page","type-page","status-publish","hentry"],"aioseo_notices":[],"_links":{"self":[{"href":"https:\/\/thetlawfirm.com\/es\/wp-json\/wp\/v2\/pages\/9946","targetHints":{"allow":["GET"]}}],"collection":[{"href":"https:\/\/thetlawfirm.com\/es\/wp-json\/wp\/v2\/pages"}],"about":[{"href":"https:\/\/thetlawfirm.com\/es\/wp-json\/wp\/v2\/types\/page"}],"author":[{"embeddable":true,"href":"https:\/\/thetlawfirm.com\/es\/wp-json\/wp\/v2\/users\/1"}],"replies":[{"embeddable":true,"href":"https:\/\/thetlawfirm.com\/es\/wp-json\/wp\/v2\/comments?post=9946"}],"version-history":[{"count":1,"href":"https:\/\/thetlawfirm.com\/es\/wp-json\/wp\/v2\/pages\/9946\/revisions"}],"predecessor-version":[{"id":9948,"href":"https:\/\/thetlawfirm.com\/es\/wp-json\/wp\/v2\/pages\/9946\/revisions\/9948"}],"wp:attachment":[{"href":"https:\/\/thetlawfirm.com\/es\/wp-json\/wp\/v2\/media?parent=9946"}],"curies":[{"name":"wp","href":"https:\/\/api.w.org\/{rel}","templated":true}]}}