{"id":9952,"date":"2015-03-29T18:48:27","date_gmt":"2015-03-29T18:48:27","guid":{"rendered":"http:\/\/thetlawfirm.com\/real-estate-law-2\/"},"modified":"2015-05-06T09:25:10","modified_gmt":"2015-05-06T09:25:10","slug":"leyes-inmobiliarias","status":"publish","type":"page","link":"https:\/\/thetlawfirm.com\/es\/leyes-inmobiliarias\/","title":{"rendered":"Leyes Inmobiliarias"},"content":{"rendered":"<p><strong><span style=\"text-decoration: underline;\">Transacciones de Bienes Ra\u00edces<\/span><\/strong><\/p>\n<p>El \u00e1rea de Bienes Ra\u00edces puede parecer sencilla y f\u00e1cil de navegar. Pero por el contrario, esta \u00e1rea es compleja e incluso a menudo complicada hasta para el profesional de bienes ra\u00edces con experiencia. Muchos han visto el tipo de p\u00e9rdidas que se producen cuando un abogado no ha sido parte de la transacci\u00f3n inmobiliaria. Incluso el m\u00e1s peque\u00f1o paso que se d\u00e9 por alto en el proceso le puede costar muy caro. Si usted est\u00e1 comprando una casa o una propiedad comercial es importante contar con un abogado de confianza desde el momento que se haga el contrato hasta el cierre. El trabajo de nuestra firma legal es el de proteger su nueva compra o venta inmobiliaria y asegurarle una operaci\u00f3n f\u00e1cil y eficiente. Por \u00faltimo, tambi\u00e9n le ofrecemos los servicios de seguro de t\u00edtulo en todas sus necesidades de bienes ra\u00edces. Llame hoy y con gusto le asesoraremos con todas sus necesidades de bienes ra\u00edces. Usted se sorprender\u00e1 de lo asequible somos<\/p>\n<p><strong>Servicios Que Ofrecemos<\/strong><\/p>\n<ul>\n<li>Desarrollo Inmobiliario y Consultor\u00eda Financiera<\/li>\n<li>Asesoramiento Legal en su Compra o Venta Inmobiliaria Residencial y Comercial<\/li>\n<li>Servicios Legales en la Finalizaci\u00f3n y Cierre de su Compra Inmobiliaria Residencial y Comercial<\/li>\n<\/ul>\n<ul>\n<li>Servicios de Seguro de T\u00edtulos en su Compra Inmobiliaria <\/li>\n<li>Representaci\u00f3n Legal en la Ejecuci\u00f3n Hipotecaria y en la Venta al Descubierto<\/li>\n<li>Asesoramiento Legal  para las Asociaciones de Condominios y de Propietarios<\/li>\n<\/ul>\n<p><strong><span style=\"text-decoration: underline;\">Servicios de Seguros de T\u00edtulo Inmobiliarios<\/span><\/strong><\/p>\n<p>Las empresas tradicionales de bienes ra\u00edces que ofrecen servicios de seguros de t\u00edtulos tienen establecidas normas que tienen que cumplir en las ventas y compras inmobiliarias.  Como una firma legal de abogados con servicios de seguros de t\u00edtulos en las ventas y compras inmobiliarias, nosotros tambi\u00e9n necesitamos cumplir con las normas de las empresas tradicionales mencionadas.  Aun mas, como una firma legal tenemos la obligaci\u00f3n de ir m\u00e1s all\u00e1 de las normas tradicionales.  Esto es lo que nos hace diferente y m\u00e1s importantes durante los procesos de compra y venta inmobiliarias. Nuestra firma legal ofrece todos los servicios de seguros de t\u00edtulos en sus procesos inmobiliarios en toda la Florida a un precio razonable y le da acceso a un abogado con licenciatura en la Florida.  Tenernos a su lado le dar\u00e1 m\u00e1s tranquilidad sobre su compra. Llame hoy y estaremos encantados de asesorarle en todas sus necesidades de seguros de t\u00edtulo en su compra inmobiliaria y en el cierre de dicha compra. Usted se sorprender\u00e1 de lo asequible que somos.<\/p>\n<p><strong>Servicios Que Ofrecemos<\/strong><\/p>\n<ul>\n<li>Servicios de Seguros de T\u00edtulos Comerciales y Residenciales<\/li>\n<li>Cierres con un Abogado en su Compra Inmobiliaria Residencial y Comercial<\/li>\n<\/ul>\n<ul>\n<li>Asesoramiento Legal en su Compra de Bienes Ra\u00edces Residencial y Comercial<\/li>\n<li>Servicios Bancarios en su Compra Inmobiliaria<\/li>\n<\/ul>\n<p><strong><span style=\"text-decoration: underline;\">Representaci\u00f3n de Asociaciones de Condominios y  de Propietarios<\/span><\/strong><\/p>\n<p>La consulta y representaci\u00f3n con un abogado es un paso importante a tomar para las asociaciones de  condominios y de propietarios. Nuestra firma legal ofrece una amplia gama de servicios a las asociaciones de condominios y propietarios de viviendas. Llame hoy y estaremos encantados de asesorarle en todas sus necesidades legales de las leyes de condominio y asociaci\u00f3n de propietarios. Usted se sorprender\u00e1 de lo asequible que somos.<\/p>\n<p><strong>Sevicios Que Ofrecemos<\/strong><\/p>\n<ul>\n<li>Asesoramiento Legal con Cuentas Morosas en la Asociacion<\/li>\n<li>Asesor Legal<\/li>\n<li>Investigaciones Jur\u00eddicas de la Divisi\u00f3n de Condominio<\/li>\n<\/ul>\n<ul>\n<li>Representaci\u00f3n Legal en Procesos de Ejecuci\u00f3n Hipotecaria<\/li>\n<li>Desarrollo, Revisi\u00f3n y Negociaci\u00f3n de Contratos<\/li>\n<\/ul>\n<p><strong><span style=\"text-decoration: underline;\">Landlord\/Tenant Law<\/span><\/strong><\/p>\n<p>Como propietario y arrendador hay muchas cuestiones legales que pueden surgir.  La protecci\u00f3n de usted y su propiedad es nuestra prioridad.  La firma legal puede redactar y revisar sus contratos de arrendamiento.  Si es necesario, podemos ayudarle a comenzar un proceso de desalojo y tomar las medidas necesarias para cobrar la deuda que se le debe.  Por \u00faltimo, podemos representarlo en una mediaci\u00f3n tribunal y ayudarle a alcanzar un resultado favorable.  Llame hoy y estaremos encantados de asesorarle en todas sus necesidades de la ley de propietarios e inquilinos.  Usted se sorprender\u00e1 de lo asequible que somos.  <\/p>\n<p><strong>Servicios Que Ofrecemos<\/strong><\/p>\n<ul>\n<li>Redaccion de Contratos de Alquiler<\/li>\n<li>Representaci\u00f3n en Mediaciones Tribunales<\/li>\n<li>Collection Processes<\/li>\n<li>Negociaci\u00f3n <\/li>\n<\/ul>\n<ul>\n<li>Revision de Contratos de Alquiler<\/li>\n<li>Asesoramiento Legal en los Procesos de Desalojo<\/li>\n<li>Asesoramiento Legal <\/li>\n<\/ul>\n<p><strong><span style=\"text-decoration: underline;\">Defensa en la Ejecuci\u00f3n Hipotecaria y en la Venta al Descubierto\/Modificaci\u00f3n de Prestamos <\/span><\/strong><\/p>\n<p>\u00bfEst\u00e1 perdiendo su casa? \u00bfNo le alcanza su dinero para pagar su hipoteca? Podemos ayudarle y no es demasiado tarde para que usted pueda defenderse.  Podemos ayudarle a modificar su pr\u00e9stamo. Podemos ayudarle a obtener una s\u00f3lida base financiera con acuerdos de indulgencia.  Si es necesario, podemos ayudarle con un fallo de deficiencia, en la venta por ejecuci\u00f3n hipotecaria, en una escritura en lugar de ejecuci\u00f3n de hipoteca, y las ventas al descubierto.  Cada persona tiene diferentes necesidades, consulte con nosotros para ver qu\u00e9 curso de acci\u00f3n ser\u00eda lo mejor para usted.  Llame hoy y estaremos encantados de asesorarle en todas sus necesidades de bienes ra\u00edces.  Usted se sorprender\u00e1 de lo asequible que somos.  <\/p>\n<p><strong>Servicios Que Ofrecemos<\/strong><\/p>\n<ul>\n<li>Defensa en la Ejecuci\u00f3n Hipotecaria<\/li>\n<li>Modificaciones de Pr\u00e9stamos Hipotecarios <\/li>\n<li>Asesoramiento en Escrituras en lugar de Ejecuci\u00f3n Hipotecaria<\/li>\n<li>Asesoramiento en la Venta al Descubierto<\/li>\n<li>Asesoramiento Legal<\/li>\n<\/ul>\n<ul>\n<li>Negociaciones Legales<\/li>\n<li>Acuerdos de Indulgencia<\/li>\n<li>Deficiency Judgment Consultation<\/li>\n<li>Mediaci\u00f3n<\/li>\n<\/ul>\n","protected":false},"excerpt":{"rendered":"<p>Transacciones de Bienes Ra\u00edces El \u00e1rea de Bienes Ra\u00edces puede parecer sencilla y f\u00e1cil de navegar. Pero por el contrario, esta \u00e1rea es compleja e incluso a menudo complicada hasta para el profesional de bienes ra\u00edces con experiencia. Muchos han visto el tipo de p\u00e9rdidas que se producen cuando un abogado no ha sido parte&#8230;<\/p>\n","protected":false},"author":1,"featured_media":0,"parent":0,"menu_order":0,"comment_status":"closed","ping_status":"open","template":"","meta":{"footnotes":""},"class_list":["post-9952","page","type-page","status-publish","hentry"],"aioseo_notices":[],"_links":{"self":[{"href":"https:\/\/thetlawfirm.com\/es\/wp-json\/wp\/v2\/pages\/9952","targetHints":{"allow":["GET"]}}],"collection":[{"href":"https:\/\/thetlawfirm.com\/es\/wp-json\/wp\/v2\/pages"}],"about":[{"href":"https:\/\/thetlawfirm.com\/es\/wp-json\/wp\/v2\/types\/page"}],"author":[{"embeddable":true,"href":"https:\/\/thetlawfirm.com\/es\/wp-json\/wp\/v2\/users\/1"}],"replies":[{"embeddable":true,"href":"https:\/\/thetlawfirm.com\/es\/wp-json\/wp\/v2\/comments?post=9952"}],"version-history":[{"count":1,"href":"https:\/\/thetlawfirm.com\/es\/wp-json\/wp\/v2\/pages\/9952\/revisions"}],"predecessor-version":[{"id":9954,"href":"https:\/\/thetlawfirm.com\/es\/wp-json\/wp\/v2\/pages\/9952\/revisions\/9954"}],"wp:attachment":[{"href":"https:\/\/thetlawfirm.com\/es\/wp-json\/wp\/v2\/media?parent=9952"}],"curies":[{"name":"wp","href":"https:\/\/api.w.org\/{rel}","templated":true}]}}