{"id":9956,"date":"2015-03-30T12:08:05","date_gmt":"2015-03-30T12:08:05","guid":{"rendered":"http:\/\/thetlawfirm.com\/immigration-law-2\/"},"modified":"2015-05-06T09:25:38","modified_gmt":"2015-05-06T09:25:38","slug":"ley-de-inmigracion","status":"publish","type":"page","link":"https:\/\/thetlawfirm.com\/es\/ley-de-inmigracion\/","title":{"rendered":"Ley de Inmigraci\u00f3n"},"content":{"rendered":"<p>El fundador y abogado de la firma legal conoce la importancia de lograr un estatus legal en los Estados Unidos. Como inmigrante Colombiano, el fundador y abogado pas\u00f3 por todos los procesos inmigratorios hasta por fin alcanzar el mayor regalo de todos, la Ciudadan\u00eda Americana. El proceso de inmigraci\u00f3n no es tan f\u00e1cil como muchos dicen. La ley de inmigraci\u00f3n es compleja y si no se siguen los pasos adecuados usted puede tener graves consecuencias a largo plazo. Tener un abogado compasivo, apasionado y con experiencia que le guie en los procesos legales, es el primer paso importante. Nuestra firma legal se centra en la Ley de Inmigraci\u00f3n y podemos representar clientes en los Estados Unidos y en el extranjero. Llame hoy y d\u00e9jenos evaluar sus necesidades de inmigraci\u00f3n. Usted se sorprender\u00e1 de lo asequible que somos.<\/p>\n<p><strong>Servicios Que Ofrecemos<\/strong><\/p>\n<ul>\n<li>Inmigraci\u00f3n Familiar  <\/li>\n<li>Ajuste de Estatus<\/li>\n<li>Consultas sobre el Proceso Consular de Visas<\/li>\n<li>Visas de Finanzas (K &#8211; 1 y K- 3) <\/li>\n<li>Opiniones Legales en Apelaci\u00f3n Criminal y\/o Condenas<\/li>\n<li>Convicciones y su Estado Inmigratorio<\/li>\n<li>Visas de Transferencia Dentro de una Compa\u00f1\u00eda (L-1A, L-1B)<\/li>\n<li>Representaci\u00f3n en Procesos de Deportaci\u00f3n<\/li>\n<\/ul>\n<ul>\n<li>Ciudadan\u00eda- Residencia Permanente<\/li>\n<li>Extenci\u00f3n de la Visa Americana<\/li>\n<li>Asilo Pol\u00edtico y Refugiado<\/li>\n<li>Representaci\u00f3n en Procesos de Deportaci\u00f3n <\/li>\n<li>Asesoramiento con los Problemas del Procesos Inmigratorio I- 247 \/ Retenciones ICE \/ Retenciones CBP <\/li>\n<li>Visas de Empleo (H-1B, H-2B, H-3B)<\/li>\n<li>DACA (Acci\u00f3n Diferida para Ciertos J\u00f3venes)<\/li>\n<li>Asesoramiento a Corporaciones sobre el Cumplimiento de Inmigraci\u00f3n<\/li>\n<li>Certificaciones Laborales DOL PERM<\/li>\n<li>Permisos de Reingreso (I-131)<\/li>\n<\/ul>\n","protected":false},"excerpt":{"rendered":"<p>El fundador y abogado de la firma legal conoce la importancia de lograr un estatus legal en los Estados Unidos. Como inmigrante Colombiano, el fundador y abogado pas\u00f3 por todos los procesos inmigratorios hasta por fin alcanzar el mayor regalo de todos, la Ciudadan\u00eda Americana. El proceso de inmigraci\u00f3n no es tan f\u00e1cil como muchos&#8230;<\/p>\n","protected":false},"author":1,"featured_media":0,"parent":0,"menu_order":0,"comment_status":"closed","ping_status":"open","template":"","meta":{"footnotes":""},"class_list":["post-9956","page","type-page","status-publish","hentry"],"aioseo_notices":[],"_links":{"self":[{"href":"https:\/\/thetlawfirm.com\/es\/wp-json\/wp\/v2\/pages\/9956","targetHints":{"allow":["GET"]}}],"collection":[{"href":"https:\/\/thetlawfirm.com\/es\/wp-json\/wp\/v2\/pages"}],"about":[{"href":"https:\/\/thetlawfirm.com\/es\/wp-json\/wp\/v2\/types\/page"}],"author":[{"embeddable":true,"href":"https:\/\/thetlawfirm.com\/es\/wp-json\/wp\/v2\/users\/1"}],"replies":[{"embeddable":true,"href":"https:\/\/thetlawfirm.com\/es\/wp-json\/wp\/v2\/comments?post=9956"}],"version-history":[{"count":1,"href":"https:\/\/thetlawfirm.com\/es\/wp-json\/wp\/v2\/pages\/9956\/revisions"}],"predecessor-version":[{"id":9958,"href":"https:\/\/thetlawfirm.com\/es\/wp-json\/wp\/v2\/pages\/9956\/revisions\/9958"}],"wp:attachment":[{"href":"https:\/\/thetlawfirm.com\/es\/wp-json\/wp\/v2\/media?parent=9956"}],"curies":[{"name":"wp","href":"https:\/\/api.w.org\/{rel}","templated":true}]}}