{"id":9959,"date":"2015-03-30T12:37:05","date_gmt":"2015-03-30T12:37:05","guid":{"rendered":"http:\/\/thetlawfirm.com\/bankruptcy-law-2\/"},"modified":"2015-05-25T19:34:38","modified_gmt":"2015-05-25T19:34:38","slug":"ley-de-bancarrota","status":"publish","type":"page","link":"https:\/\/thetlawfirm.com\/es\/ley-de-bancarrota\/","title":{"rendered":"Ley de Bancarrota"},"content":{"rendered":"<p>\u00bfTe sientes que te ahogas en deuda? \u00bfTe sientes agobiado por las deudas que tienes? \u00bfEs usted un individuo o tiene un peque\u00f1o negocio? No se sienta de esta manera! Hay soluciones legales para ayudarle a tomar el control de su bienestar financiero. Nosotros le ayudaremos con sus inquietudes financieras y tambi\u00e9n le ayudaremos a parar el acoso de acreedores. Nosotros le vamos a aconsejar para ayudarlo a determinar qu\u00e9 curso de acci\u00f3n se ajusta mejor a su situaci\u00f3n. Usted no est\u00e1 solo y estaremos con usted en cada paso del proceso. Recuerde que las leyes de bancarrota fueron creadas para protegerlo cuando surgen retos financieros. Si usted es due\u00f1o de un negocio o tiene un negocio peque\u00f1o perm\u00edtanos ayudarle a entender sus derechos y opciones. Llame hoy y vamos a evaluar sus necesidades de la ley de Bancarrota. Usted se sorprender\u00e1 de lo asequible que somos.<\/p>\n<p><strong>Servicios Que Ofrecemos<\/strong><\/p>\n<ul>\n<li>Consultor\u00eda financiera<\/li>\n<li>Representaci\u00f3n Legal y el Punto de Contacto con sus Acreedores <\/li>\n<li>Bancarrota de Capitulo 13 (Individual o Colectivo)<\/li>\n<li>Bancarrota de Empresas Peque\u00f1as<\/li>\n<li>Consultas de C\u00f3mo Proteger su Casa Contra la Bancarrota<\/li>\n<li>Consultas de Consolidaci\u00f3n vs. Bancarrota<\/li>\n<li>Consultas sobre refinanciar sus deudas<\/li>\n<li>Conversi\u00f3n de la Bancarrota de Cap\u00edtulo 13 a la  Bancarrota Cap\u00edtulo 17<\/li>\n<\/ul>\n<ul>\n<li>Bancarrota de Cap\u00edtulo 7 (Individual o Colectivo)<\/li>\n<li>An\u00e1lisis Financiero de Empresas <\/li>\n<li>Representaci\u00f3n Legal en la Corte<\/li>\n<li>Bancarrota y Divorcio<\/li>\n<li>Negociaci\u00f3n y Liquidaci\u00f3n de Deudas<\/li>\n<li>Opiniones Legales<\/li>\n<li>Representaci\u00f3n Legal Para Detener la Persecuci\u00f3n de los Acreedores<\/li>\n<\/ul>\n","protected":false},"excerpt":{"rendered":"<p>\u00bfTe sientes que te ahogas en deuda? \u00bfTe sientes agobiado por las deudas que tienes? \u00bfEs usted un individuo o tiene un peque\u00f1o negocio? No se sienta de esta manera! Hay soluciones legales para ayudarle a tomar el control de su bienestar financiero. Nosotros le ayudaremos con sus inquietudes financieras y tambi\u00e9n le ayudaremos a&#8230;<\/p>\n","protected":false},"author":1,"featured_media":0,"parent":0,"menu_order":0,"comment_status":"closed","ping_status":"open","template":"","meta":{"footnotes":""},"class_list":["post-9959","page","type-page","status-publish","hentry"],"aioseo_notices":[],"_links":{"self":[{"href":"https:\/\/thetlawfirm.com\/es\/wp-json\/wp\/v2\/pages\/9959","targetHints":{"allow":["GET"]}}],"collection":[{"href":"https:\/\/thetlawfirm.com\/es\/wp-json\/wp\/v2\/pages"}],"about":[{"href":"https:\/\/thetlawfirm.com\/es\/wp-json\/wp\/v2\/types\/page"}],"author":[{"embeddable":true,"href":"https:\/\/thetlawfirm.com\/es\/wp-json\/wp\/v2\/users\/1"}],"replies":[{"embeddable":true,"href":"https:\/\/thetlawfirm.com\/es\/wp-json\/wp\/v2\/comments?post=9959"}],"version-history":[{"count":1,"href":"https:\/\/thetlawfirm.com\/es\/wp-json\/wp\/v2\/pages\/9959\/revisions"}],"predecessor-version":[{"id":9961,"href":"https:\/\/thetlawfirm.com\/es\/wp-json\/wp\/v2\/pages\/9959\/revisions\/9961"}],"wp:attachment":[{"href":"https:\/\/thetlawfirm.com\/es\/wp-json\/wp\/v2\/media?parent=9959"}],"curies":[{"name":"wp","href":"https:\/\/api.w.org\/{rel}","templated":true}]}}