{"id":9962,"date":"2015-03-30T12:42:25","date_gmt":"2015-03-30T12:42:25","guid":{"rendered":"http:\/\/thetlawfirm.com\/family-law-2\/"},"modified":"2015-05-04T15:28:24","modified_gmt":"2015-05-04T15:28:24","slug":"ley-familiar","status":"publish","type":"page","link":"https:\/\/thetlawfirm.com\/es\/ley-familiar\/","title":{"rendered":"Ley Familiar"},"content":{"rendered":"<p>Los problemas familiares pueden surgir y son muy comunes. Cuando estos temas se presentan, la vida se vuelve un poco m\u00e1s confusa. Los aspectos legales  familiares son complejos y requieren de un abogado que este a su lado durante el proceso. D\u00e9jenos ayudarlo a recuperar su vida normal y evitar m\u00e1s complicaciones. Llame hoy y vamos a evaluar sus necesidades de derecho familiar. Usted se sorprender\u00e1 de lo asequible que somos.<\/p>\n<p><strong>Servicios Que Ofrecemos<\/strong><\/p>\n<ul>\n<li>Acuerdos Pre \/ Post Matrimonial<\/li>\n<li>Divisi\u00f3n de Propiedades y Deudas<\/li>\n<li>Peticiones de Paternidad<\/li>\n<li>Divorcio Mutuo o Impugnado<\/li>\n<li>Asesoramiento de Planes de Crianza de Menores<\/li>\n<li>Modificaci\u00f3n de Pensi\u00f3n Alimenticia<\/li>\n<li>Custodia y Derecho de Visita de Menores<\/li>\n<li>Peticiones y Modificaciones de la Manutenci\u00f3n de Menores<\/li>\n<\/ul>\n","protected":false},"excerpt":{"rendered":"<p>Los problemas familiares pueden surgir y son muy comunes. Cuando estos temas se presentan, la vida se vuelve un poco m\u00e1s confusa. Los aspectos legales familiares son complejos y requieren de un abogado que este a su lado durante el proceso. D\u00e9jenos ayudarlo a recuperar su vida normal y evitar m\u00e1s complicaciones. Llame hoy y&#8230;<\/p>\n","protected":false},"author":1,"featured_media":0,"parent":0,"menu_order":0,"comment_status":"closed","ping_status":"open","template":"","meta":{"footnotes":""},"class_list":["post-9962","page","type-page","status-publish","hentry"],"aioseo_notices":[],"_links":{"self":[{"href":"https:\/\/thetlawfirm.com\/es\/wp-json\/wp\/v2\/pages\/9962","targetHints":{"allow":["GET"]}}],"collection":[{"href":"https:\/\/thetlawfirm.com\/es\/wp-json\/wp\/v2\/pages"}],"about":[{"href":"https:\/\/thetlawfirm.com\/es\/wp-json\/wp\/v2\/types\/page"}],"author":[{"embeddable":true,"href":"https:\/\/thetlawfirm.com\/es\/wp-json\/wp\/v2\/users\/1"}],"replies":[{"embeddable":true,"href":"https:\/\/thetlawfirm.com\/es\/wp-json\/wp\/v2\/comments?post=9962"}],"version-history":[{"count":1,"href":"https:\/\/thetlawfirm.com\/es\/wp-json\/wp\/v2\/pages\/9962\/revisions"}],"predecessor-version":[{"id":9964,"href":"https:\/\/thetlawfirm.com\/es\/wp-json\/wp\/v2\/pages\/9962\/revisions\/9964"}],"wp:attachment":[{"href":"https:\/\/thetlawfirm.com\/es\/wp-json\/wp\/v2\/media?parent=9962"}],"curies":[{"name":"wp","href":"https:\/\/api.w.org\/{rel}","templated":true}]}}