{"id":9965,"date":"2015-04-02T13:15:15","date_gmt":"2015-04-02T13:15:15","guid":{"rendered":"http:\/\/thetlawfirm.com\/personal-injury-law-2\/"},"modified":"2015-05-04T18:44:22","modified_gmt":"2015-05-04T18:44:22","slug":"ley-de-lesiones-personales","status":"publish","type":"page","link":"https:\/\/thetlawfirm.com\/es\/ley-de-lesiones-personales\/","title":{"rendered":"Ley de Lesiones Personales"},"content":{"rendered":"<p><strong><span style=\"text-decoration: underline;\">Accidentes de Auto<\/span><\/strong><\/p>\n<p>Estar en un accidente de auto puede ser una experiencia desagradable ya que tambi\u00e9n puede tener ramificaciones financieras y legales. Asegur\u00e1ndose una representaci\u00f3n legal solida a su lado es una decisi\u00f3n importante que debe hacer. Usted sab\u00eda que los representantes de seguros y ajustadores pueden ponerse en contacto con usted para obtener su versi\u00f3n del accidente? Y si usted revela informaci\u00f3n sobre como acontecieron los hechos usted podr\u00eda estar en desventaja al momento de luchar por sus derechos. Por lo tanto usted debe de consultar con un abogado primero ya que hay ciertos factores que lo pueden afectar en esta situaci\u00f3n. Nosotros lo guiaremos en cada paso del camino. Solo aseg\u00farese de seguir nuestras 10 recomendaciones en el caso que usted est\u00e9 involucrado en un accidente de auto.<\/p>\n<p><strong>Que hacer cuando tiene un accidente de auto<\/strong><\/p>\n<p>1.\tLlame a la polic\u00eda. No dude en llamar.<br \/>\n2.\tFOTOS. Use  su tel\u00e9fono o una c\u00e1mara desechable para tomar fotograf\u00edas de cualquier da\u00f1o a su coche.<br \/>\n3.\tFOTOS. Use  su tel\u00e9fono o una c\u00e1mara desechable para tomar fotograf\u00edas de cualquier da\u00f1o causado al otro veh\u00edculo.<br \/>\n4.\tCONTACTOS . Aseg\u00farese de escribir el nombre y los n\u00fameros de tel\u00e9fono de los testigos en la escena.<br \/>\n5.\tPASAJEROS . Anote si hab\u00eda pasajeros en el otro coche.<br \/>\n6.\t LLAME. P\u00f3ngase en contacto con su compa\u00f1\u00eda de seguros sobre el accidente. De solo la informaci\u00f3n b\u00e1sica e indique que su abogado se pondr\u00e1 en contacto. No revele si fue usted fue responsable o no responsable del accidente.<br \/>\n7.\tCONTACTO. Anote el nombre y la informaci\u00f3n de la compa\u00f1\u00eda de seguros de la otra persona o personas.<br \/>\n8.\tPOLICIA. Obtenga una copia de la denuncia policial por escrito, donde indica la informaci\u00f3n del otro conductor.<br \/>\n9.\tAYUDA M\u00c9DICA. Vea a un doctor para asegurarse que usted est\u00e1 bien<br \/>\n10.\tAYUDA LEGAL. Llame a un abogado para que lo ayude en el proceso.<\/p>\n<p>Tenga en cuenta que nosotros no cobramos hasta que nosotros recuperemos dinero para usted. \u00a1Llame hoy mismo!<\/p>\n","protected":false},"excerpt":{"rendered":"<p>Accidentes de Auto Estar en un accidente de auto puede ser una experiencia desagradable ya que tambi\u00e9n puede tener ramificaciones financieras y legales. Asegur\u00e1ndose una representaci\u00f3n legal solida a su lado es una decisi\u00f3n importante que debe hacer. Usted sab\u00eda que los representantes de seguros y ajustadores pueden ponerse en contacto con usted para obtener&#8230;<\/p>\n","protected":false},"author":1,"featured_media":0,"parent":0,"menu_order":0,"comment_status":"closed","ping_status":"open","template":"","meta":{"footnotes":""},"class_list":["post-9965","page","type-page","status-publish","hentry"],"aioseo_notices":[],"_links":{"self":[{"href":"https:\/\/thetlawfirm.com\/es\/wp-json\/wp\/v2\/pages\/9965","targetHints":{"allow":["GET"]}}],"collection":[{"href":"https:\/\/thetlawfirm.com\/es\/wp-json\/wp\/v2\/pages"}],"about":[{"href":"https:\/\/thetlawfirm.com\/es\/wp-json\/wp\/v2\/types\/page"}],"author":[{"embeddable":true,"href":"https:\/\/thetlawfirm.com\/es\/wp-json\/wp\/v2\/users\/1"}],"replies":[{"embeddable":true,"href":"https:\/\/thetlawfirm.com\/es\/wp-json\/wp\/v2\/comments?post=9965"}],"version-history":[{"count":2,"href":"https:\/\/thetlawfirm.com\/es\/wp-json\/wp\/v2\/pages\/9965\/revisions"}],"predecessor-version":[{"id":9967,"href":"https:\/\/thetlawfirm.com\/es\/wp-json\/wp\/v2\/pages\/9965\/revisions\/9967"}],"wp:attachment":[{"href":"https:\/\/thetlawfirm.com\/es\/wp-json\/wp\/v2\/media?parent=9965"}],"curies":[{"name":"wp","href":"https:\/\/api.w.org\/{rel}","templated":true}]}}