{"id":9968,"date":"2015-04-02T12:36:00","date_gmt":"2015-04-02T12:36:00","guid":{"rendered":"http:\/\/thetlawfirm.com\/mediation-law-2\/"},"modified":"2015-05-06T09:21:43","modified_gmt":"2015-05-06T09:21:43","slug":"ley-de-mediacion","status":"publish","type":"page","link":"https:\/\/thetlawfirm.com\/es\/ley-de-mediacion\/","title":{"rendered":"Ley de Mediaci\u00f3n"},"content":{"rendered":"<p>\u00bfAlguna vez has o\u00eddo a alguien decir que un juicio es caro? Bueno, quien lo dijo estaba en lo correcto. Afortunadamente, hay una opci\u00f3n que se llama Resoluci\u00f3n de Disputas Alternativa (ADR sus siglas en ingles). La mediaci\u00f3n, que es parte de ADR, es una forma para que usted evite el costo de ir a juicio. Un gran mediador es uno que no s\u00f3lo tiene experiencia sino que tambi\u00e9n tiene un verdadero deseo de llegar a un resultado favorable para su cliente de una manera eficiente y eficaz. La paciencia y el tiempo son tambi\u00e9n un componente clave para resolver una disputa sin ir a juicio. Nuestra firma tiene la capacidad para realizar una sesi\u00f3n de mediaci\u00f3n de medio d\u00eda o una sesi\u00f3n de d\u00eda completo. Llame hoy para ver c\u00f3mo podemos asegurar que los procedimientos adecuados se est\u00e1n siguiendo y que usted reciba un trato justo. Usted se sorprender\u00e1 de lo asequible que somos.<\/p>\n","protected":false},"excerpt":{"rendered":"<p>\u00bfAlguna vez has o\u00eddo a alguien decir que un juicio es caro? Bueno, quien lo dijo estaba en lo correcto. Afortunadamente, hay una opci\u00f3n que se llama Resoluci\u00f3n de Disputas Alternativa (ADR sus siglas en ingles). La mediaci\u00f3n, que es parte de ADR, es una forma para que usted evite el costo de ir a&#8230;<\/p>\n","protected":false},"author":1,"featured_media":0,"parent":0,"menu_order":0,"comment_status":"closed","ping_status":"open","template":"","meta":{"footnotes":""},"class_list":["post-9968","page","type-page","status-publish","hentry"],"aioseo_notices":[],"_links":{"self":[{"href":"https:\/\/thetlawfirm.com\/es\/wp-json\/wp\/v2\/pages\/9968","targetHints":{"allow":["GET"]}}],"collection":[{"href":"https:\/\/thetlawfirm.com\/es\/wp-json\/wp\/v2\/pages"}],"about":[{"href":"https:\/\/thetlawfirm.com\/es\/wp-json\/wp\/v2\/types\/page"}],"author":[{"embeddable":true,"href":"https:\/\/thetlawfirm.com\/es\/wp-json\/wp\/v2\/users\/1"}],"replies":[{"embeddable":true,"href":"https:\/\/thetlawfirm.com\/es\/wp-json\/wp\/v2\/comments?post=9968"}],"version-history":[{"count":2,"href":"https:\/\/thetlawfirm.com\/es\/wp-json\/wp\/v2\/pages\/9968\/revisions"}],"predecessor-version":[{"id":9983,"href":"https:\/\/thetlawfirm.com\/es\/wp-json\/wp\/v2\/pages\/9968\/revisions\/9983"}],"wp:attachment":[{"href":"https:\/\/thetlawfirm.com\/es\/wp-json\/wp\/v2\/media?parent=9968"}],"curies":[{"name":"wp","href":"https:\/\/api.w.org\/{rel}","templated":true}]}}