{"id":9995,"date":"2014-04-23T10:38:38","date_gmt":"2014-04-23T10:38:38","guid":{"rendered":"http:\/\/thetlawfirm.com\/about-2\/"},"modified":"2015-06-09T11:56:59","modified_gmt":"2015-06-09T11:56:59","slug":"acerca-de-la-firma","status":"publish","type":"page","link":"https:\/\/thetlawfirm.com\/es\/acerca-de-la-firma\/","title":{"rendered":"Acerca de la Firma"},"content":{"rendered":"<div class=\"row \"><div class=\"wpv-grid grid-1-1  wpv-first-level first unextended\" style=\"padding-top:0px;padding-bottom:0px\" id=\"about-content\" ><div class=\"push\" style='height:70px'><\/div><\/div><\/div>\n<div class=\"row \"><div class=\"wpv-grid grid-1-3  wpv-first-level first unextended\" style=\"padding-top:0px;padding-bottom:0px\" id=\"wpv-column-2d89c006be37ee06c9689bc7639a2313\" ><div class=\"team-member has-content\">\n\t\t<div class=\"thumbnail\">\n\t\t\t\t\t<a href=\"\/attorneys\/antonio-calero\/\" title=\"F. Antonio Calero, J.D.\">\n\t\t\t\t\t<img loading=\"lazy\" decoding=\"async\" width=\"300\" height=\"312\" src=\"https:\/\/thetlawfirm.com\/wp-content\/uploads\/2014\/04\/11042014Fidel_Calero014.png\" class=\"attachment-full size-full\" alt=\"\" srcset=\"https:\/\/thetlawfirm.com\/wp-content\/uploads\/2014\/04\/11042014Fidel_Calero014.png 300w, https:\/\/thetlawfirm.com\/wp-content\/uploads\/2014\/04\/11042014Fidel_Calero014-288x300.png 288w, https:\/\/thetlawfirm.com\/wp-content\/uploads\/2014\/04\/11042014Fidel_Calero014-262x272.png 262w\" sizes=\"auto, (max-width: 300px) 100vw, 300px\" \/>\t\t\t\t\t<\/a>\n\t\t\t<\/div>\n\t\t<div class=\"team-member-info\">\n\t\t<h3>\n\t\t\t\t\t\t\t<a href=\"\/attorneys\/antonio-calero\/\" title=\"F. Antonio Calero, J.D.\">\n\t\t\t\t\t\t\tF. Antonio Calero, J.D.\t\t\t\t\t\t\t<\/a>\n\t\t\t\t\t<\/h3>\n\t\t\t\t\t<h5 class=\"regular-title-wrapper team-member-position\"> Abogado <\/h5>\n\t\t\t\t\t\t\t<div><a href=\"mailto:calero@thetlawfirm.com\" title=\"email F. Antonio Calero, J.D.\">calero@thetlawfirm.com<\/a><\/div>\n\t\t\t\t\t\t\t<div class=\"team-member-phone\"><a href=\"tel:18779008522\" title=\"Call F. Antonio Calero, J.D.\">1.877.900.8522<\/a><\/div>\n\t\t\t\t<div class=\"share-icons clearfix\">\n\t\t\t\t\t\t\t\t<a href=\"https:\/\/plus.google.com\/+Thetlawfirm\/\" title=\"\" target=\"_blank\"><span class='icon shortcode   use-hover' style=''>&#58150;<\/span><\/a>\n\t\t\t\t\t\t\t\t<a href=\"https:\/\/www.facebook.com\/TheTLawFirm\" title=\"\" target=\"_blank\"><span class='icon shortcode   use-hover' style=''>&#58155;<\/span><\/a>\n\t\t\t\t\t\t\t\t<a href=\"https:\/\/twitter.com\/thetlawfirm\" title=\"\" target=\"_blank\"><span class='icon shortcode   use-hover' style=''>&#58159;<\/span><\/a>\n\t\t\t\t\t\t\t\t<a href=\"https:\/\/www.youtube.com\/watch?v=R9vHOH4RJJs\" title=\"\" target=\"_blank\"><span class='icon shortcode   use-hover' style=''>&#58165;<\/span><\/a>\n\t\t\t\t\t<\/div>\n\t<\/div>\n\t\t<div class=\"team-member-bio\">\n\t\tAntonio Calero, el fundador y abogado de la firma legal de Transacciones de la Florida, PLLC, es un abogado con \u00e9xito en varias ramas de la ley. El Dr. Calero ha sido consultor de varias empresas en diferentes industrias en el \u00e1rea de asuntos contractuales en un entorno centrado en el cliente. Antonio naci\u00f3 en Colombia y se mud\u00f3 a los Estados Unidos a la edad de 10 a\u00f1os.<\/p>\n<p><a href=\"https:\/\/thetlawfirm.com\/es\/antonio-calero\/\">LEER BIOGRAF\u00cdA COMPLETA \u2192<\/a><br \/>\t<\/div>\n\t<\/div>\n<\/div>\n<div class=\"wpv-grid grid-1-3  wpv-first-level unextended\" style=\"padding-top:0px;padding-bottom:0px\" id=\"wpv-column-3d529edda022bf141232d599337efadc\" ><div class=\"row \"><div class=\"wpv-grid grid-1-1  first unextended animation-from-bottom animated-active\" style=\"padding-top:0px;padding-bottom:0px\" id=\"wpv-column-471a517a1404649483f890dcbd48ba46\" ><div class=\"clearfix dropcap-wrapper\"><div class=\"dropcap-left\"><span class='dropcap1 '>1<\/span><\/div><div class=\"dropcap-text\">Mensaje del Fundador y Abogado<\/div> <\/div><div class=\"push\" style='height:20px'><\/div>Bienvenidos al bufete de abogados de Transacciones de la Florida, PLLC.<\/p>\n<p>La empresa sabe que hay muchas opciones de poder representarle y queremos darle las gracias por visitarnos.<\/p>\n<p>La firma se enorgullece de ofrecer a cada cliente una experiencia personalizada con servicios \u00fanicos.<\/p>\n<p>No hay ninguna duda de que nuestros servicios le dar\u00e1 una experiencia positiva sin precedentes en un tiempo confuso.<\/p>\n<p>Espero que despu\u00e9s de revisar nuestros servicios, experiencia, antecedentes, y la raz\u00f3n por la cual se cre\u00f3 la firma de legal usted va a formar parte de nuestra creciente comunidad.<\/div><\/div>\n<div class=\"row \"><div class=\"wpv-grid grid-1-1  first unextended animation-from-bottom animated-active\" style=\"padding-top:0px;padding-bottom:0px\" id=\"wpv-column-cb4b19078ea6958abac19cd3519e5602\" ><div class=\"push\" style='height:40px'><\/div><div class=\"clearfix dropcap-wrapper\"><div class=\"dropcap-left\"><span class='dropcap1 '>3<\/span><\/div><div class=\"dropcap-text\">Debido a esa necesidad, la firma legal se \u200b\u200bha comprometido en proporcionar al cliente una experiencia s\u00f3lida.<\/div> <\/div><div class=\"push\" style='height:20px'><\/div>Como fundador y abogado voy a acompa\u00f1arlo en cada paso del proceso hasta que su caso sea resuelto.<\/p>\n<p>La firma legal cuenta con la experiencia, el compromiso, la integridad, los valores, y la comprensi\u00f3n para atender sus inquietudes.<\/div><\/div><\/div>\n<div class=\"wpv-grid grid-1-3  wpv-first-level unextended\" style=\"padding-top:0px;padding-bottom:0px\" id=\"wpv-column-1e77ef4f9eae657d0770b1f0ac8dcbdd\" ><div class=\"row \"><div class=\"wpv-grid grid-1-1  first unextended animation-from-bottom animated-active\" style=\"padding-top:0px;padding-bottom:0px\" id=\"wpv-column-e4cf17fc8e64a2b9045811b80c4f1d9c\" ><div class=\"clearfix dropcap-wrapper\"><div class=\"dropcap-left\"><span class='dropcap1 '>2<\/span><\/div><div class=\"dropcap-text\">Luchamos para proteger sus derechos bajo la ley.<\/div> <\/div><div class=\"push\" style='height:20px'><\/div>La firma legal fue fundada porque hay una necesidad en todas nuestras comunidades en los Estados Unidos y en el extranjero por una firma legal que sea verdaderamente apasionada y comprometida en proporcionarle un resultado favorable.<\/p>\n<p>Usted encontrar\u00e1 que la firma legal se basa en nuestra misi\u00f3n y visi\u00f3n la cual es proporcionarle soluciones pr\u00e1cticas, innovadoras, modernas y mantenemos sus necesidades legales como nuestra prioridad.<\/p>\n<p>Como inmigrante, entiendo las necesidades de nuestras comunidades y del temor en que muchos de nosotros vivimos debido a la falta de conocimiento de sus derechos.<\/div><\/div>\n<div class=\"row \"><div class=\"wpv-grid grid-1-1  first unextended animation-from-bottom animated-active\" style=\"padding-top:0px;padding-bottom:0px\" id=\"wpv-column-906c939e14c7b8c9162a84491ff04ef4\" ><div class=\"push\" style='height:70px'><\/div>Me siento honrado que usted haya considerado la firma legal de Transacciones de la Florida, PLLC y espero que podamos servirle ahora y en el futuro. Como siempre, estamos a solo una llamada telef\u00f3nica, y estaremos encantados de hablar con usted acerca de sus necesidades legales. Cont\u00e1ctenos hoy para una consulta gratis llamando al 1.877.900.<\/div><\/div><\/div><\/div>\n<div class=\"push\" style='margin-bottom:-32px'><\/div>\n<div class=\"sep\"><\/div>\n<div class=\"row \"><div class=\"wpv-grid grid-1-1  wpv-first-level first unextended\" style=\"padding-top:0px;padding-bottom:0px\" id=\"wpv-column-890c838383b2380d3fcfcfdb21412b66\" ><p><iframe loading=\"lazy\" src=\"https:\/\/www.youtube.com\/embed\/R9vHOH4RJJs\" width=\"1140\" height=\"560\" frameborder=\"0\" allowfullscreen=\"allowfullscreen\"><\/iframe><\/div><\/div>\n","protected":false},"excerpt":{"rendered":"<p>Bienvenidos al bufete de abogados de Transacciones de la Florida, PLLC. La empresa sabe que hay muchas opciones de poder representarle y queremos darle las gracias por visitarnos. La firma se enorgullece de ofrecer a cada cliente una experiencia personalizada con servicios \u00fanicos. No hay ninguna duda de que nuestros servicios le dar\u00e1 una experiencia&#8230;<\/p>\n","protected":false},"author":1,"featured_media":0,"parent":0,"menu_order":0,"comment_status":"closed","ping_status":"closed","template":"","meta":{"footnotes":""},"class_list":["post-9995","page","type-page","status-publish","hentry"],"aioseo_notices":[],"_links":{"self":[{"href":"https:\/\/thetlawfirm.com\/es\/wp-json\/wp\/v2\/pages\/9995","targetHints":{"allow":["GET"]}}],"collection":[{"href":"https:\/\/thetlawfirm.com\/es\/wp-json\/wp\/v2\/pages"}],"about":[{"href":"https:\/\/thetlawfirm.com\/es\/wp-json\/wp\/v2\/types\/page"}],"author":[{"embeddable":true,"href":"https:\/\/thetlawfirm.com\/es\/wp-json\/wp\/v2\/users\/1"}],"replies":[{"embeddable":true,"href":"https:\/\/thetlawfirm.com\/es\/wp-json\/wp\/v2\/comments?post=9995"}],"version-history":[{"count":11,"href":"https:\/\/thetlawfirm.com\/es\/wp-json\/wp\/v2\/pages\/9995\/revisions"}],"predecessor-version":[{"id":10409,"href":"https:\/\/thetlawfirm.com\/es\/wp-json\/wp\/v2\/pages\/9995\/revisions\/10409"}],"wp:attachment":[{"href":"https:\/\/thetlawfirm.com\/es\/wp-json\/wp\/v2\/media?parent=9995"}],"curies":[{"name":"wp","href":"https:\/\/api.w.org\/{rel}","templated":true}]}}