{"id":10088,"date":"2014-07-04T10:06:07","date_gmt":"2014-07-04T10:06:07","guid":{"rendered":"http:\/\/thetlawfirm.com\/practice-areas-2\/"},"modified":"2015-06-08T12:54:05","modified_gmt":"2015-06-08T12:54:05","slug":"areas-de-atuacao","status":"publish","type":"page","link":"https:\/\/thetlawfirm.com\/pt-br\/areas-de-atuacao\/","title":{"rendered":"\u00c1reas de Atua\u00e7\u00e3o"},"content":{"rendered":"<div class=\"row \"><div class=\"wpv-grid grid-1-4 add-border wpv-first-level first unextended\" style=\"padding-top:0px;padding-bottom:0px\" id=\"wpv-column-cfc871c7cdc12bb349f0e30879878936\" >\n<div  data-target=\"_self\" class=\"linkarea clearfix   background-transparent\">\n\t\t\t<div class=\"first\"><span class='icon shortcode theme  use-hover' style='font-size:56px !important;color:#C7A95F;'>&#57430;<\/span><\/div>\n\t\t\t\t<div class=\"last\"><a href=\"\/?page_id=9624\"><br \/>\n<\/a><\/p>\n<h3 style=\"text-align: center;\"><a href=\"https:\/\/thetlawfirm.com\/pt-br\/direito-corporativo-e-empresarial\/\">DIREITO CORPORATIVO E EMPRESARIAL<\/a><\/h3>\n<p style=\"text-align: center;\">Uma quest\u00e3o jur\u00eddica pode surgir a qualquer momento e n\u00f3s gostar\u00edamos de proteg\u00ea-lo, aconselh\u00e1-lo e assessor\u00e1-lo quando esse momento chegar.<\/p>\n<div class=\"push\" style='margin-bottom:-20px'><\/div> <div class=\"sep-2\"><\/div>\n<ul>\n<li><span class=\"vamtam-font-style-2\">Cria\u00e7\u00e3o de Empresas<\/span><\/li>\n<li><span class=\"vamtam-font-style-2\">Consultoria na \u00e1rea de Recursos Humanos<\/span><\/li>\n<li><span class=\"vamtam-font-style-2\">Consultoria na Cria\u00e7\u00e3o de Empresas<\/span><\/li>\n<li><span class=\"vamtam-font-style-2\">An\u00e1lise e Pesquisa Jur\u00eddica <\/span><\/li>\n<li><span class=\"vamtam-font-style-2\">Consultoria de Empresas <\/span><\/li>\n<li><span class=\"vamtam-font-style-2\"> Auditoria Jur\u00eddica <\/span><\/li>\n<li><span class=\"vamtam-font-style-2\"> Consultoria Jur\u00eddica <\/span><\/li>\n<\/ul>\n<div class=\"push\" style='height:30px'><\/div> <p class=\"textcenter\"><a href=\"https:\/\/thetlawfirm.com\/pt-br\/direito-corporativo-e-empresarial\/\" target=\"_self\" style='font-size: 14px;' class=\"button vamtam-button accent4  button-border hover-accent2 \"><span class=\"btext\">VIEW ALL \u2192<\/span><\/a><\/p> <div class=\"push\" style='height:20px'><\/div><\/div>\n\t<\/div><\/div>\n<div class=\"wpv-grid grid-1-4 add-border wpv-first-level unextended\" style=\"padding-top:0px;padding-bottom:0px\" id=\"wpv-column-e8968cbe4d23aa759a801d416a4caaf9\" >\n<div  data-target=\"_self\" class=\"linkarea clearfix   background-transparent\">\n\t\t\t<div class=\"first\"><span class='icon shortcode theme  use-hover' style='font-size:56px !important;color:#C7A95F;'>&#57430;<\/span><\/div>\n\t\t\t\t<div class=\"last\"><a href=\"\/?page_id=9661\"><br \/>\n<\/a><\/p>\n<h3 style=\"text-align: center;\"><a href=\"https:\/\/thetlawfirm.com\/pt-br\/direito-imobiliario\/\">DIREITO IMOBILI\u00c1RIO<\/a><\/h3>\n<p style=\"text-align: center;\">O mercado imobili\u00e1rio pode parecer simples e f\u00e1cil de navegar. Mas, ao contr\u00e1rio, o mercado imobili\u00e1rio \u00e9 complexo e at\u00e9 mesmo muitas vezes complicado para os pr\u00f3prios profissionais experientes da \u00e1rea.<\/p>\n<div class=\"push\" style='margin-bottom:-20px'><\/div> <div class=\"sep-2\"><\/div>\n<ul>\n<li><span class=\"vamtam-font-style-2\">Transa\u00e7\u00f5es imobili\u00e1rias<\/span><\/li>\n<li><span class=\"vamtam-font-style-2\">Seguros de T\u00edtulo Imobili\u00e1rios<\/span><\/li>\n<li><span class=\"vamtam-font-style-2\">Consultoria Jur\u00eddica de Associa\u00e7\u00f5es de Condom\u00ednios ou Propriet\u00e1rios<br \/>\n<\/span><\/li>\n<li><span class=\"vamtam-font-style-2\">Direito do Propriet\u00e1rio\/Locador <\/span><\/li>\n<li><span class=\"vamtam-font-style-2\">Defesa na Execu\u00e7\u00e3o de Hipoteca \/ Vendas a descoberto \/ Modifica\u00e7\u00f5es de Empr\u00e9stimo<br \/>\n<\/span><\/li>\n<\/ul>\n<div class=\"push\" style='height:30px'><\/div> <p class=\"textcenter\"><a href=\"https:\/\/thetlawfirm.com\/pt-br\/direito-imobiliario\/\" target=\"_self\" style='font-size: 14px;' class=\"button vamtam-button accent4  button-border hover-accent2 \"><span class=\"btext\">VIEW ALL \u2192<\/span><\/a><\/p> <div class=\"push\" style='height:40px'><\/div><\/div>\n\t<\/div><\/div>\n<div class=\"wpv-grid grid-1-4 add-border wpv-first-level unextended\" style=\"padding-top:0px;padding-bottom:0px\" id=\"wpv-column-6b9817cff2963d28d2fc081b62e7405f\" >\n<div  data-target=\"_self\" class=\"linkarea clearfix   background-transparent\">\n\t\t\t<div class=\"first\"><span class='icon shortcode theme  use-hover' style='font-size:56px !important;color:#C7A95F;'>&#57430;<\/span><\/div>\n\t\t\t\t<div class=\"last\"><a href=\"\/?page_id=9668\"><br \/>\n<\/a><\/p>\n<h3 style=\"text-align: center;\"><a href=\"https:\/\/thetlawfirm.com\/pt-br\/direito-imigratorio\/\">DIREITO IMIGRAT\u00d3RIO<\/a><\/h3>\n<p style=\"text-align: center;\">O processo de imigra\u00e7\u00e3o n\u00e3o \u00e9 t\u00e3o f\u00e1cil como muitos fazem parecer. A lei de imigra\u00e7\u00e3o \u00e9 complexa e se medidas adequadas n\u00e3o forem seguidas ele pode ter efeitos terr\u00edveis a longo prazo.<\/p>\n<div class=\"push\" style='margin-bottom:-20px'><\/div> <div class=\"sep-2\"><\/div>\n<ul>\n<li><span class=\"vamtam-font-style-2\">Imigra\u00e7\u00e3o Familiar <\/span><\/li>\n<li><span class=\"vamtam-font-style-2\">Cidadania e Resid\u00eancia Permanente <\/span><\/li>\n<li><span class=\"vamtam-font-style-2\">Ajuste de Situa\u00e7\u00e3o Legal<\/span><\/li>\n<li><span class=\"vamtam-font-style-2\">Extens\u00e3o de Visto Americano <\/span><\/li>\n<li><span class=\"vamtam-font-style-2\">Consultoria sobre o processo consular de Vistos <\/span><\/li>\n<li><span class=\"vamtam-font-style-2\">Asilo Pol\u00edtico e Refugiado<\/span><\/li>\n<\/ul>\n<div class=\"push\" style='height:30px'><\/div> <p class=\"textcenter\"><a href=\"https:\/\/thetlawfirm.com\/pt-br\/direito-imigratorio\/\" target=\"_self\" style='font-size: 14px;' class=\"button vamtam-button accent4  button-border hover-accent2 \"><span class=\"btext\">VIEW ALL \u2192<\/span><\/a><\/p> <div class=\"push\" style='height:20px'><\/div><\/div>\n\t<\/div><\/div>\n<div class=\"wpv-grid grid-1-4 add-border wpv-first-level unextended\" style=\"padding-top:0px;padding-bottom:0px\" id=\"wpv-column-746d5d4a73e5b00ebb38ff65895ca099\" >\n<div  data-target=\"_self\" class=\"linkarea clearfix   background-transparent\">\n\t\t\t<div class=\"first\"><span class='icon shortcode theme  use-hover' style='font-size:56px !important;color:#C7A95F;'>&#57430;<\/span><\/div>\n\t\t\t\t<div class=\"last\"><a href=\"\/?page_id=9671\"><br \/>\n<\/a><\/p>\n<h3 style=\"text-align: center;\"><a href=\"https:\/\/thetlawfirm.com\/pt-br\/direito-falencial\/\">DIREITO FALENCIAL<\/a><\/h3>\n<p style=\"text-align: center;\">Existem solu\u00e7\u00f5es legais para ajud\u00e1-lo a assumir o controle de seu bem-estar financeiro. N\u00f3s vamos ajud\u00e1-lo com suas preocupa\u00e7\u00f5es financeiras e tamb\u00e9m ajudar a acabar com o ass\u00e9dio do credor.<\/p>\n<div class=\"push\" style='margin-bottom:-20px'><\/div> <div class=\"sep-2\"><\/div>\n<ul>\n<li><span class=\"vamtam-font-style-2\">Consultoria Financeira<\/span><\/li>\n<li><span class=\"vamtam-font-style-2\">Declara\u00e7\u00e3o de fal\u00eancia de acordo com o capitulo 7 (Individual e conjunto)<br \/>\n<\/span><\/li>\n<li><span class=\"vamtam-font-style-2\">\u00danico meio de contato com credores<\/span><\/li>\n<li><span class=\"vamtam-font-style-2\">Analise financeira de Empresa<\/span><\/li>\n<li><span class=\"vamtam-font-style-2\">Representa\u00e7\u00e3o em Ju\u00edzo<\/span><\/li>\n<li><span class=\"vamtam-font-style-2\">Fal\u00eancia de pequenas empresas<br \/>\n<\/span><\/li>\n<li><span class=\"vamtam-font-style-2\"> Fal\u00eancia e Divorcio <\/span><\/li>\n<\/ul>\n<div class=\"push\" style='height:30px'><\/div> <p class=\"textcenter\"><a href=\"https:\/\/thetlawfirm.com\/pt-br\/direito-falencial\/\" target=\"_self\" style='font-size: 14px;' class=\"button vamtam-button accent4  button-border hover-accent2 \"><span class=\"btext\">VIEW ALL \u2192<\/span><\/a><\/p> <div class=\"push\" style='height:50px'><\/div><\/div>\n\t<\/div><\/div><\/div>\n<div class=\"row \"><div class=\"wpv-grid grid-1-4 add-border wpv-first-level first unextended\" style=\"padding-top:0px;padding-bottom:0px\" id=\"wpv-column-0165ebdcbdc2ebd31cbc70f49e5a4834\" >\n<div  data-target=\"_self\" class=\"linkarea clearfix   background-transparent\">\n\t\t\t<div class=\"first\"><span class='icon shortcode theme  use-hover' style='font-size:56px !important;color:#C7A95F;'>&#57430;<\/span><\/div>\n\t\t\t\t<div class=\"last\"><a href=\"\/?page_id=9674\"><br \/>\n<\/a><\/p>\n<h3 style=\"text-align: center;\"><a href=\"https:\/\/thetlawfirm.com\/pt-br\/direito-familiar\/\">DIREITO FAMILIAR<\/a><\/h3>\n<p style=\"text-align: center;\">Quest\u00f5es jur\u00eddicas familiares s\u00e3o complexas e exigem um advogado ao seu lado durante o processo.<\/p>\n<div class=\"push\" style='margin-bottom:-20px'><\/div> <div class=\"sep-2\"><\/div>\n<ul>\n<li><span class=\"vamtam-font-style-2\"> Acordos Pr\u00e9 e P\u00f3s Nupcial <\/span><\/li>\n<li><span class=\"vamtam-font-style-2\">Separa\u00e7\u00e3o de Bens e D\u00edvidas<\/span><\/li>\n<li>&gt;<span class=\"vamtam-font-style-2\"> Peti\u00e7\u00e3o de teste de Paternidade <\/span><\/li>\n<li><span class=\"vamtam-font-style-2\">Divorcio extrajudicial, consensual ou litigioso.<\/span><\/li>\n<li><span class=\"vamtam-font-style-2\"> Planos Parentais <\/span><\/li>\n<li><span class=\"vamtam-font-style-2\"> Pens\u00e3o \/ Altera\u00e7\u00f5es <\/span><\/li>\n<li><span class=\"vamtam-font-style-2\"> Custodia e Visita\u00e7\u00e3o de Crian\u00e7a <\/span><\/li>\n<\/ul>\n<div class=\"push\" style='height:30px'><\/div> <p class=\"textcenter\"><a href=\"https:\/\/thetlawfirm.com\/pt-br\/direito-familiar\/\" target=\"_self\" style='font-size: 14px;' class=\"button vamtam-button accent4  button-border hover-accent2 \"><span class=\"btext\">VIEW ALL \u2192<\/span><\/a><\/p> <div class=\"push\" style='height:20px'><\/div><\/div>\n\t<\/div><\/div>\n<div class=\"wpv-grid grid-1-4 add-border wpv-first-level unextended\" style=\"padding-top:0px;padding-bottom:0px\" id=\"wpv-column-f57024f51d9d1f8c820b3f5563fe682c\" >\n<div  data-target=\"_self\" class=\"linkarea clearfix   background-transparent\">\n\t\t\t<div class=\"first\"><span class='icon shortcode theme  use-hover' style='font-size:56px !important;color:#C7A95F;'>&#57430;<\/span><\/div>\n\t\t\t\t<div class=\"last\"><h3 style=\"text-align: center;\"><a href=\"https:\/\/thetlawfirm.com\/pt-br\/direito-por-danos-morais-ou-materiais\/\">DIREITO POR DANOS MORAIS OU MATERIALS<\/a><\/h3>\n<p style=\"text-align: center;\">Envolver-se em um acidente de tr\u00e2nsito pode ser uma experi\u00eancia desagrad\u00e1vel, al\u00e9m de poder causar problemas financeiros e legais. Garantir uma representa\u00e7\u00e3o legal e s\u00f3lida ao seu lado \u00e9 uma decis\u00e3o importante que deve ser feita.<\/p>\n<div class=\"push\" style='margin-bottom:-20px'><\/div> <div class=\"sep-2\"><\/div> <div class=\"push\" style='height:30px'><\/div> <p class=\"textcenter\"><a href=\"https:\/\/thetlawfirm.com\/pt-br\/direito-por-danos-morais-ou-materiais\/\" target=\"_self\" style='font-size: 14px;' class=\"button vamtam-button accent4  button-border hover-accent2 \"><span class=\"btext\">VIEW ALL \u2192<\/span><\/a><\/p> <div class=\"push\" style='height:20px'><\/div><\/div>\n\t<\/div><\/div>\n<div class=\"wpv-grid grid-1-4 add-border wpv-first-level unextended\" style=\"padding-top:0px;padding-bottom:0px\" id=\"wpv-column-6a6e89d1df72dddd96ea29ad56d0d6f5\" >\n<div  data-target=\"_self\" class=\"linkarea clearfix   background-transparent\">\n\t\t\t<div class=\"first\"><span class='icon shortcode theme  use-hover' style='font-size:56px !important;color:#C7A95F;'>&#57430;<\/span><\/div>\n\t\t\t\t<div class=\"last\"><a href=\"\/?page_id=9730\"><br \/>\n<\/a><\/p>\n<h3 style=\"text-align: center;\"><a href=\"https:\/\/thetlawfirm.com\/pt-br\/mediacao\/\">MEDIA\u00c7\u00c3O<\/a><\/h3>\n<p style=\"text-align: center;\">Media\u00e7\u00e3o, que faz parte do ADR \u00e9 uma maneira de voc\u00ea evitar a despesa de ir a um julgamento. Um grande mediador \u00e9 aquele que n\u00e3o s\u00f3 tem experi\u00eancia, mas tamb\u00e9m tem um desejo real de chegar a um resultado favor\u00e1vel para seu cliente de forma eficiente e eficaz.<\/p>\n<div class=\"push\" style='margin-bottom:-20px'><\/div> <div class=\"sep-2\"><\/div> <div class=\"push\" style='height:30px'><\/div> <p class=\"textcenter\"><a href=\"https:\/\/thetlawfirm.com\/pt-br\/mediacao\/\" target=\"_self\" style='font-size: 14px;' class=\"button vamtam-button accent4  button-border hover-accent2 \"><span class=\"btext\">VIEW ALL \u2192<\/span><\/a><\/p> <div class=\"push\" style='height:20px'><\/div><\/div>\n\t<\/div><\/div>\n<div class=\"wpv-grid grid-1-4 add-border wpv-first-level unextended\" style=\"padding-top:0px;padding-bottom:0px\" id=\"wpv-column-c8aff806dbecd92dabe2aa06df58766f\" >\n<div  data-target=\"_self\" class=\"linkarea clearfix   background-transparent\">\n\t\t\t<div class=\"first\"><span class='icon shortcode theme  use-hover' style='font-size:56px !important;color:#C7A95F;'>&#57430;<\/span><\/div>\n\t\t\t\t<div class=\"last\"><a href=\"\/?page_id=9725\"><br \/>\n<\/a><\/p>\n<h3 style=\"text-align: center;\"><a href=\"https:\/\/thetlawfirm.com\/pt-br\/outras-areas\/\">OUTRAS \u00c1REAS DE ATUA\u00c7\u00c3O EM DIREITO<\/a><\/h3>\n<p style=\"text-align: center;\">Fazer com que voc\u00ea se sinta confort\u00e1vel sobre o seu caso \u00e9 a nossa prioridade. Por esta raz\u00e3o, nossa empresa construiu uma rede de advogados que, sem d\u00favida, podem trabalhar de m\u00e3os dadas com a nossa empresa para lidar com quaisquer quest\u00f5es legais que voc\u00ea possa enfrentar.<\/p>\n<div class=\"push\" style='margin-bottom:-20px'><\/div> <div class=\"sep-2\"><\/div> <div class=\"push\" style='height:30px'><\/div> <p class=\"textcenter\"><a href=\"https:\/\/thetlawfirm.com\/pt-br\/outras-areas\/\" target=\"_self\" style='font-size: 14px;' class=\"button vamtam-button accent4  button-border hover-accent2 \"><span class=\"btext\">VIEW ALL \u2192<\/span><\/a><\/p> <div class=\"push\" style='height:20px'><\/div><\/div>\n\t<\/div><\/div><\/div>\n<p style=\"text-align: center;\"><div class=\"push\" style='height:30px'><\/div>\n<p style=\"text-align: center;\"><span class=\"vamtam-font-style-1 with-color\">\u201cSolu\u00e7\u00f5es Jur\u00eddicas Pr\u00e1ticas, Inovadoras e Modernas\u201d<\/span><\/p>\n<p style=\"text-align: center;\">\n<p style=\"text-align: center;\"><div class=\"push\" style='height:50px'><\/div>\n","protected":false},"excerpt":{"rendered":"<p>\u201cSolu\u00e7\u00f5es Jur\u00eddicas Pr\u00e1ticas, Inovadoras e Modernas\u201d<\/p>\n","protected":false},"author":1,"featured_media":0,"parent":0,"menu_order":0,"comment_status":"closed","ping_status":"open","template":"","meta":{"footnotes":""},"class_list":["post-10088","page","type-page","status-publish","hentry"],"aioseo_notices":[],"_links":{"self":[{"href":"https:\/\/thetlawfirm.com\/pt-br\/wp-json\/wp\/v2\/pages\/10088","targetHints":{"allow":["GET"]}}],"collection":[{"href":"https:\/\/thetlawfirm.com\/pt-br\/wp-json\/wp\/v2\/pages"}],"about":[{"href":"https:\/\/thetlawfirm.com\/pt-br\/wp-json\/wp\/v2\/types\/page"}],"author":[{"embeddable":true,"href":"https:\/\/thetlawfirm.com\/pt-br\/wp-json\/wp\/v2\/users\/1"}],"replies":[{"embeddable":true,"href":"https:\/\/thetlawfirm.com\/pt-br\/wp-json\/wp\/v2\/comments?post=10088"}],"version-history":[{"count":6,"href":"https:\/\/thetlawfirm.com\/pt-br\/wp-json\/wp\/v2\/pages\/10088\/revisions"}],"predecessor-version":[{"id":10406,"href":"https:\/\/thetlawfirm.com\/pt-br\/wp-json\/wp\/v2\/pages\/10088\/revisions\/10406"}],"wp:attachment":[{"href":"https:\/\/thetlawfirm.com\/pt-br\/wp-json\/wp\/v2\/media?parent=10088"}],"curies":[{"name":"wp","href":"https:\/\/api.w.org\/{rel}","templated":true}]}}