{"id":10092,"date":"2015-03-26T19:41:17","date_gmt":"2015-03-26T19:41:17","guid":{"rendered":"http:\/\/thetlawfirm.com\/corporate-business-law-2\/"},"modified":"2015-05-16T19:45:17","modified_gmt":"2015-05-16T19:45:17","slug":"direito-corporativo-e-empresarial","status":"publish","type":"page","link":"https:\/\/thetlawfirm.com\/pt-br\/direito-corporativo-e-empresarial\/","title":{"rendered":"Direito Corporativo e Empresarial"},"content":{"rendered":"<p><strong><span style=\"text-decoration: underline;\">Servi\u00e7os de Direito Corporativo<\/span><\/strong><\/p>\n<p>Voc\u00ea est\u00e1 abrindo a sua empresa, tem uma pequena empresa, ou tem uma grande entidade que n\u00e3o conta com um advogado interno? Tudo bem se voc\u00ea n\u00e3o tiver, saiba que \u00e9 muito comum. Entendemos que o custo que vem com um advogado interno pode n\u00e3o caber em seu or\u00e7amento. No entanto, independentemente do tamanho e renda da sua empresa, \u00e9 importante contar com o apoio legal de um advogado. Os benef\u00edcios superam os investimentos. Uma quest\u00e3o jur\u00eddica pode surgir a qualquer momento e n\u00f3s gostar\u00edamos de proteg\u00ea-lo, aconselh\u00e1-lo e assessor\u00e1-lo quando esse momento chegar. Nossos planos flex\u00edveis e de baixo custo n\u00e3o quebrar\u00e3o o seu or\u00e7amento, e sim o ajudar\u00e3o a mant\u00ea-lo firme nos pr\u00f3ximos anos. Nosso objetivo \u00e9 crescer com voc\u00ea, proteg\u00ea-lo, e estar dispon\u00edvel para ajud\u00e1-lo assim que surgir qualquer quest\u00e3o jur\u00eddica. Deixe-nos avaliar a sua empresa e dar-lhe a paz de esp\u00edrito que voc\u00ea merece. Voc\u00ea ficar\u00e1 surpreso com os nossos pre\u00e7os acess\u00edveis.<\/p>\n<p><span style=\"text-decoration: underline;\">Servi\u00e7os Oferecidos<\/span><\/p>\n<ul>\n<li>Cria\u00e7\u00e3o de Empresas<\/li>\n<li>Consultoria na Cria\u00e7\u00e3o de Empresas<\/li>\n<li>Consultoria de Empresas<\/li>\n<li>Consultoria Jur\u00eddica<\/li>\n<li>Desenvolvimento e Revis\u00e3o de Contratos de Trabalho\n<\/li>\n<li>Media\u00e7\u00e3o<\/li>\n<li>Negocia\u00e7\u00e3o <\/li>\n<\/ul>\n<ul>\n<li>Consultoria na \u00e1rea de Recursos Humanos<\/li>\n<li>An\u00e1lise e Pesquisa Jur\u00eddica<\/li>\n<li>Auditoria Jur\u00eddica<\/li>\n<li>Desenvolvimento e Revis\u00e3o de Contratos<\/li>\n<li>Gest\u00e3o de Processos com Advogados Externos\n<\/li>\n<li>Opini\u00f5es Legais<\/li>\n<\/ul>\n","protected":false},"excerpt":{"rendered":"<p>Servi\u00e7os de Direito Corporativo Voc\u00ea est\u00e1 abrindo a sua empresa, tem uma pequena empresa, ou tem uma grande entidade que n\u00e3o conta com um advogado interno? Tudo bem se voc\u00ea n\u00e3o tiver, saiba que \u00e9 muito comum. Entendemos que o custo que vem com um advogado interno pode n\u00e3o caber em seu or\u00e7amento. No entanto,&#8230;<\/p>\n","protected":false},"author":1,"featured_media":0,"parent":0,"menu_order":0,"comment_status":"closed","ping_status":"open","template":"","meta":{"footnotes":""},"class_list":["post-10092","page","type-page","status-publish","hentry"],"aioseo_notices":[],"_links":{"self":[{"href":"https:\/\/thetlawfirm.com\/pt-br\/wp-json\/wp\/v2\/pages\/10092","targetHints":{"allow":["GET"]}}],"collection":[{"href":"https:\/\/thetlawfirm.com\/pt-br\/wp-json\/wp\/v2\/pages"}],"about":[{"href":"https:\/\/thetlawfirm.com\/pt-br\/wp-json\/wp\/v2\/types\/page"}],"author":[{"embeddable":true,"href":"https:\/\/thetlawfirm.com\/pt-br\/wp-json\/wp\/v2\/users\/1"}],"replies":[{"embeddable":true,"href":"https:\/\/thetlawfirm.com\/pt-br\/wp-json\/wp\/v2\/comments?post=10092"}],"version-history":[{"count":2,"href":"https:\/\/thetlawfirm.com\/pt-br\/wp-json\/wp\/v2\/pages\/10092\/revisions"}],"predecessor-version":[{"id":10094,"href":"https:\/\/thetlawfirm.com\/pt-br\/wp-json\/wp\/v2\/pages\/10092\/revisions\/10094"}],"wp:attachment":[{"href":"https:\/\/thetlawfirm.com\/pt-br\/wp-json\/wp\/v2\/media?parent=10092"}],"curies":[{"name":"wp","href":"https:\/\/api.w.org\/{rel}","templated":true}]}}