{"id":10095,"date":"2015-03-29T18:48:27","date_gmt":"2015-03-29T18:48:27","guid":{"rendered":"http:\/\/thetlawfirm.com\/real-estate-law-2\/"},"modified":"2015-05-16T20:09:51","modified_gmt":"2015-05-16T20:09:51","slug":"direito-imobiliario","status":"publish","type":"page","link":"https:\/\/thetlawfirm.com\/pt-br\/direito-imobiliario\/","title":{"rendered":"Direito Imobili\u00e1rio"},"content":{"rendered":"<p><strong><span style=\"text-decoration: underline;\">Transa\u00e7\u00f5es imobili\u00e1rias<\/span><\/strong><\/p>\n<p>O mercado imobili\u00e1rio pode parecer simples e f\u00e1cil de navegar. Mas, ao contr\u00e1rio, o mercado imobili\u00e1rio \u00e9 complexo e at\u00e9 mesmo muitas vezes complicado para os pr\u00f3prios profissionais experientes da \u00e1rea. Muitos j\u00e1 viram o tipo de perdas que ocorrem quando um advogado n\u00e3o est\u00e1 presente para represent\u00e1-los e ajud\u00e1-los em transa\u00e7\u00f5es imobili\u00e1rias. At\u00e9 o mais m\u00ednimo passo pode custar muito caro se esquecido no processo. Se voc\u00ea est\u00e1 comprando uma casa ou um im\u00f3vel comercial \u00e9 importante ter um advogado de confian\u00e7a ao seu lado do come\u00e7o ao fim. O nosso trabalho \u00e9 proteger seu patrim\u00f4nio e assegurar-lhe uma opera\u00e7\u00e3o segura e eficiente. N\u00f3s tamb\u00e9m podemos lhe fornecer servi\u00e7os de seguros de t\u00edtulo al\u00e9m de todas as suas necessidades imobili\u00e1rias. Ligue hoje e ser\u00e1 um prazer de aconselh\u00e1-lo a respeito de todas as suas necessidades imobili\u00e1rias. Voc\u00ea ficar\u00e1 surpreso com os nossos pre\u00e7os acess\u00edveis.<\/p>\n<p><strong>Servi\u00e7os Oferecidos<\/strong><\/p>\n<ul>\n<li>Desenvolvimento imobili\u00e1rio e consultoria financeira<\/li>\n<li>Consultoria Jur\u00eddica na  compra ou venda de im\u00f3veis comerciais e resid\u00eancias<\/li>\n<li>ervi\u00e7os legais na finaliza\u00e7\u00e3o e encerramento da sua compra imobili\u00e1ria residencial e comercial<\/li>\n<\/ul>\n<ul>\n<li>Servi\u00e7os de seguro de t\u00edtulos na sua compra imobili\u00e1ria<\/li>\n<li>Representa\u00e7\u00e3o em Embargos e Vendas a descoberto<\/li>\n<li>Consultoria Jur\u00eddica de Associa\u00e7\u00f5es de Condom\u00ednios ou Propriet\u00e1rios<\/li>\n<\/ul>\n<p><strong><span style=\"text-decoration: underline;\">Seguros de T\u00edtulo Imobili\u00e1rios<\/span><\/strong><\/p>\n<p>As empresas imobili\u00e1rias tradicionais que oferecem servi\u00e7os de seguro de t\u00edtulo estabeleceram padr\u00f5es que devem ser cumpridos na venda e compra de im\u00f3veis. Cumprindo o nosso papel como uma empresa de servi\u00e7os jur\u00eddicos com t\u00edtulo de seguro sobre compra e venda de im\u00f3veis, tamb\u00e9m precisamos de atender os padr\u00f5es das empresas tradicionais mencionadas. Al\u00e9m disso, como um escrit\u00f3rio de advocacia, temos a obriga\u00e7\u00e3o de ir al\u00e9m das normas tradicionais. Isto \u00e9 o que nos torna diferentes e importantes durante o processo de compra e venda de im\u00f3veis. Nossa empresa fornece todos os servi\u00e7os de seguros t\u00edtulo para seus processos imobili\u00e1rios em todo o estado da Fl\u00f3rida a um pre\u00e7o razo\u00e1vel e d\u00e1 acesso a um advogado qualificado dentro dos padr\u00f5es do estado. Ter-nos ao seu lado ir\u00e1 lhe dar mais tranquilidade sobre a sua compra. Ligue hoje e ser\u00e1 um prazer aconselh\u00e1-lo a respeito das suas necessidades em seguros de t\u00edtulo e na compra ou venda de im\u00f3veis. Voc\u00ea ficar\u00e1 surpreso com os nossos pre\u00e7os acess\u00edveis.<\/p>\n<p><strong>Servi\u00e7os Oferecidos<\/strong><\/p>\n<ul>\n<li>Servi\u00e7os de Seguros de T\u00edtulos Comerciais e Residenciais<\/li>\n<li>Residential and Commercial Closings<\/li>\n<\/ul>\n<ul>\n<li>Finaliza\u00e7\u00e3o de Compra imobili\u00e1ria Residencial e Comercial<\/li>\n<li>Servi\u00e7os Judiciais na sua Compra imobili\u00e1ria<\/li>\n<\/ul>\n<p><strong><span style=\"text-decoration: underline;\">Representa\u00e7\u00e3o de Associa\u00e7\u00f5es de Condom\u00ednios e Propriet\u00e1rios<\/span><\/strong><\/p>\n<p>A representa\u00e7\u00e3o e consultoria de um advogado \u00e9 um passo importante a ser tomado quanto se trata de Associa\u00e7\u00f5es de Condom\u00ednio ou Propriet\u00e1rio. A empresa oferece uma ampla gama de servi\u00e7os para associa\u00e7\u00f5es de condom\u00ednios e propriet\u00e1rios. Ligue hoje e ser\u00e1 um prazer aconselh\u00e1-lo a respeito de suas necessidades de sobre associa\u00e7\u00f5es de condom\u00ednios e propriet\u00e1rios. Voc\u00ea ficar\u00e1 surpreso com os nossos pre\u00e7os acess\u00edveis.<\/p>\n<p><strong> Servi\u00e7os Oferecidos <\/strong><\/p>\n<ul>\n<li>Cobran\u00e7a de Cargos da Associa\u00e7\u00e3o<\/li>\n<li>Assessor Legal<\/li>\n<li>Investiga\u00e7\u00f5es jur\u00eddicas da Divis\u00e3o de Normativas do Condom\u00ednio<\/li>\n<\/ul>\n<ul>\n<li>Servi\u00e7os de Penhoras e Embargo<\/li>\n<li>Desenvolvimento, revis\u00e3o e negocia\u00e7\u00e3o de Contratos<\/li>\n<\/ul>\n<p><strong><span style=\"text-decoration: underline;\">Direito do Propriet\u00e1rio\/Locador<\/span><\/strong><\/p>\n<p>Como propriet\u00e1rio\/locador muitas quest\u00f5es legais que podem surgir. Proteger voc\u00ea e seu patrim\u00f4nio \u00e9 a nossa prioridade. A empresa pode elaborar e revisar seus contratos de loca\u00e7\u00e3o. Se necess\u00e1rio, podemos ajud\u00e1-lo a iniciar um processo de despejo e tomar as medidas necess\u00e1rias para cobrar a d\u00edvida do locat\u00e1rio. Finalmente, podemos represent\u00e1-lo em um tribunal e trabalhar como mediadores para alcan\u00e7ar um resultado positivo. Ligue hoje e ser\u00e1 um prazer aconselh\u00e1-lo a respeito dos seus direitos como propriet\u00e1rio\/locador. Voc\u00ea se surpreender\u00e1 com os nossos pre\u00e7os acess\u00edveis.<\/p>\n<p><strong>Servi\u00e7os Oferecidos<\/strong><\/p>\n<ul>\n<li>Desenvolvimento de Contratos de Aluguel<\/li>\n<li>Representa\u00e7\u00e3o em Media\u00e7\u00f5es<\/li>\n<li>Collection Processes<\/li>\n<li>Negocia\u00e7\u00f5es legais<\/li>\n<\/ul>\n<ul>\n<li>Revis\u00e3o de Contratos de Aluguel<\/li>\n<li>Processos de Despejo<\/li>\n<li>Consultoria Jur\u00eddica<\/li>\n<\/ul>\n<p><strong><span style=\"text-decoration: underline;\">Defesa na Execu\u00e7\u00e3o de Hipoteca \/ Vendas a descoberto \/ Modifica\u00e7\u00f5es de Empr\u00e9stimo<\/span><\/strong><\/p>\n<p>Voc\u00ea est\u00e1 perdendo a sua casa? Voc\u00ea sente que a sua casa est\u00e1 debaixo d&#8217;\u00e1gua financeiramente falando? N\u00e3o pode pagar sua hipoteca? Voc\u00ea j\u00e1 foi processado por sua companhia de hipoteca? N\u00f3s podemos ajudar, n\u00e3o \u00e9 tarde demais para voc\u00ea se defender. Podemos represent\u00e1-lo na sua negocia\u00e7\u00e3o com o banco. N\u00f3s podemos ajud\u00e1-lo a modificar seu empr\u00e9stimo. N\u00f3s podemos ajud\u00e1-lo a obter uma s\u00f3lida base financeira com acordos tolerantes. Se necess\u00e1rio, podemos ajud\u00e1-lo com um julgamento por defici\u00eancia, embargos, escritura e vendas a descoberto. Todos temos necessidades diferentes, deixe-nos revisar as suas e ver qual seria a a\u00e7\u00e3o mais adequada. Ligue hoje e ser\u00e1 um prazer de aconselh\u00e1-lo a respeito de suas necessidades imobili\u00e1rias. Voc\u00ea ficar\u00e1 surpreso em com os nossos pre\u00e7os acess\u00edveis.<\/p>\n<p><strong>Servi\u00e7os Oferecidos<\/strong><\/p>\n<ul>\n<li>Defesa na Execu\u00e7\u00e3o de Hipoteca<\/li>\n<li>Modifica\u00e7\u00f5es de Empr\u00e9stimos<\/li>\n<li>Consultoria de Escritura como Penhora<\/li>\n<li>Consultoria em Vendas a Descoberto<\/li>\n<li>Consultoria jur\u00eddica<\/li>\n<\/ul>\n<ul>\n<li>Negocia\u00e7\u00f5es Legais<\/li>\n<li>Acordos por Indulgencia<\/li>\n<li>Consultoria em Ju\u00edzo por Defici\u00eancia<\/li>\n<li>Media\u00e7\u00e3o<\/li>\n<\/ul>\n","protected":false},"excerpt":{"rendered":"<p>Transa\u00e7\u00f5es imobili\u00e1rias O mercado imobili\u00e1rio pode parecer simples e f\u00e1cil de navegar. Mas, ao contr\u00e1rio, o mercado imobili\u00e1rio \u00e9 complexo e at\u00e9 mesmo muitas vezes complicado para os pr\u00f3prios profissionais experientes da \u00e1rea. Muitos j\u00e1 viram o tipo de perdas que ocorrem quando um advogado n\u00e3o est\u00e1 presente para represent\u00e1-los e ajud\u00e1-los em transa\u00e7\u00f5es imobili\u00e1rias&#8230;.<\/p>\n","protected":false},"author":1,"featured_media":0,"parent":0,"menu_order":0,"comment_status":"closed","ping_status":"open","template":"","meta":{"footnotes":""},"class_list":["post-10095","page","type-page","status-publish","hentry"],"aioseo_notices":[],"_links":{"self":[{"href":"https:\/\/thetlawfirm.com\/pt-br\/wp-json\/wp\/v2\/pages\/10095","targetHints":{"allow":["GET"]}}],"collection":[{"href":"https:\/\/thetlawfirm.com\/pt-br\/wp-json\/wp\/v2\/pages"}],"about":[{"href":"https:\/\/thetlawfirm.com\/pt-br\/wp-json\/wp\/v2\/types\/page"}],"author":[{"embeddable":true,"href":"https:\/\/thetlawfirm.com\/pt-br\/wp-json\/wp\/v2\/users\/1"}],"replies":[{"embeddable":true,"href":"https:\/\/thetlawfirm.com\/pt-br\/wp-json\/wp\/v2\/comments?post=10095"}],"version-history":[{"count":3,"href":"https:\/\/thetlawfirm.com\/pt-br\/wp-json\/wp\/v2\/pages\/10095\/revisions"}],"predecessor-version":[{"id":10098,"href":"https:\/\/thetlawfirm.com\/pt-br\/wp-json\/wp\/v2\/pages\/10095\/revisions\/10098"}],"wp:attachment":[{"href":"https:\/\/thetlawfirm.com\/pt-br\/wp-json\/wp\/v2\/media?parent=10095"}],"curies":[{"name":"wp","href":"https:\/\/api.w.org\/{rel}","templated":true}]}}