{"id":10099,"date":"2015-03-30T12:08:05","date_gmt":"2015-03-30T12:08:05","guid":{"rendered":"http:\/\/thetlawfirm.com\/immigration-law-2\/"},"modified":"2015-05-16T20:25:08","modified_gmt":"2015-05-16T20:25:08","slug":"direito-imigratorio","status":"publish","type":"page","link":"https:\/\/thetlawfirm.com\/pt-br\/direito-imigratorio\/","title":{"rendered":"Direito Imigrat\u00f3rio"},"content":{"rendered":"<p>O fundador e advogado da empresa sabe melhor do que ningu\u00e9m a import\u00e2ncia de obter status legal nos Estados Unidos. Como um imigrante colombiano, passou por todos os processos at\u00e9 que finalmente conseguiu o maior presente de todos, a cidadania norte-americana. O processo de imigra\u00e7\u00e3o n\u00e3o \u00e9 t\u00e3o f\u00e1cil como muitos fazem parecer. A lei de imigra\u00e7\u00e3o \u00e9 complexa e se medidas adequadas n\u00e3o forem seguidas ele pode ter efeitos terr\u00edveis a longo prazo. Ter um advogado compassivo, apaixonado e bem versado para orient\u00e1-lo no processo, \u00e9 o primeiro passo importante. Nossa empresa se concentra no direito imigrat\u00f3rio dos Estados Unidos, Nacional e Consular, e representa\u00e7\u00e3o de clientes nos Estados Unidos e no exterior. Ligue hoje e n\u00f3s avaliaremos gratuitamente as suas necessidades imigrat\u00f3rias. Voc\u00ea ficar\u00e1 surpreso com os nossos pre\u00e7os acess\u00edveis.<\/p>\n<p><strong>Servi\u00e7os Oferecidos<\/strong><\/p>\n<ul>\n<li>Imigra\u00e7\u00e3o Familiar <\/li>\n<li> Ajuste de Situa\u00e7\u00e3o Legal  <\/li>\n<li> Consultoria sobre o processo consular de Vistos <\/li>\n<li>Vistos de Finan\u00e7as (K &#8211; 1 e K- 3) <\/li>\n<li>Legal Opinions in Criminal pleas and\/or Convictions<\/li>\n<li> Consultoria Jur\u00eddica em Apela\u00e7\u00f5es ou Senten\u00e7as Criminais <\/li>\n<li>Vistos de transfer\u00eancia dentro de uma Empresa (L-1A, L-1B)\n<\/li>\n<li> Processos de Deporta\u00e7\u00e3o <\/li>\n<\/ul>\n<ul>\n<li> Cidadania e Resid\u00eancia Permanente <\/li>\n<li> Extens\u00e3o de Visto Americano <\/li>\n<li> Asilo Pol\u00edtico e Refugiado <\/li>\n<li> Processos de Deporta\u00e7\u00e3o <\/li>\n<li>I-247 Immigration Holds\/ICE Detainers\/CBP<br \/>\nDetainers<\/li>\n<li> Vistos de Trabalho (H-1B, H-2B, H-3B) <\/li>\n<li>DACA (A\u00e7\u00e3o Diferida por Ingresso de Crian\u00e7as)\n<\/li>\n<li>Consultoria na Complac\u00eancia de Imigra\u00e7\u00e3o Corporativa\n<\/li>\n<li>Certificado Trabalhista DOL PERM\n<\/li>\n<li> Autoriza\u00e7\u00e3o de Reingresso <\/li>\n<\/ul>\n","protected":false},"excerpt":{"rendered":"<p>O fundador e advogado da empresa sabe melhor do que ningu\u00e9m a import\u00e2ncia de obter status legal nos Estados Unidos. Como um imigrante colombiano, passou por todos os processos at\u00e9 que finalmente conseguiu o maior presente de todos, a cidadania norte-americana. O processo de imigra\u00e7\u00e3o n\u00e3o \u00e9 t\u00e3o f\u00e1cil como muitos fazem parecer. A lei&#8230;<\/p>\n","protected":false},"author":1,"featured_media":0,"parent":0,"menu_order":0,"comment_status":"closed","ping_status":"open","template":"","meta":{"footnotes":""},"class_list":["post-10099","page","type-page","status-publish","hentry"],"aioseo_notices":[],"_links":{"self":[{"href":"https:\/\/thetlawfirm.com\/pt-br\/wp-json\/wp\/v2\/pages\/10099","targetHints":{"allow":["GET"]}}],"collection":[{"href":"https:\/\/thetlawfirm.com\/pt-br\/wp-json\/wp\/v2\/pages"}],"about":[{"href":"https:\/\/thetlawfirm.com\/pt-br\/wp-json\/wp\/v2\/types\/page"}],"author":[{"embeddable":true,"href":"https:\/\/thetlawfirm.com\/pt-br\/wp-json\/wp\/v2\/users\/1"}],"replies":[{"embeddable":true,"href":"https:\/\/thetlawfirm.com\/pt-br\/wp-json\/wp\/v2\/comments?post=10099"}],"version-history":[{"count":2,"href":"https:\/\/thetlawfirm.com\/pt-br\/wp-json\/wp\/v2\/pages\/10099\/revisions"}],"predecessor-version":[{"id":10101,"href":"https:\/\/thetlawfirm.com\/pt-br\/wp-json\/wp\/v2\/pages\/10099\/revisions\/10101"}],"wp:attachment":[{"href":"https:\/\/thetlawfirm.com\/pt-br\/wp-json\/wp\/v2\/media?parent=10099"}],"curies":[{"name":"wp","href":"https:\/\/api.w.org\/{rel}","templated":true}]}}