{"id":10102,"date":"2015-03-30T12:37:05","date_gmt":"2015-03-30T12:37:05","guid":{"rendered":"http:\/\/thetlawfirm.com\/bankruptcy-law-2\/"},"modified":"2015-05-24T19:26:08","modified_gmt":"2015-05-24T19:26:08","slug":"direito-falencial","status":"publish","type":"page","link":"https:\/\/thetlawfirm.com\/pt-br\/direito-falencial\/","title":{"rendered":"Direito Falencial"},"content":{"rendered":"<p>Voc\u00ea sente que est\u00e1 se afogando em d\u00edvidas? Voc\u00ea se sente oprimido pelas d\u00edvidas que tem? Voc\u00ea \u00e9 um indiv\u00edduo ou tem um pequeno neg\u00f3cio? N\u00e3o se sinta dessa maneira! Existem solu\u00e7\u00f5es legais para ajud\u00e1-lo a assumir o controle de seu bem-estar financeiro. N\u00f3s vamos ajud\u00e1-lo com suas preocupa\u00e7\u00f5es financeiras e tamb\u00e9m ajudar a acabar com o ass\u00e9dio do credor. Vamos avaliar o seu caso e determinar o melhor curso de a\u00e7\u00e3o para sua situa\u00e7\u00e3o. Voc\u00ea n\u00e3o est\u00e1 sozinho e n\u00f3s vamos estar com voc\u00ea a cada passo do processo. Lembre-se que as leis de fal\u00eancia foram criadas para proteg\u00ea-lo quando surgirem desafios financeiros. Se voc\u00ea possui um neg\u00f3cio ou tem um pequeno neg\u00f3cio, deixe-nos ajud\u00e1-lo a entender seus direitos e op\u00e7\u00f5es. Ligue hoje e avaliaremos gratuitamente o seu caso e as suas necessidades a respeito do direito falencial. Voc\u00ea ficar\u00e1 surpreso com os nossos pre\u00e7os acess\u00edveis.<\/p>\n<p><strong>Servi\u00e7os Oferecidos<\/strong><\/p>\n<ul>\n<li> Consultoria Financeira <\/li>\n<li> \u00danico meio de contato com credores <\/li>\n<li>Declara\u00e7\u00e3o de fal\u00eancia de acordo com o capitulo 7 (Individual e conjunto)\n<\/li>\n<li>Fal\u00eancia de pequenas empresas <\/li>\n<li>Protect your Home from Bankruptcy<\/li>\n<li>Consultoria sobre Consolida\u00e7\u00e3o versus Fal\u00eancia <\/li>\n<li>Consultoria sobre refinanciamento de dividas<\/li>\n<li> Convers\u00e3o do capitulo 13 para o capitulo 7<\/li>\n<\/ul>\n<ul>\n<li>Declara\u00e7\u00e3o de fal\u00eancia de acordo com o capitulo 7 (Individual e conjunto)\n<\/li>\n<li> Analise financeira de Empresa <\/li>\n<li> Representa\u00e7\u00e3o em Ju\u00edzo <\/li>\n<li>Fal\u00eancia e Divorcio <\/li>\n<li> Negocia\u00e7\u00e3o e acordo de d\u00edvidas <\/li>\n<li> Consultoria Jur\u00eddica <\/li>\n<li> Acabe com o ass\u00e9dio do credor <\/li>\n<\/ul>\n","protected":false},"excerpt":{"rendered":"<p>Voc\u00ea sente que est\u00e1 se afogando em d\u00edvidas? Voc\u00ea se sente oprimido pelas d\u00edvidas que tem? Voc\u00ea \u00e9 um indiv\u00edduo ou tem um pequeno neg\u00f3cio? N\u00e3o se sinta dessa maneira! Existem solu\u00e7\u00f5es legais para ajud\u00e1-lo a assumir o controle de seu bem-estar financeiro. N\u00f3s vamos ajud\u00e1-lo com suas preocupa\u00e7\u00f5es financeiras e tamb\u00e9m ajudar a acabar&#8230;<\/p>\n","protected":false},"author":1,"featured_media":0,"parent":0,"menu_order":0,"comment_status":"closed","ping_status":"open","template":"","meta":{"footnotes":""},"class_list":["post-10102","page","type-page","status-publish","hentry"],"aioseo_notices":[],"_links":{"self":[{"href":"https:\/\/thetlawfirm.com\/pt-br\/wp-json\/wp\/v2\/pages\/10102","targetHints":{"allow":["GET"]}}],"collection":[{"href":"https:\/\/thetlawfirm.com\/pt-br\/wp-json\/wp\/v2\/pages"}],"about":[{"href":"https:\/\/thetlawfirm.com\/pt-br\/wp-json\/wp\/v2\/types\/page"}],"author":[{"embeddable":true,"href":"https:\/\/thetlawfirm.com\/pt-br\/wp-json\/wp\/v2\/users\/1"}],"replies":[{"embeddable":true,"href":"https:\/\/thetlawfirm.com\/pt-br\/wp-json\/wp\/v2\/comments?post=10102"}],"version-history":[{"count":2,"href":"https:\/\/thetlawfirm.com\/pt-br\/wp-json\/wp\/v2\/pages\/10102\/revisions"}],"predecessor-version":[{"id":10104,"href":"https:\/\/thetlawfirm.com\/pt-br\/wp-json\/wp\/v2\/pages\/10102\/revisions\/10104"}],"wp:attachment":[{"href":"https:\/\/thetlawfirm.com\/pt-br\/wp-json\/wp\/v2\/media?parent=10102"}],"curies":[{"name":"wp","href":"https:\/\/api.w.org\/{rel}","templated":true}]}}