{"id":10105,"date":"2015-03-30T12:42:25","date_gmt":"2015-03-30T12:42:25","guid":{"rendered":"http:\/\/thetlawfirm.com\/family-law-2\/"},"modified":"2015-05-16T20:56:12","modified_gmt":"2015-05-16T20:56:12","slug":"direito-familiar","status":"publish","type":"page","link":"https:\/\/thetlawfirm.com\/pt-br\/direito-familiar\/","title":{"rendered":"Direito Familiar"},"content":{"rendered":"<p>Problemas familiares podem surgir e s\u00e3o muito comuns. Quando surgem essas quest\u00f5es, a vida fica um pouco mais confusa. Quest\u00f5es jur\u00eddicas familiares s\u00e3o complexas e exigem um advogado ao seu lado durante o processo. Vamos ajud\u00e1-lo a recuperar a normalidade em sua vida e evitar complica\u00e7\u00f5es posteriores. Ligue hoje e vamos avaliar a sua necessidades a respeito de direito familiar. Voc\u00ea ficar\u00e1 surpreso com os nossos pre\u00e7os acess\u00edveis.<\/p>\n<p><strong>Servi\u00e7os Oferecidos<\/strong><\/p>\n<ul>\n<li> Acordos Pr\u00e9 e P\u00f3s Nupcial <\/li>\n<li>Separa\u00e7\u00e3o de Bens e D\u00edvidas<\/li>\n<li>Peti\u00e7\u00e3o de teste de Paternidade<\/li>\n<li>Divorcio extrajudicial, consensual ou litigioso.<\/li>\n<li>Planos Parentais<\/li>\n<li>Pens\u00e3o \/ Altera\u00e7\u00f5es<\/li>\n<li>Custodia e Visita\u00e7\u00e3o de Crian\u00e7a<\/li>\n<li>Peti\u00e7\u00e3o de pens\u00e3o para crian\u00e7a\/Altera\u00e7\u00f5es<\/li>\n<\/ul>\n","protected":false},"excerpt":{"rendered":"<p>Problemas familiares podem surgir e s\u00e3o muito comuns. Quando surgem essas quest\u00f5es, a vida fica um pouco mais confusa. Quest\u00f5es jur\u00eddicas familiares s\u00e3o complexas e exigem um advogado ao seu lado durante o processo. Vamos ajud\u00e1-lo a recuperar a normalidade em sua vida e evitar complica\u00e7\u00f5es posteriores. Ligue hoje e vamos avaliar a sua necessidades&#8230;<\/p>\n","protected":false},"author":1,"featured_media":0,"parent":0,"menu_order":0,"comment_status":"closed","ping_status":"open","template":"","meta":{"footnotes":""},"class_list":["post-10105","page","type-page","status-publish","hentry"],"aioseo_notices":[],"_links":{"self":[{"href":"https:\/\/thetlawfirm.com\/pt-br\/wp-json\/wp\/v2\/pages\/10105","targetHints":{"allow":["GET"]}}],"collection":[{"href":"https:\/\/thetlawfirm.com\/pt-br\/wp-json\/wp\/v2\/pages"}],"about":[{"href":"https:\/\/thetlawfirm.com\/pt-br\/wp-json\/wp\/v2\/types\/page"}],"author":[{"embeddable":true,"href":"https:\/\/thetlawfirm.com\/pt-br\/wp-json\/wp\/v2\/users\/1"}],"replies":[{"embeddable":true,"href":"https:\/\/thetlawfirm.com\/pt-br\/wp-json\/wp\/v2\/comments?post=10105"}],"version-history":[{"count":2,"href":"https:\/\/thetlawfirm.com\/pt-br\/wp-json\/wp\/v2\/pages\/10105\/revisions"}],"predecessor-version":[{"id":10107,"href":"https:\/\/thetlawfirm.com\/pt-br\/wp-json\/wp\/v2\/pages\/10105\/revisions\/10107"}],"wp:attachment":[{"href":"https:\/\/thetlawfirm.com\/pt-br\/wp-json\/wp\/v2\/media?parent=10105"}],"curies":[{"name":"wp","href":"https:\/\/api.w.org\/{rel}","templated":true}]}}