{"id":10108,"date":"2015-04-02T13:15:15","date_gmt":"2015-04-02T13:15:15","guid":{"rendered":"http:\/\/thetlawfirm.com\/personal-injury-law-2\/"},"modified":"2015-05-16T21:05:53","modified_gmt":"2015-05-16T21:05:53","slug":"direito-por-danos-morais-ou-materiais","status":"publish","type":"page","link":"https:\/\/thetlawfirm.com\/pt-br\/direito-por-danos-morais-ou-materiais\/","title":{"rendered":"Direito por Danos Morais ou Materiais"},"content":{"rendered":"<p><strong><span style=\"text-decoration: underline;\">Acidentes de Tr\u00e2nsito<\/span><\/strong><\/p>\n<p>Envolver-se em um acidente de tr\u00e2nsito pode ser uma experi\u00eancia desagrad\u00e1vel, al\u00e9m de poder causar problemas financeiros e legais. Garantir uma representa\u00e7\u00e3o legal e s\u00f3lida ao seu lado \u00e9 uma decis\u00e3o importante que deve ser feita. Voc\u00ea sabe que os representantes de seguros podem contat\u00e1-lo para obter a sua vers\u00e3o do acidente? E se voc\u00ea revelar informa\u00e7\u00f5es sobre como os eventos aconteceram voc\u00ea poderia estar em desvantagem ao lutar por seus direitos. Portanto, voc\u00ea deve consultar um advogado em primeiro lugar para entender alguns fatores que podem afetar o seu processo. Vamos orient\u00e1-lo a cada passo do caminho. E n\u00e3o se esque\u00e7a de seguir as nossas 10 recomenda\u00e7\u00f5es caso voc\u00ea se veja envolvido em um acidente de tr\u00e2nsito.<\/p>\n<p><strong>O que fazer em caso de se envolver em um acidente de transito?<\/strong><\/p>\n<ol>\n<li>LIGUE. Ligue para a pol\u00edcia. N\u00e3o duvide.<\/li>\n<li>FOTOS. Use o seu telefone celular ou c\u00e2mera fotogr\u00e1fica para tirar fotos de qualquer dano feito ao seu veiculo.<\/li>\n<li>INFORMA\u00c7\u00d5ES PARA CONTATO. Assegure-se de anotar nome e telefone de testemunhas na cena do acidente.<\/li>\n<li>PASSAGEIROS. Anote se houver passageiros no outro carro<\/li>\n<li>LIGUE. Ligue para a sua asseguradora e informe-os do acidente. D\u00ea as informa\u00e7\u00f5es b\u00e1sicas e avise que o seu advogado entrar\u00e1 em contato. N\u00e3o aceite a culpa ou responsabilidade do acidente.<\/li>\n<li>INFORMA\u00c7\u00d5ES PARA CONTATO. Anote o nome e informa\u00e7\u00f5es da asseguradora da outra pessoa ou pessoas envolvidas no acidente.<\/li>\n<li>POL\u00cdCIA. Obtenha uma copia do reporte escrito feito pela pol\u00edcia, o qual lista as informa\u00e7\u00f5es dadas pelo outro condutor.<\/li>\n<li>AJUDA MEDICA. V\u00e1 ao medico e assegure-se de estar bem.<\/li>\n<li>AJUDA LEGAL. Ligue para o seu advogado e pe\u00e7a ajuda no processo.<\/li>\n<\/ol>\n<p>Lembre-se que, em caso de perda da causa, nenhuma taxa ser\u00e1 cobrada. Ligue ainda hoje!<\/p>\n","protected":false},"excerpt":{"rendered":"<p>Acidentes de Tr\u00e2nsito Envolver-se em um acidente de tr\u00e2nsito pode ser uma experi\u00eancia desagrad\u00e1vel, al\u00e9m de poder causar problemas financeiros e legais. Garantir uma representa\u00e7\u00e3o legal e s\u00f3lida ao seu lado \u00e9 uma decis\u00e3o importante que deve ser feita. Voc\u00ea sabe que os representantes de seguros podem contat\u00e1-lo para obter a sua vers\u00e3o do acidente?&#8230;<\/p>\n","protected":false},"author":1,"featured_media":0,"parent":0,"menu_order":0,"comment_status":"closed","ping_status":"open","template":"","meta":{"footnotes":""},"class_list":["post-10108","page","type-page","status-publish","hentry"],"aioseo_notices":[],"_links":{"self":[{"href":"https:\/\/thetlawfirm.com\/pt-br\/wp-json\/wp\/v2\/pages\/10108","targetHints":{"allow":["GET"]}}],"collection":[{"href":"https:\/\/thetlawfirm.com\/pt-br\/wp-json\/wp\/v2\/pages"}],"about":[{"href":"https:\/\/thetlawfirm.com\/pt-br\/wp-json\/wp\/v2\/types\/page"}],"author":[{"embeddable":true,"href":"https:\/\/thetlawfirm.com\/pt-br\/wp-json\/wp\/v2\/users\/1"}],"replies":[{"embeddable":true,"href":"https:\/\/thetlawfirm.com\/pt-br\/wp-json\/wp\/v2\/comments?post=10108"}],"version-history":[{"count":2,"href":"https:\/\/thetlawfirm.com\/pt-br\/wp-json\/wp\/v2\/pages\/10108\/revisions"}],"predecessor-version":[{"id":10110,"href":"https:\/\/thetlawfirm.com\/pt-br\/wp-json\/wp\/v2\/pages\/10108\/revisions\/10110"}],"wp:attachment":[{"href":"https:\/\/thetlawfirm.com\/pt-br\/wp-json\/wp\/v2\/media?parent=10108"}],"curies":[{"name":"wp","href":"https:\/\/api.w.org\/{rel}","templated":true}]}}