{"id":10111,"date":"2015-04-02T12:36:00","date_gmt":"2015-04-02T12:36:00","guid":{"rendered":"http:\/\/thetlawfirm.com\/mediation-law-2\/"},"modified":"2015-05-16T21:08:05","modified_gmt":"2015-05-16T21:08:05","slug":"mediacao","status":"publish","type":"page","link":"https:\/\/thetlawfirm.com\/pt-br\/mediacao\/","title":{"rendered":"Media\u00e7\u00e3o"},"content":{"rendered":"<p>Alguma vez ouviu algu\u00e9m dizer que um julgamento \u00e9 caro? Bem, quem o disse tinha raz\u00e3o. Felizmente, existe uma op\u00e7\u00e3o chamada Resolu\u00e7\u00e3o Alternativa de Lit\u00edgios (ADR suas siglas em Ingl\u00eas). Media\u00e7\u00e3o, que faz parte do ADR \u00e9 uma maneira de voc\u00ea evitar a despesa de ir a um julgamento. Um grande mediador \u00e9 aquele que n\u00e3o s\u00f3 tem experi\u00eancia, mas tamb\u00e9m tem um desejo real de chegar a um resultado favor\u00e1vel para seu cliente de forma eficiente e eficaz. Paci\u00eancia e tempo tamb\u00e9m s\u00e3o a chave para resolver um lit\u00edgio sem ter que chegar ao julgamento. Nossa empresa tem a capacidade de realizar uma sess\u00e3o de media\u00e7\u00e3o de meio dia ou dia inteiro de sess\u00e3o. Ligue hoje para ver como podemos assegurar que os procedimentos adequados sejam seguidos e que voc\u00ea seja tratado de forma justa. Voc\u00ea ficar\u00e1 surpreso com os nossos pre\u00e7os acess\u00edveis.<\/p>\n","protected":false},"excerpt":{"rendered":"<p>Alguma vez ouviu algu\u00e9m dizer que um julgamento \u00e9 caro? Bem, quem o disse tinha raz\u00e3o. Felizmente, existe uma op\u00e7\u00e3o chamada Resolu\u00e7\u00e3o Alternativa de Lit\u00edgios (ADR suas siglas em Ingl\u00eas). Media\u00e7\u00e3o, que faz parte do ADR \u00e9 uma maneira de voc\u00ea evitar a despesa de ir a um julgamento. Um grande mediador \u00e9 aquele que&#8230;<\/p>\n","protected":false},"author":1,"featured_media":0,"parent":0,"menu_order":0,"comment_status":"closed","ping_status":"open","template":"","meta":{"footnotes":""},"class_list":["post-10111","page","type-page","status-publish","hentry"],"aioseo_notices":[],"_links":{"self":[{"href":"https:\/\/thetlawfirm.com\/pt-br\/wp-json\/wp\/v2\/pages\/10111","targetHints":{"allow":["GET"]}}],"collection":[{"href":"https:\/\/thetlawfirm.com\/pt-br\/wp-json\/wp\/v2\/pages"}],"about":[{"href":"https:\/\/thetlawfirm.com\/pt-br\/wp-json\/wp\/v2\/types\/page"}],"author":[{"embeddable":true,"href":"https:\/\/thetlawfirm.com\/pt-br\/wp-json\/wp\/v2\/users\/1"}],"replies":[{"embeddable":true,"href":"https:\/\/thetlawfirm.com\/pt-br\/wp-json\/wp\/v2\/comments?post=10111"}],"version-history":[{"count":1,"href":"https:\/\/thetlawfirm.com\/pt-br\/wp-json\/wp\/v2\/pages\/10111\/revisions"}],"predecessor-version":[{"id":10112,"href":"https:\/\/thetlawfirm.com\/pt-br\/wp-json\/wp\/v2\/pages\/10111\/revisions\/10112"}],"wp:attachment":[{"href":"https:\/\/thetlawfirm.com\/pt-br\/wp-json\/wp\/v2\/media?parent=10111"}],"curies":[{"name":"wp","href":"https:\/\/api.w.org\/{rel}","templated":true}]}}