{"id":10114,"date":"2015-04-02T12:32:02","date_gmt":"2015-04-02T12:32:02","guid":{"rendered":"http:\/\/thetlawfirm.com\/other-laws-2\/"},"modified":"2015-05-16T21:11:03","modified_gmt":"2015-05-16T21:11:03","slug":"outras-areas","status":"publish","type":"page","link":"https:\/\/thetlawfirm.com\/pt-br\/outras-areas\/","title":{"rendered":"Outras \u00c1reas de Atua\u00e7\u00e3o em Direito"},"content":{"rendered":"<p>Fazer com que voc\u00ea se sinta confort\u00e1vel sobre o seu caso \u00e9 a nossa prioridade. Por esta raz\u00e3o, nossa empresa construiu uma rede de advogados que, sem d\u00favida, podem trabalhar de m\u00e3os dadas com a nossa empresa para lidar com quaisquer quest\u00f5es legais que voc\u00ea possa enfrentar. Ligue hoje e deixe o nosso escrit\u00f3rio gui\u00e1-lo na dire\u00e7\u00e3o certa.<\/p>\n","protected":false},"excerpt":{"rendered":"<p>Fazer com que voc\u00ea se sinta confort\u00e1vel sobre o seu caso \u00e9 a nossa prioridade. Por esta raz\u00e3o, nossa empresa construiu uma rede de advogados que, sem d\u00favida, podem trabalhar de m\u00e3os dadas com a nossa empresa para lidar com quaisquer quest\u00f5es legais que voc\u00ea possa enfrentar. Ligue hoje e deixe o nosso escrit\u00f3rio gui\u00e1-lo&#8230;<\/p>\n","protected":false},"author":1,"featured_media":0,"parent":0,"menu_order":0,"comment_status":"closed","ping_status":"open","template":"","meta":{"footnotes":""},"class_list":["post-10114","page","type-page","status-publish","hentry"],"aioseo_notices":[],"_links":{"self":[{"href":"https:\/\/thetlawfirm.com\/pt-br\/wp-json\/wp\/v2\/pages\/10114","targetHints":{"allow":["GET"]}}],"collection":[{"href":"https:\/\/thetlawfirm.com\/pt-br\/wp-json\/wp\/v2\/pages"}],"about":[{"href":"https:\/\/thetlawfirm.com\/pt-br\/wp-json\/wp\/v2\/types\/page"}],"author":[{"embeddable":true,"href":"https:\/\/thetlawfirm.com\/pt-br\/wp-json\/wp\/v2\/users\/1"}],"replies":[{"embeddable":true,"href":"https:\/\/thetlawfirm.com\/pt-br\/wp-json\/wp\/v2\/comments?post=10114"}],"version-history":[{"count":2,"href":"https:\/\/thetlawfirm.com\/pt-br\/wp-json\/wp\/v2\/pages\/10114\/revisions"}],"predecessor-version":[{"id":10117,"href":"https:\/\/thetlawfirm.com\/pt-br\/wp-json\/wp\/v2\/pages\/10114\/revisions\/10117"}],"wp:attachment":[{"href":"https:\/\/thetlawfirm.com\/pt-br\/wp-json\/wp\/v2\/media?parent=10114"}],"curies":[{"name":"wp","href":"https:\/\/api.w.org\/{rel}","templated":true}]}}