{"id":10136,"date":"2014-04-23T10:38:38","date_gmt":"2014-04-23T10:38:38","guid":{"rendered":"http:\/\/thetlawfirm.com\/about-the-firm-2\/"},"modified":"2015-06-09T11:57:23","modified_gmt":"2015-06-09T11:57:23","slug":"quem-somos","status":"publish","type":"page","link":"https:\/\/thetlawfirm.com\/pt-br\/quem-somos\/","title":{"rendered":"Quem somos"},"content":{"rendered":"<div class=\"row \"><div class=\"wpv-grid grid-1-1  wpv-first-level first unextended\" style=\"padding-top:0px;padding-bottom:0px\" id=\"about-content\" ><div class=\"push\" style='height:70px'><\/div><\/div><\/div>\n<div class=\"row \"><div class=\"wpv-grid grid-1-3  wpv-first-level first unextended\" style=\"padding-top:0px;padding-bottom:0px\" id=\"wpv-column-e4fc24c63d8ca2eff9df3acaac86136b\" ><div class=\"team-member has-content\">\n\t\t<div class=\"thumbnail\">\n\t\t\t\t\t<a href=\"\/attorneys\/antonio-calero\/\" title=\"F. Antonio Calero, J.D.\">\n\t\t\t\t\t<img loading=\"lazy\" decoding=\"async\" width=\"300\" height=\"312\" src=\"https:\/\/thetlawfirm.com\/wp-content\/uploads\/2014\/04\/11042014Fidel_Calero014.png\" class=\"attachment-full size-full\" alt=\"\" srcset=\"https:\/\/thetlawfirm.com\/wp-content\/uploads\/2014\/04\/11042014Fidel_Calero014.png 300w, https:\/\/thetlawfirm.com\/wp-content\/uploads\/2014\/04\/11042014Fidel_Calero014-288x300.png 288w, https:\/\/thetlawfirm.com\/wp-content\/uploads\/2014\/04\/11042014Fidel_Calero014-262x272.png 262w\" sizes=\"auto, (max-width: 300px) 100vw, 300px\" \/>\t\t\t\t\t<\/a>\n\t\t\t<\/div>\n\t\t<div class=\"team-member-info\">\n\t\t<h3>\n\t\t\t\t\t\t\t<a href=\"\/attorneys\/antonio-calero\/\" title=\"F. Antonio Calero, J.D.\">\n\t\t\t\t\t\t\tF. Antonio Calero, J.D.\t\t\t\t\t\t\t<\/a>\n\t\t\t\t\t<\/h3>\n\t\t\t\t\t<h5 class=\"regular-title-wrapper team-member-position\"> Advogado <\/h5>\n\t\t\t\t\t\t\t<div><a href=\"mailto:calero@thetlawfirm.com\" title=\"email F. Antonio Calero, J.D.\">calero@thetlawfirm.com<\/a><\/div>\n\t\t\t\t\t\t\t<div class=\"team-member-phone\"><a href=\"tel:18779008522\" title=\"Call F. Antonio Calero, J.D.\">1.877.900.8522<\/a><\/div>\n\t\t\t\t<div class=\"share-icons clearfix\">\n\t\t\t\t\t\t\t\t<a href=\"https:\/\/plus.google.com\/+Thetlawfirm\" title=\"\" target=\"_blank\"><span class='icon shortcode   use-hover' style=''>&#58150;<\/span><\/a>\n\t\t\t\t\t\t\t\t<a href=\"https:\/\/www.facebook.com\/TheTLawFirm\" title=\"\" target=\"_blank\"><span class='icon shortcode   use-hover' style=''>&#58155;<\/span><\/a>\n\t\t\t\t\t\t\t\t<a href=\"https:\/\/twitter.com\/thetlawfirm\" title=\"\" target=\"_blank\"><span class='icon shortcode   use-hover' style=''>&#58159;<\/span><\/a>\n\t\t\t\t\t\t\t\t<a href=\"https:\/\/www.youtube.com\/watch?v=R9vHOH4RJJs\" title=\"\" target=\"_blank\"><span class='icon shortcode   use-hover' style=''>&#58165;<\/span><\/a>\n\t\t\t\t\t<\/div>\n\t<\/div>\n\t\t<div class=\"team-member-bio\">\n\t\tAntonio Calero \u00e9 o fundador e advogado principal da empresa. Ele \u00e9 um advogado bem sucedido na \u00e1rea de direito Civil, que tem prestado consultoria a v\u00e1rias empresas de diferentes ind\u00fastrias em assuntos contratuais de vendas e centrados no cliente.<\/p>\n<p><a href=\"https:\/\/thetlawfirm.com\/pt-br\/antonio-calero\/\">LEIA COMPLETA BIO \u2192<\/a><br \/>\t<\/div>\n\t<\/div>\n<\/div>\n<div class=\"wpv-grid grid-1-3  wpv-first-level unextended\" style=\"padding-top:0px;padding-bottom:0px\" id=\"wpv-column-580a95c30d9ffa03c6325ba1294f5da5\" ><div class=\"row \"><div class=\"wpv-grid grid-1-1  first unextended animation-from-bottom animated-active\" style=\"padding-top:0px;padding-bottom:0px\" id=\"wpv-column-bf8b0a642c8bc011fbab0982dc5e60dd\" ><div class=\"clearfix dropcap-wrapper\"><div class=\"dropcap-left\"><span class='dropcap1 '>1<\/span><\/div><div class=\"dropcap-text\"> Mensagem do Fundador e Advogado Principal<\/div> <\/div><div class=\"push\" style='height:20px'><\/div>Sabemos que h\u00e1 muitas op\u00e7\u00f5es de empresas que poderiam represent\u00e1-lo e, por isso, agradecemos a sua visita.<\/p>\n<p>Nos orgulhamos em oferecer a cada cliente uma experi\u00eancia personalizada com servi\u00e7os exclusivos.<\/p>\n<p>N\u00e3o temos d\u00favida de que os nossos servi\u00e7os lhe proporcionar\u00e3o uma experi\u00eancia positiva em meio a um momento confuso e cheio de d\u00favidas.<\/p>\n<p>Espero que depois de analisar os nossos servi\u00e7os, experi\u00eancia, forma\u00e7\u00e3o, miss\u00e3o e valores da empresa, voc\u00ea venha a se tornar parte da nossa comunidade crescente.<\/div><\/div>\n<div class=\"row \"><div class=\"wpv-grid grid-1-1  first unextended animation-from-bottom animated-active\" style=\"padding-top:0px;padding-bottom:0px\" id=\"wpv-column-1da8be91f1123fb02a9436c155330dde\" ><div class=\"push\" style='height:20px'><\/div><div class=\"clearfix dropcap-wrapper\"><div class=\"dropcap-left\"><span class='dropcap1 '>3<\/span><\/div><div class=\"dropcap-text\"> A empresa est\u00e1 empenhada em oferecer ao cliente uma experi\u00eancia satisfat\u00f3ria e frut\u00edfera.<\/div> <\/div><div class=\"push\" style='height:20px'><\/div>Como o fundador e advogado principal, caminharei com voc\u00ea a cada passo do processo at\u00e9 que o problema seja resolvido.<\/p>\n<p>A empresa tem a experi\u00eancia, compromisso, integridade, valores, e compaix\u00e3o necess\u00e1rias para atender \u00e0s suas preocupa\u00e7\u00f5es.<\/p>\n<p>Sinto-me honrado pelo seu interesse em nossos servi\u00e7os e espero que possamos atend\u00ea-lo agora e no futuro.<\/div><\/div><\/div>\n<div class=\"wpv-grid grid-1-3  wpv-first-level unextended\" style=\"padding-top:0px;padding-bottom:0px\" id=\"wpv-column-3cf860a7f8a2c2df30038c79c5303947\" ><div class=\"row \"><div class=\"wpv-grid grid-1-1  first unextended animation-from-bottom animated-active\" style=\"padding-top:0px;padding-bottom:0px\" id=\"wpv-column-3ce031d7a78b89f2dead5a7ad02c8a81\" ><div class=\"clearfix dropcap-wrapper\"><div class=\"dropcap-left\"><span class='dropcap1 '>2<\/span><\/div><div class=\"dropcap-text\">We fight to protect your legal rights under the law<\/div> <\/div><div class=\"push\" style='height:20px'><\/div>A empresa foi criada porque h\u00e1 uma necessidade em nossa comunidade, seja nos Estados Unidos ou afora, por uma empresa que seja verdadeiramente apaixonada e comprometida em todos os sentidos, para lhe proporcionar um resultado favor\u00e1vel.<\/p>\n<p>Voc\u00ea vai descobrir que a nossa empresa abra\u00e7a nossa miss\u00e3o e vis\u00e3o para lhe proporcionar pr\u00e1ticas e inovadoras, modernas solu\u00e7\u00f5es jur\u00eddicas.<\/p>\n<p>Como imigrante, entendo as necessidades da nossa comunidade e o medo que muitos de n\u00f3s vivemos por n\u00e3o compreender os nossos direitos.<\/div><\/div>\n<div class=\"row \"><div class=\"wpv-grid grid-1-1  first unextended animation-from-bottom animated-active\" style=\"padding-top:0px;padding-bottom:0px\" id=\"wpv-column-11dc0bf21d7a901b84258b8ee3e503ca\" ><div class=\"push\" style='height:60px'><\/div>Como sempre, estamos h\u00e1 um telefonema de dist\u00e2ncia e ser\u00e1 um prazer conversar com voc\u00ea mais afundo sobre suas necessidades legais. Ligue-nos hoje para uma avalia\u00e7\u00e3o gratuita do seu caso.<\/div><\/div><\/div><\/div>\n<div class=\"push\" style='margin-bottom:-32px'><\/div>\n<div class=\"sep\"><\/div>\n<div class=\"row \"><div class=\"wpv-grid grid-1-1  wpv-first-level first unextended\" style=\"padding-top:0px;padding-bottom:0px\" id=\"wpv-column-3c27d568bae179b6559c16bb6447940e\" ><p><iframe loading=\"lazy\" src=\"https:\/\/www.youtube.com\/embed\/vzT5Ss9cNrw\" width=\"1140\" height=\"560\" frameborder=\"0\" allowfullscreen=\"allowfullscreen\"><\/iframe><\/div><\/div>\n<div class=\"push\" style='height:30px'><\/div>\n","protected":false},"excerpt":{"rendered":"<p>Sabemos que h\u00e1 muitas op\u00e7\u00f5es de empresas que poderiam represent\u00e1-lo e, por isso, agradecemos a sua visita. Nos orgulhamos em oferecer a cada cliente uma experi\u00eancia personalizada com servi\u00e7os exclusivos. N\u00e3o temos d\u00favida de que os nossos servi\u00e7os lhe proporcionar\u00e3o uma experi\u00eancia positiva em meio a um momento confuso e cheio de d\u00favidas. Espero que&#8230;<\/p>\n","protected":false},"author":1,"featured_media":0,"parent":0,"menu_order":0,"comment_status":"closed","ping_status":"closed","template":"","meta":{"footnotes":""},"class_list":["post-10136","page","type-page","status-publish","hentry"],"aioseo_notices":[],"_links":{"self":[{"href":"https:\/\/thetlawfirm.com\/pt-br\/wp-json\/wp\/v2\/pages\/10136","targetHints":{"allow":["GET"]}}],"collection":[{"href":"https:\/\/thetlawfirm.com\/pt-br\/wp-json\/wp\/v2\/pages"}],"about":[{"href":"https:\/\/thetlawfirm.com\/pt-br\/wp-json\/wp\/v2\/types\/page"}],"author":[{"embeddable":true,"href":"https:\/\/thetlawfirm.com\/pt-br\/wp-json\/wp\/v2\/users\/1"}],"replies":[{"embeddable":true,"href":"https:\/\/thetlawfirm.com\/pt-br\/wp-json\/wp\/v2\/comments?post=10136"}],"version-history":[{"count":7,"href":"https:\/\/thetlawfirm.com\/pt-br\/wp-json\/wp\/v2\/pages\/10136\/revisions"}],"predecessor-version":[{"id":10410,"href":"https:\/\/thetlawfirm.com\/pt-br\/wp-json\/wp\/v2\/pages\/10136\/revisions\/10410"}],"wp:attachment":[{"href":"https:\/\/thetlawfirm.com\/pt-br\/wp-json\/wp\/v2\/media?parent=10136"}],"curies":[{"name":"wp","href":"https:\/\/api.w.org\/{rel}","templated":true}]}}