{"id":10141,"date":"2014-05-28T00:23:46","date_gmt":"2014-05-28T00:23:46","guid":{"rendered":"http:\/\/thetlawfirm.com\/?page_id=10141"},"modified":"2015-06-09T11:59:04","modified_gmt":"2015-06-09T11:59:04","slug":"antonio-calero","status":"publish","type":"page","link":"https:\/\/thetlawfirm.com\/pt-br\/antonio-calero\/","title":{"rendered":"F. Antonio Calero, J.D."},"content":{"rendered":"<div class=\"row \"><div class=\"wpv-grid grid-1-3  wpv-first-level first has-background unextended\" style=\"\n\t\t\t\tbackground: url( 'https:\/\/thetlawfirm.com\/wp-content\/uploads\/2014\/05\/11042014Fidel_Calero014_3.jpg' ) no-repeat right center;\n\t\t\t\tbackground-size: auto;\n\t\t\tpadding-top:500px;padding-bottom:0px\" id=\"wpv-column-e2b1ff8152c6a53045e4a1af98c54914\" ><\/div>\n<div class=\"wpv-grid grid-1-3 add-border wpv-first-level unextended\" style=\"padding-top:20px;padding-bottom:15px\" id=\"wpv-column-9833031dc3d87983e08ba721d98edb88\" ><div class=\"row \"><div class=\"wpv-grid grid-1-1  first unextended animation-fade-in animated-active\" style=\"padding-top:0px;padding-bottom:0px\" id=\"wpv-column-68ed8064c79854598e1e6e9165c23e38\" ><h4 style=\"padding-left: 20px;\">CONTATOS<\/h4>\n<p style=\"padding-left: 20px;\">Tel: 1.877.900.8522<br \/>\nFax: 305.239.8770<br \/>\n<a href=\"mailto:calero@thetlawfirm.com\">calero@TheTLawFirm.com<\/a><br \/>\n<a href=\"http:\/\/www.thetlawfirm.com\">www.TheTLawFirm.com<\/a><\/p>\n<p style=\"padding-left: 20px;\"><a href=\"https:\/\/www.facebook.com\/TheTLawFirm\"> <span class='icon shortcode   use-hover' style='font-size:16px !important;color:#C7A95F;'>&#58155;<\/span><\/a>\u00a0 <a href=\"https:\/\/twitter.com\/thetlawfirm\"><span class='icon shortcode   use-hover' style='font-size:16px !important;color:#C7A95F;'>&#58159;<\/span><\/a><br \/>\n<div class=\"push\" style='height:10px'><\/div>\n<h4 style=\"padding-left: 20px;\">\u00c1REAS DE ATUA\u00c7\u00c3O<\/h4>\n<p style=\"padding-left: 20px;\"><a href=\"https:\/\/thetlawfirm.com\/pt-br\/direito-corporativo-e-empresarial\/\">Direito Corporativo e Empresarial \u2192<\/a><br \/>\n<a href=\"https:\/\/thetlawfirm.com\/pt-br\/direito-imobiliario\/\">Direito Imobili\u00e1rio \u2192<\/a><br \/>\n<a href=\"https:\/\/thetlawfirm.com\/pt-br\/direito-imigratorio\/\">Direito Imigrat\u00f3rio \u2192<\/a><br \/>\n<a href=\"https:\/\/thetlawfirm.com\/pt-br\/direito-falencial\/\">Direito Falencial \u2192<\/a><br \/>\n<a href=\"https:\/\/thetlawfirm.com\/pt-br\/direito-familiar\/\">Direito Familiar \u2192<\/a><br \/>\n<a href=\"https:\/\/thetlawfirm.com\/pt-br\/direito-por-danos-morais-ou-materiais\/\">Direito por Danos Morais ou Materiais \u2192<\/a><br \/>\n<a href=\"https:\/\/thetlawfirm.com\/pt-br\/mediacao\/\">Media\u00e7\u00e3o \u2192<\/a><br \/>\n<a href=\"https:\/\/thetlawfirm.com\/pt-br\/outras-areas\/\">Outras \u00c1reas de Atua\u00e7\u00e3o em Direito \u2192<\/a><br \/>\n<div class=\"push\" style='height:10px'><\/div><\/div><\/div><\/div><\/div>\n<div class=\"push\" style='height:50px'><\/div>\n<div class=\"clearfix dropcap-wrapper\"><div class=\"dropcap-left\"><span class='dropcap1 '>C<\/span><\/div><div class=\"dropcap-text\">URRICULUM VITAE.<\/div> <\/div><div class=\"push\" style='height:20px'><\/div>Antonio Calero \u00e9 o fundador e advogado principal da empresa. Ele \u00e9 um advogado bem sucedido na \u00e1rea de direito Civil, que tem prestado consultoria a v\u00e1rias empresas de diferentes ind\u00fastrias em assuntos contratuais de vendas e centrados no cliente.<\/p>\n<p>Antonio nasceu na Col\u00f4mbia e se mudou para os EUA com 10 anos de idade, cursou o ensino m\u00e9dio na Miami Beach Senior High School e graduou-se com honras em 1999. Antonio obteve seu diploma de gradua\u00e7\u00e3o pela St. Thomas University (2003) em justi\u00e7a criminal e um menor em psicologia.<\/p>\n<p>Al\u00e9m disso, ele obteve o diploma de Mestre em Administra\u00e7\u00e3o de Empresas (MBA) pela Nova Southeastern University (2007). Ap\u00f3s a obten\u00e7\u00e3o de seu mestrado, Antonio decidiu prosseguir para o seu doutorado em Direito (JD) na Florida A &amp; M College of Law (2011).<\/p>\n<p>Antonio tamb\u00e9m tem v\u00e1rias certifica\u00e7\u00f5es. Ele recebeu um certificado de gradua\u00e7\u00e3o em Seguran\u00e7a Nacional e Terrorismo pela St. Thomas University (2003) e uma certifica\u00e7\u00e3o da Suprema Corte da Fl\u00f3rida como um mediador certificado (2013). Durante as suas certifica\u00e7\u00f5es, Licenciatura, Mestrado e Doutorado, Antonio trabalhou em tempo integral e fez quest\u00e3o de se manter em contato com a comunidade.<\/p>\n<p>Antonio tem dado palestras em todo o pa\u00eds por cerca de 10 anos sobre t\u00f3picos que incluem educa\u00e7\u00e3o e quest\u00f5es financeiras. Alguns dos locais onde tem falado incluem associa\u00e7\u00f5es financeiras de todo o pa\u00eds, eventos de entidades governamentais e Universidades ao redor dos Estados Unidos. Pela sua experi\u00eancia em falar ao p\u00fablico, Antonio foi convidado para ser o orador principal do Academic Excellence and Scholarship Ceremony no Miami Dade College em 2014.<\/p>\n<p>Antonio acredita em ajudar \u00e0 comunidade e \u00e9 um defensor da educa\u00e7\u00e3o e motiva\u00e7\u00e3o dos menos privilegiados. Ele \u00e9 fluente em espanhol e \u00e9 um advogado licenciado pela Florida.<\/p>\n<div class=\"push\" style='height:20px'><\/div>\n<h3>EDUCA\u00c7\u00c3O<\/h3>\n<p>Florida A&amp;M College of Law, J.D., 2011<br \/>\nNova Southeastern University, M.B.A., 2007<br \/>\nSt. Thomas University, 2003<br \/>\n<div class=\"push\" style='height:20px'><\/div>\n<h3>CERTIFICADOS<\/h3>\n<p>Licensed Florida Attorney<br \/>\nSupreme Court of Florida, 2014<\/p>\n<p>Certified County Mediator<br \/>\nSupreme Court of Florida, 2013<\/p>\n<p>Homeland Security\/Terrorism<br \/>\nSt. Thomas University, 2003<br \/>\n<div class=\"push\" style='height:20px'><\/div>\n<h3>ASSOCIA\u00c7\u00d5ES<\/h3>\n<p>The Florida Bar<br \/>\nThe Florida Bar (Real Property, Probate Section)<br \/>\nThe Florida Bar (Business Law Section)<br \/>\nBroward Bar Association<br \/>\nMiami Dade Bar Association<br \/>\nAmerican Bar Association<br \/>\nHispanic National Bar Association<br \/>\nAmerican Immigration Lawyers Associations (National)<br \/>\nAmerican Immigration Lawyers Associations (South Florida Chapter)<\/p>\n<div class=\"row \"><div class=\"wpv-grid grid-1-1  wpv-first-level first unextended animation-from-bottom animated-active\" style=\"padding-top:15px;padding-bottom:60px\" id=\"wpv-column-90b8d59d38dfb86de3e92208f744ead3\" >\t\t<div class=\"sep-text single centered\">\n\t\t\t\t\t\t\t<span class=\"sep-text-before\"><div class=\"sep-text-line\"><\/div><\/span>\n\t\t\t\t\t\t<div class=\"content\">\n\t\t\t\t<h2 class=\"text-divider-double\">ENTRE EM CONTATO COMIGO<\/h2>\t\t\t<\/div>\n\t\t\t<span class=\"sep-text-after\"><div class=\"sep-text-line\"><\/div><\/span>\n\t\t\t\t\t<\/div>\n\t<div class=\"push\" style='height:10px'><\/div>\n<p>\n<div class=\"wpcf7 no-js\" id=\"wpcf7-f10248-o1\" lang=\"en-US\" dir=\"ltr\" data-wpcf7-id=\"10248\">\n<div class=\"screen-reader-response\"><p role=\"status\" aria-live=\"polite\" aria-atomic=\"true\"><\/p> <ul><\/ul><\/div>\n<form action=\"\/pt-br\/wp-json\/wp\/v2\/pages\/10141#wpcf7-f10248-o1\" method=\"post\" class=\"wpcf7-form init\" aria-label=\"Contact form\" novalidate=\"novalidate\" data-status=\"init\">\n<div style=\"display: none;\">\n<input type=\"hidden\" name=\"_wpcf7\" value=\"10248\" \/>\n<input type=\"hidden\" name=\"_wpcf7_version\" value=\"6.0.6\" \/>\n<input type=\"hidden\" name=\"_wpcf7_locale\" value=\"en_US\" \/>\n<input type=\"hidden\" name=\"_wpcf7_unit_tag\" value=\"wpcf7-f10248-o1\" \/>\n<input type=\"hidden\" name=\"_wpcf7_container_post\" value=\"0\" \/>\n<input type=\"hidden\" name=\"_wpcf7_posted_data_hash\" value=\"\" \/>\n<\/div>\n<div class=\"row\">\n\t<div class=\"grid-1-3\">\n\t\t<p><span class=\"wpcf7-form-control-wrap\" data-name=\"Name\"><input size=\"40\" maxlength=\"400\" class=\"wpcf7-form-control wpcf7-text wpcf7-validates-as-required\" aria-required=\"true\" aria-invalid=\"false\" placeholder=\"Nome\" value=\"\" type=\"text\" name=\"Name\" \/><\/span>\n\t\t<\/p>\n\t<\/div>\n\t<div class=\"grid-1-3\">\n\t\t<p><span class=\"wpcf7-form-control-wrap\" data-name=\"E-mail\"><input size=\"40\" maxlength=\"400\" class=\"wpcf7-form-control wpcf7-text wpcf7-validates-as-required\" aria-required=\"true\" aria-invalid=\"false\" placeholder=\"Telefone\" value=\"\" type=\"text\" name=\"E-mail\" \/><\/span>\n\t\t<\/p>\n\t<\/div>\n\t<div class=\"grid-1-3\">\n\t\t<p><span class=\"wpcf7-form-control-wrap\" data-name=\"Phone\"><input size=\"40\" maxlength=\"400\" class=\"wpcf7-form-control wpcf7-text\" aria-invalid=\"false\" placeholder=\"Phone\" value=\"\" type=\"text\" name=\"Phone\" \/><\/span>\n\t\t<\/p>\n\t<\/div>\n\t<div class=\"grid-1-1\">\n\t\t<p><span class=\"wpcf7-form-control-wrap\" data-name=\"Message\"><textarea cols=\"40\" rows=\"7\" maxlength=\"2000\" class=\"wpcf7-form-control wpcf7-textarea wpcf7-validates-as-required\" aria-required=\"true\" aria-invalid=\"false\" placeholder=\"Sua mensagem...\" name=\"Message\"><\/textarea><\/span>\n\t\t<\/p>\n\t<\/div>\n\t<div class=\"grid-1-1\">\n\t\t<p><input class=\"wpcf7-form-control wpcf7-submit has-spinner\" type=\"submit\" value=\"Envier \u2192\" \/>\n\t\t<\/p>\n\t<\/div>\n<\/div><div class=\"wpcf7-response-output\" aria-hidden=\"true\"><\/div>\n<\/form>\n<\/div>\n<\/div><\/div>\n","protected":false},"excerpt":{"rendered":"<p>CONTATOS Tel: 1.877.900.8522 Fax: 305.239.8770 calero@TheTLawFirm.com www.TheTLawFirm.com \u00a0 \u00c1REAS DE ATUA\u00c7\u00c3O Direito Corporativo e Empresarial \u2192 Direito Imobili\u00e1rio \u2192 Direito Imigrat\u00f3rio \u2192 Direito Falencial \u2192 Direito Familiar \u2192 Direito por Danos Morais ou Materiais \u2192 Media\u00e7\u00e3o \u2192 Outras \u00c1reas de Atua\u00e7\u00e3o em Direito \u2192 Antonio Calero \u00e9 o fundador e advogado principal da empresa. Ele&#8230;<\/p>\n","protected":false},"author":1,"featured_media":0,"parent":0,"menu_order":0,"comment_status":"closed","ping_status":"closed","template":"","meta":{"footnotes":""},"class_list":["post-10141","page","type-page","status-publish","hentry"],"aioseo_notices":[],"_links":{"self":[{"href":"https:\/\/thetlawfirm.com\/pt-br\/wp-json\/wp\/v2\/pages\/10141","targetHints":{"allow":["GET"]}}],"collection":[{"href":"https:\/\/thetlawfirm.com\/pt-br\/wp-json\/wp\/v2\/pages"}],"about":[{"href":"https:\/\/thetlawfirm.com\/pt-br\/wp-json\/wp\/v2\/types\/page"}],"author":[{"embeddable":true,"href":"https:\/\/thetlawfirm.com\/pt-br\/wp-json\/wp\/v2\/users\/1"}],"replies":[{"embeddable":true,"href":"https:\/\/thetlawfirm.com\/pt-br\/wp-json\/wp\/v2\/comments?post=10141"}],"version-history":[{"count":14,"href":"https:\/\/thetlawfirm.com\/pt-br\/wp-json\/wp\/v2\/pages\/10141\/revisions"}],"predecessor-version":[{"id":10246,"href":"https:\/\/thetlawfirm.com\/pt-br\/wp-json\/wp\/v2\/pages\/10141\/revisions\/10246"}],"wp:attachment":[{"href":"https:\/\/thetlawfirm.com\/pt-br\/wp-json\/wp\/v2\/media?parent=10141"}],"curies":[{"name":"wp","href":"https:\/\/api.w.org\/{rel}","templated":true}]}}