{"id":10145,"date":"2013-03-22T14:19:51","date_gmt":"2013-03-22T14:19:51","guid":{"rendered":"http:\/\/thetlawfirm.com\/contact-us-2\/"},"modified":"2015-06-06T17:35:27","modified_gmt":"2015-06-06T17:35:27","slug":"fale-conosco","status":"publish","type":"page","link":"https:\/\/thetlawfirm.com\/pt-br\/fale-conosco\/","title":{"rendered":"Fale Conosco"},"content":{"rendered":"<div class=\"row \"><div class=\"wpv-grid grid-1-1  wpv-first-level first unextended\" style=\"padding-top:0px;padding-bottom:0px\" id=\"wpv-column-00494d57d714056468872cab57f13960\" >\t\t<h2 class=\"text-divider-double\">\t\t\tEstamos sediados em Miami Lakes, Florida\t\t<\/h2>\t\t<div class=\"sep\"><\/div>\t<div class=\"row \"><div class=\"wpv-grid grid-1-1  first unextended animation-fade-in animated-active\" style=\"padding-top:0px;padding-bottom:0px\" id=\"wpv-column-a2205ab3c7c23f015a60bca27a4e76d3\" ><div class=\"push\" style='margin-bottom:-30px'><\/div>\n<p style=\"text-align: center;\"><span class=\"vamtam-font-style-2 accent-4\"> Solu\u00e7\u00f5es Jur\u00eddicas Pr\u00e1ticas, Inovadoras e Modernas<\/span><br \/>\n<div class=\"push\" style='height:30px'><\/div><\/div><\/div>\n<div class=\"row \"><div class=\"wpv-grid grid-1-4  first unextended animation-fade-in animated-active\" style=\"padding-top:0px;padding-bottom:0px\" id=\"wpv-column-6e61537d80ec6d74307769d4a3d5c874\" ><p style=\"text-align: center;\"><span class='icon shortcode theme  use-hover' style='font-size:32px !important;color:#C7A95F;'>&#57547;<\/span>\n<p style=\"text-align: center;\">7900 Oak Lane, Suite 400<br \/>\nMiami Lakes, FL 33016<br \/>\n<a href=\"#\">Mapa\u00a0\u2192<\/a><\/div>\n<div class=\"wpv-grid grid-1-4  unextended animation-fade-in animated-active\" style=\"padding-top:0px;padding-bottom:0px\" id=\"wpv-column-e4daeeb9c4e84eb0d828d57b91f4e7d2\" ><p style=\"text-align: center;\"><span class='icon shortcode theme  use-hover' style='font-size:32px !important;color:#C7A95F;'>&#57530;<\/span>\n<p style=\"text-align: center;\">DIAS DE SEMANA: 8:30AM \u2013 7:00PM<br \/>\nS\u00c1BADO: 09:00AM-5:00PM<br \/>\nDOMINGO: FECHADO<\/div>\n<div class=\"wpv-grid grid-1-4  unextended animation-fade-in animated-active\" style=\"padding-top:0px;padding-bottom:0px\" id=\"wpv-column-c6a0aaa1c5cfa7f16cce5117db961c9b\" ><p style=\"text-align: center;\"><span class='icon shortcode theme  use-hover' style='font-size:32px !important;color:#C7A95F;'>&#57563;<\/span>\n<p style=\"text-align: center;\"><a href=\"mailto:calero@thetlawfirm.com\">calero@TheTLawFirm.com<\/a><\/div>\n<div class=\"wpv-grid grid-1-4  unextended animation-fade-in animated-active\" style=\"padding-top:0px;padding-bottom:0px\" id=\"wpv-column-58f28b18321915db12e3baaced830b60\" ><p style=\"text-align: center;\"><span class='icon shortcode theme  use-hover' style='font-size:32px !important;color:#C7A95F;'>&#57471;<\/span>\n<p style=\"text-align: center;\">Tel: 1.877.900.8522<br \/>\nFax: 305.239.8770<\/div><\/div>\n<div class=\"push\" style='margin-bottom:-40px'><\/div>\n<div class=\"sep-3\"><\/div>\n<div class=\"row \"><div class=\"wpv-grid grid-1-1  first unextended animation-zoom-in animated-active\" style=\"padding-top:0px;padding-bottom:0px\" id=\"wpv-column-aaa1f37b114925db6361a113dcc7ac66\" ><div class=\"push\" style='margin-bottom:-10px'><\/div>\n<p style=\"text-align: center;\"><a href=\"https:\/\/www.facebook.com\/TheTLawFirm\"> <span class='icon shortcode   use-hover' style='font-size:16px !important;color:#9c9c9c;'>&#58155;<\/span><\/a> \u00a0\u00a0\u00a0<a href=\"https:\/\/twitter.com\/thetlawfirm\"><span class='icon shortcode   use-hover' style='font-size:16px !important;color:#9c9c9c;'>&#58159;<\/span><\/a> \u00a0\u00a0\u00a0<a href=\"https:\/\/www.youtube.com\/watch?v=vzT5Ss9cNrw\"><span class='icon shortcode   use-hover' style='font-size:16px !important;color:#9c9c9c;'>&#58165;<\/span><\/a> <div class=\"push\" style='height:20px'><\/div><\/div><\/div><\/div><\/div>\n<div class=\"row \"><div class=\"wpv-grid grid-1-1  wpv-first-level first has-background extended\" style=\"background-color:#f5f5f5;padding-top:60px;padding-bottom:30px\" id=\"wpv-column-42416ab4458e5401e7e496c4ba47a33e\" ><div class=\"extended-column-inner\"><style>#wpv-column-42416ab4458e5401e7e496c4ba47a33e p,#wpv-column-42416ab4458e5401e7e496c4ba47a33e em,#wpv-column-42416ab4458e5401e7e496c4ba47a33e .column-title,#wpv-column-42416ab4458e5401e7e496c4ba47a33e .sep-text h2.regular-title-wrapper,#wpv-column-42416ab4458e5401e7e496c4ba47a33e .text-divider-double,#wpv-column-42416ab4458e5401e7e496c4ba47a33e .sep-text .sep-text-line,#wpv-column-42416ab4458e5401e7e496c4ba47a33e .sep,#wpv-column-42416ab4458e5401e7e496c4ba47a33e .sep-2,#wpv-column-42416ab4458e5401e7e496c4ba47a33e .sep-3,#wpv-column-42416ab4458e5401e7e496c4ba47a33e td,#wpv-column-42416ab4458e5401e7e496c4ba47a33e th,#wpv-column-42416ab4458e5401e7e496c4ba47a33e caption{color:#767676;}#wpv-column-42416ab4458e5401e7e496c4ba47a33e:before{background-color:transparent;}<\/style><div class=\"row \"><div class=\"wpv-grid grid-1-1  first unextended animation-from-bottom animated-active\" style=\"padding-top:0px;padding-bottom:0px\" id=\"wpv-column-6edc32c154155027e7b45a514c3a5a01\" ><p>\n<div class=\"wpcf7 no-js\" id=\"wpcf7-f10231-o1\" lang=\"en-US\" dir=\"ltr\" data-wpcf7-id=\"10231\">\n<div class=\"screen-reader-response\"><p role=\"status\" aria-live=\"polite\" aria-atomic=\"true\"><\/p> <ul><\/ul><\/div>\n<form action=\"\/pt-br\/wp-json\/wp\/v2\/pages\/10145#wpcf7-f10231-o1\" method=\"post\" class=\"wpcf7-form init\" aria-label=\"Contact form\" novalidate=\"novalidate\" data-status=\"init\">\n<div style=\"display: none;\">\n<input type=\"hidden\" name=\"_wpcf7\" value=\"10231\" \/>\n<input type=\"hidden\" name=\"_wpcf7_version\" value=\"6.0.6\" \/>\n<input type=\"hidden\" name=\"_wpcf7_locale\" value=\"en_US\" \/>\n<input type=\"hidden\" name=\"_wpcf7_unit_tag\" value=\"wpcf7-f10231-o1\" \/>\n<input type=\"hidden\" name=\"_wpcf7_container_post\" value=\"0\" \/>\n<input type=\"hidden\" name=\"_wpcf7_posted_data_hash\" value=\"\" \/>\n<\/div>\n<div class=\"row\">\n\t<div class=\"grid-1-3\">\n\t\t<p><span class=\"wpcf7-form-control-wrap\" data-name=\"Name\"><input size=\"40\" maxlength=\"400\" class=\"wpcf7-form-control wpcf7-text wpcf7-validates-as-required\" aria-required=\"true\" aria-invalid=\"false\" placeholder=\"Nome\" value=\"\" type=\"text\" name=\"Name\" \/><\/span>\n\t\t<\/p>\n\t<\/div>\n\t<div class=\"grid-1-3\">\n\t\t<p><span class=\"wpcf7-form-control-wrap\" data-name=\"E-mail\"><input size=\"40\" maxlength=\"400\" class=\"wpcf7-form-control wpcf7-text wpcf7-validates-as-required\" aria-required=\"true\" aria-invalid=\"false\" placeholder=\"E-mail\" value=\"\" type=\"text\" name=\"E-mail\" \/><\/span>\n\t\t<\/p>\n\t<\/div>\n\t<div class=\"grid-1-3\">\n\t\t<p><span class=\"wpcf7-form-control-wrap\" data-name=\"Phone\"><input size=\"40\" maxlength=\"400\" class=\"wpcf7-form-control wpcf7-text\" aria-invalid=\"false\" placeholder=\"Telefone\" value=\"\" type=\"text\" name=\"Phone\" \/><\/span>\n\t\t<\/p>\n\t<\/div>\n\t<div class=\"grid-1-1\">\n\t\t<p><span class=\"wpcf7-form-control-wrap\" data-name=\"Subject\"><input size=\"40\" maxlength=\"400\" class=\"wpcf7-form-control wpcf7-text wpcf7-validates-as-required\" aria-required=\"true\" aria-invalid=\"false\" placeholder=\"Assent\" value=\"\" type=\"text\" name=\"Subject\" \/><\/span>\n\t\t<\/p>\n\t<\/div>\n\t<div class=\"grid-1-1\">\n\t\t<p><span class=\"wpcf7-form-control-wrap\" data-name=\"Message\"><textarea cols=\"40\" rows=\"6\" maxlength=\"2000\" class=\"wpcf7-form-control wpcf7-textarea wpcf7-validates-as-required\" aria-required=\"true\" aria-invalid=\"false\" placeholder=\"Sua mensagem...\" name=\"Message\"><\/textarea><\/span>\n\t\t<\/p>\n\t<\/div>\n\t<div style= \"text-align: center;\">\n\t\t<p><input class=\"wpcf7-form-control wpcf7-submit has-spinner\" type=\"submit\" value=\"Enviar mensagem \u2192\" \/>\n\t\t<\/p>\n\t<\/div>\n<\/div><div class=\"wpcf7-response-output\" aria-hidden=\"true\"><\/div>\n<\/form>\n<\/div>\n<\/div><\/div><\/div><\/div><\/div>\n","protected":false},"excerpt":{"rendered":"<p>Solu\u00e7\u00f5es Jur\u00eddicas Pr\u00e1ticas, Inovadoras e Modernas 7900 Oak Lane, Suite 400 Miami Lakes, FL 33016 Mapa\u00a0\u2192 DIAS DE SEMANA: 8:30AM \u2013 7:00PM S\u00c1BADO: 09:00AM-5:00PM DOMINGO: FECHADO calero@TheTLawFirm.com Tel: 1.877.900.8522 Fax: 305.239.8770 \u00a0\u00a0\u00a0 \u00a0\u00a0\u00a0<\/p>\n","protected":false},"author":1,"featured_media":0,"parent":0,"menu_order":3,"comment_status":"closed","ping_status":"closed","template":"","meta":{"footnotes":""},"class_list":["post-10145","page","type-page","status-publish","hentry"],"aioseo_notices":[],"_links":{"self":[{"href":"https:\/\/thetlawfirm.com\/pt-br\/wp-json\/wp\/v2\/pages\/10145","targetHints":{"allow":["GET"]}}],"collection":[{"href":"https:\/\/thetlawfirm.com\/pt-br\/wp-json\/wp\/v2\/pages"}],"about":[{"href":"https:\/\/thetlawfirm.com\/pt-br\/wp-json\/wp\/v2\/types\/page"}],"author":[{"embeddable":true,"href":"https:\/\/thetlawfirm.com\/pt-br\/wp-json\/wp\/v2\/users\/1"}],"replies":[{"embeddable":true,"href":"https:\/\/thetlawfirm.com\/pt-br\/wp-json\/wp\/v2\/comments?post=10145"}],"version-history":[{"count":7,"href":"https:\/\/thetlawfirm.com\/pt-br\/wp-json\/wp\/v2\/pages\/10145\/revisions"}],"predecessor-version":[{"id":10345,"href":"https:\/\/thetlawfirm.com\/pt-br\/wp-json\/wp\/v2\/pages\/10145\/revisions\/10345"}],"wp:attachment":[{"href":"https:\/\/thetlawfirm.com\/pt-br\/wp-json\/wp\/v2\/media?parent=10145"}],"curies":[{"name":"wp","href":"https:\/\/api.w.org\/{rel}","templated":true}]}}