{"id":10149,"date":"2014-04-23T10:43:32","date_gmt":"2014-04-23T10:43:32","guid":{"rendered":"http:\/\/thetlawfirm.com\/testimonials-2\/"},"modified":"2015-05-25T10:04:16","modified_gmt":"2015-05-25T10:04:16","slug":"depoimentos","status":"publish","type":"page","link":"https:\/\/thetlawfirm.com\/pt-br\/depoimentos\/","title":{"rendered":"Depoimentos"},"content":{"rendered":"<div class=\"row \"><div class=\"wpv-grid grid-1-1  wpv-first-level first unextended animation-from-bottom animated-active\" style=\"padding-top:0px;padding-bottom:0px\" id=\"wpv-column-7ee9bc6e512026859e75eeb9c899a878\" >\t\t<h2 class=\"text-divider-double\">\t\t\tO que nossos clientes dizem?\t\t<\/h2>\t\t<div class=\"sep\"><\/div>\t<div class=\"vamtam-cubeportfolio cbp cbp-slider-edge vamtam-testimonials-slider\" data-options=\"{&quot;layoutMode&quot;:&quot;slider&quot;,&quot;drag&quot;:true,&quot;auto&quot;:true,&quot;autoTimeout&quot;:5000,&quot;autoPauseOnHover&quot;:true,&quot;showNavigation&quot;:false,&quot;showPagination&quot;:true,&quot;rewindNav&quot;:true,&quot;scrollByPage&quot;:false,&quot;gridAdjustment&quot;:&quot;responsive&quot;,&quot;mediaQueries&quot;:[{&quot;width&quot;:1,&quot;cols&quot;:1}],&quot;gapHorizontal&quot;:0,&quot;gapVertical&quot;:0,&quot;caption&quot;:&quot;&quot;,&quot;displayType&quot;:&quot;default&quot;}\"><div class=\"cbp-item\"><blockquote class='clearfix small simple'><div class=\"quote-thumbnail\"><strong class='quote-title'><span class='the-title'>MITCH RODRIGUEZ &#8211; Vice President, Brickell Travel Management<\/span><\/strong><\/div><div class='quote-text'><div class=\"quote-content\"><div class=\"vamtam-font-style-1 with-color\"> N\u00f3s os recomendamos.<\/div>\r\n<span class='icon shortcode   use-hover' style='font-size:20px !important;color:#C7A95F;'>&#57864;<\/span>\u00a0<span class='icon shortcode   use-hover' style='font-size:20px !important;color:#C7A95F;'>&#57864;<\/span>\u00a0<span class='icon shortcode   use-hover' style='font-size:20px !important;color:#C7A95F;'>&#57864;<\/span>\u00a0<span class='icon shortcode   use-hover' style='font-size:20px !important;color:#C7A95F;'>&#57864;<\/span>\u00a0<span class='icon shortcode   use-hover' style='font-size:20px !important;color:#C7A95F;'>&#57864;<\/span>\r\n\r\nAtualmente estamos ampliando nossas opera\u00e7\u00f5es em v\u00e1rios pa\u00edses da Am\u00e9rica Latina e precis\u00e1vamos urgentemente de uma empresa que pudesse nos ajudar a colocar em ordem uma s\u00e9rie de acordos legais com diferentes parceiros que seriam chave para nossas novas opera\u00e7\u00f5es. Transacional Law Firm of Florida foi capaz de fornecer rapidamente consultoria jur\u00eddica e criar diversos acordos internacionais para nos ajudar a minimizar os riscos envolvidos, permitindo assim que continu\u00e1ssemos avan\u00e7ando de acordo com o prazo previsto. Eles tamb\u00e9m t\u00eam nos ajudado internamente. J\u00e1 que o nosso crescimento t\u00eam sido r\u00e1pido, eles nos ajudaram fornecendo consultoria legal no momento de gerenciar riscos com os nossos funcion\u00e1rios assim como tamb\u00e9m com fornecedores e prestadores de servi\u00e7os. A postura pr\u00f3-ativa do Transactional Law Firm of Florida pode ajudar qualquer empresa a evitar erros que poderiam representar milh\u00f5es de d\u00f3lares em perdas. N\u00f3s, sem d\u00favida, os recomendamos.\r\n<\/div><\/div><\/blockquote>\n<\/div><div class=\"cbp-item\"><blockquote class='clearfix small simple'><div class=\"quote-thumbnail\"><strong class='quote-title'><span class='the-title'>PATRICIO &#038; ANABEL CASTILLA &#8211; Small Business Owners<\/span><\/strong><\/div><div class='quote-text'><div class=\"quote-content\"><div class=\"vamtam-font-style-1 with-color\"> Experiente, profissional e amig\u00e1vel, eu o recomendo.<\/div><br>\r\n\r\n<span class='icon shortcode   use-hover' style='font-size:20px !important;color:#C7A95F;'>&#57864;<\/span>\u00a0<span class='icon shortcode   use-hover' style='font-size:20px !important;color:#C7A95F;'>&#57864;<\/span>\u00a0<span class='icon shortcode   use-hover' style='font-size:20px !important;color:#C7A95F;'>&#57864;<\/span>\u00a0<span class='icon shortcode   use-hover' style='font-size:20px !important;color:#C7A95F;'>&#57864;<\/span>\u00a0<span class='icon shortcode   use-hover' style='font-size:20px !important;color:#C7A95F;'>&#57864;<\/span>\r\n\r\nNo momento de criar o meu contrato, o advogado F. Antonio Calero se mostrou muito experiente e eficaz. Como um novo empres\u00e1rio, estava preocupada sobre o que deveria incluir ou n\u00e3o no meu contrato de sociedade. Fidel me explicou o processo passo a passo e acabou com as minhas preocupa\u00e7\u00f5es. Ele foi amig\u00e1vel, profissional e sempre dispon\u00edvel para responder \u00e0s minhas perguntas e me ensinar sobre o processo. Ele foi muito cuidadoso aos detalhes no momento de rever o meu contrato. Ele dedicou o seu tempo para me explicar todos os aspectos legais do contrato e discutir todas as minhas op\u00e7\u00f5es e poss\u00edveis resultados. Eu o recomendaria para qualquer pessoa, sem d\u00favida!\r\n<\/div><\/div><\/blockquote>\n<\/div><div class=\"cbp-item\"><blockquote class='clearfix small simple'><div class=\"quote-thumbnail\"><strong class='quote-title'><span class='the-title'>CARLOS PATINO &#8211; Logistics Manager<\/span><\/strong><\/div><div class='quote-text'><div class=\"quote-content\"><div class=\"vamtam-font-style-1 with-color\"> Familiar, profissional e honesto. <\/div>\r\n<span class='icon shortcode   use-hover' style='font-size:20px !important;color:#C7A95F;'>&#57864;<\/span>\u00a0<span class='icon shortcode   use-hover' style='font-size:20px !important;color:#C7A95F;'>&#57864;<\/span>\u00a0<span class='icon shortcode   use-hover' style='font-size:20px !important;color:#C7A95F;'>&#57864;<\/span>\u00a0<span class='icon shortcode   use-hover' style='font-size:20px !important;color:#C7A95F;'>&#57864;<\/span>\u00a0<span class='icon shortcode   use-hover' style='font-size:20px !important;color:#C7A95F;'>&#57864;<\/span>\r\n\r\nO trabalho do advogado Calero \u00e9 \u00fanico. Ele teve uma postura integra e honesta em todas as suas a\u00e7\u00f5es. O ambiente familiar nos fez sentir como se ele n\u00e3o fosse somente nosso advogado, mas parte da fam\u00edlia. N\u00e3o recomendaria nenhuma outra pessoa para desempenhar as fun\u00e7\u00f5es da sua empresa. Integridade, profissionalismo e honestidade s\u00e3o qualidades dif\u00edceis de encontrar hoje em dia e o Transactional Law Firm of Florida atrav\u00e9s do advogado F. Antonio Calero, possui todas elas!\r\n<\/div><\/div><\/blockquote>\n<\/div><div class=\"cbp-item\"><blockquote class='clearfix small simple'><div class='quote-text'><div class=\"quote-content\"><div class=\"vamtam-font-style-1 with-color\">Sem d\u00favida, utilizaremos os seus servi\u00e7os novamente.<\/div><br>\r\n&nbsp;\r\n\r\n<span class='icon shortcode   use-hover' style='font-size:20px !important;color:#C7A95F;'>&#57864;<\/span>\u00a0<span class='icon shortcode   use-hover' style='font-size:20px !important;color:#C7A95F;'>&#57864;<\/span>\u00a0<span class='icon shortcode   use-hover' style='font-size:20px !important;color:#C7A95F;'>&#57864;<\/span>\u00a0<span class='icon shortcode   use-hover' style='font-size:20px !important;color:#C7A95F;'>&#57864;<\/span>\u00a0<span class='icon shortcode   use-hover' style='font-size:20px !important;color:#C7A95F;'>&#57864;<\/span>\r\n\r\nMinha esposa e eu possu\u00edmos um pequeno neg\u00f3cio e est\u00e1vamos tendo problemas com o propriet\u00e1rio do nosso escrit\u00f3rio comercial. N\u00f3s consultamos o caso com o advogado Calero e ele foi extremamente atencioso e profissional na hora de lidar com as nossas preocupa\u00e7\u00f5es. Ele \u00e9 muito experiente e foi r\u00e1pido em responder nossos e-mails e telefonemas, nos fazendo sentir como nosso caso importasse para ele. Com certeza, utilizaremos os servi\u00e7os da sua empresa novamente.<div class=\"only-title\"><strong class='quote-title'><span class='the-title'>ALELI LAURIA-PADIN &#8211; Farm To Kitchen<\/span><\/strong><\/div><\/div><\/div><\/blockquote>\n<\/div><\/div><\/div><\/div>\n","protected":false},"excerpt":{"rendered":"<p>Sem d\u00favida, utilizaremos os seus servi\u00e7os novamente. &nbsp; \u00a0\u00a0\u00a0\u00a0 Minha esposa e eu possu\u00edmos um pequeno neg\u00f3cio e est\u00e1vamos tendo problemas com o propriet\u00e1rio do nosso escrit\u00f3rio comercial. N\u00f3s consultamos o caso com o advogado Calero e ele foi extremamente atencioso e profissional na hora de lidar com as nossas preocupa\u00e7\u00f5es. Ele \u00e9 muito experiente&#8230;<\/p>\n","protected":false},"author":1,"featured_media":0,"parent":0,"menu_order":0,"comment_status":"open","ping_status":"open","template":"guestbook.php","meta":{"footnotes":""},"class_list":["post-10149","page","type-page","status-publish","hentry"],"aioseo_notices":[],"_links":{"self":[{"href":"https:\/\/thetlawfirm.com\/pt-br\/wp-json\/wp\/v2\/pages\/10149","targetHints":{"allow":["GET"]}}],"collection":[{"href":"https:\/\/thetlawfirm.com\/pt-br\/wp-json\/wp\/v2\/pages"}],"about":[{"href":"https:\/\/thetlawfirm.com\/pt-br\/wp-json\/wp\/v2\/types\/page"}],"author":[{"embeddable":true,"href":"https:\/\/thetlawfirm.com\/pt-br\/wp-json\/wp\/v2\/users\/1"}],"replies":[{"embeddable":true,"href":"https:\/\/thetlawfirm.com\/pt-br\/wp-json\/wp\/v2\/comments?post=10149"}],"version-history":[{"count":2,"href":"https:\/\/thetlawfirm.com\/pt-br\/wp-json\/wp\/v2\/pages\/10149\/revisions"}],"predecessor-version":[{"id":10261,"href":"https:\/\/thetlawfirm.com\/pt-br\/wp-json\/wp\/v2\/pages\/10149\/revisions\/10261"}],"wp:attachment":[{"href":"https:\/\/thetlawfirm.com\/pt-br\/wp-json\/wp\/v2\/media?parent=10149"}],"curies":[{"name":"wp","href":"https:\/\/api.w.org\/{rel}","templated":true}]}}